{"id":5699,"date":"2023-03-24T20:10:37","date_gmt":"2023-03-24T20:10:37","guid":{"rendered":"https:\/\/portosma.com.br\/?page_id=5699"},"modified":"2026-03-31T00:08:59","modified_gmt":"2026-03-31T00:08:59","slug":"resultados-dos-gps-da-formula-um-ano-de-2023","status":"publish","type":"page","link":"https:\/\/portosma.com.br\/index.php\/resultados-dos-gps-da-formula-um-ano-de-2023\/","title":{"rendered":"F\u00f3rmula Um 2026: Resultados de todos os GPs"},"content":{"rendered":"<h5><strong><span style=\"color: #800000;\"><span style=\"color: #000000;\">GP 01 &#8211;&nbsp; DA AUSTR\u00c1LIA: 08.03.2026<\/span><\/span><\/strong><\/h5>\n<p><strong><span style=\"color: #800000;\"><em><img fetchpriority=\"high\" decoding=\"async\" class=\"size-medium wp-image-28691 alignleft\" src=\"https:\/\/portosma.com.br\/wp-content\/uploads\/2026\/03\/AUSTRALIA-600-300x180.jpg\" alt=\"\" width=\"300\" height=\"180\" srcset=\"https:\/\/portosma.com.br\/wp-content\/uploads\/2026\/03\/AUSTRALIA-600-300x180.jpg 300w, https:\/\/portosma.com.br\/wp-content\/uploads\/2026\/03\/AUSTRALIA-600.jpg 600w\" sizes=\"(max-width: 300px) 100vw, 300px\" \/>Podium do GP da Austr\u00e1lia: George Russel, da Mercedes, ao ao lado de Kimi Antonelli e Charles Leclerc<\/em><\/span><\/strong><\/p>\n<p>01 &#8211; George Russel, da Mercedes &#8211; 25 pontos<br \/>\n02 &#8211; Kimi Antonelli, da Mercedes &#8211; 18 pontos<br \/>\n03 &#8211; Charles Leclerc, da Ferrari &#8211; 15 pontos<br \/>\n04 &#8211; Lewis Hamilton. da Ferrari &#8211; 12 pontos<br \/>\n05 &#8211; Lando Norris, da McLaren &#8211; 10 pontos<br \/>\n06 &#8211; Max Verstappen, da Red Bull&nbsp;&#8211; 8 pontos<br \/>\n07 &#8211; Oliver Bearman, da Haas&nbsp;&#8211; 6 pontos<br \/>\n08 &#8211; Arvid Lindblad, da Racing Bulls &#8211; 4 pontos<br \/>\n09 &#8211; Gabriel Bortoleto, da Audi &#8211; 2 pontos<br \/>\n10 &#8211; Pierre Gasly, da Alp\u00edne &#8211; 1 ponto<\/p>\n<p><span style=\"color: #808080;\"><strong>N\u00c3O PONTUARAM<\/strong><\/span><br \/>\n11 &#8211; Esteban Ocon, da Haas<br \/>\n12 &#8211; Alexander Albon, da Williams<br \/>\n13 &#8211; Liam Lawson, da Racing Bulls<br \/>\n14 &#8211; Franco Colapinto, da Alpine<br \/>\n15 &#8211; Carlos Sainz, da Williams<br \/>\n16 &#8211; S\u00e9rgio Perez, da Cadillac<br \/>\n17 &#8211; Lance Stroll, da Aston Martin<br \/>\n18 &#8211; Fernando Alonso, da Aston Martin *abandonou<br \/>\n19 &#8211; Valteris Bottas, da Cadillac <span style=\"color: #800000;\">*abandonou<\/span><br \/>\n20 &#8211; Isack Hadjar, da Red Bull <span style=\"color: #800000;\">*abandonou<\/span><br \/>\n21 &#8211; Nico Hulkenberg, da Audi <span style=\"color: #800000;\">*n\u00e3o largou<\/span><br \/>\n22 &#8211; Oscar Piastri, da McLaren<span style=\"color: #800000;\"> *n\u00e3o largou<\/span><\/p>\n<h5><strong><span style=\"color: #800000;\"><span style=\"color: #000000;\">GP 02 &#8211; CHINA \/ 15.03.2026<\/span><\/span><\/strong><\/h5>\n<p><strong><span style=\"color: #800000;\"><em><img decoding=\"async\" class=\"size-medium wp-image-28911 alignleft\" src=\"https:\/\/portosma.com.br\/wp-content\/uploads\/2026\/03\/GP-CHINA-01-300x204.jpg\" alt=\"\" width=\"300\" height=\"204\" srcset=\"https:\/\/portosma.com.br\/wp-content\/uploads\/2026\/03\/GP-CHINA-01-300x204.jpg 300w, https:\/\/portosma.com.br\/wp-content\/uploads\/2026\/03\/GP-CHINA-01-768x522.jpg 768w, https:\/\/portosma.com.br\/wp-content\/uploads\/2026\/03\/GP-CHINA-01.jpg 900w\" sizes=\"(max-width: 300px) 100vw, 300px\" \/>Podium do GP da China:&nbsp; Kimi Antonelli, com George Russel, tamb\u00e9m da Mercedes e Lewis Hamilton, no seu primeiro podium desde que ingressou na Ferrari em 2025.<\/em><\/span><\/strong><\/p>\n<p>01 &#8211; Kimi Antonelli, da Mercedes &#8211; 25 pontos<br \/>\n02 &#8211; George Russel, da Mercedes &#8211; 18 pontos<br \/>\n03 &#8211; Lewis Hamilton. da Ferrari &#8211; 15 pontos<br \/>\n04 &#8211; Charles Leclerc, da Ferrari &#8211; 12 pontos<br \/>\n05 &#8211; Oliver Bearman, da Haas &#8211; 10 pontos<br \/>\n06 &#8211; Pierre Gasly, da Alp\u00edne &#8211; 8 pontos<br \/>\n07 &#8211; Liam Lawson, da Racing Bulls&nbsp;&#8211; 6 pontos<br \/>\n08- Isack Hadjar, da Red Bull &#8211; 4 pontos<br \/>\n09 &#8211; Carlos Sainz, da Williams &#8211; 2 pontos<br \/>\n10 &#8211; Franco Colapinto, da Alpine &#8211; 1 ponto<\/p>\n<p>N\u00c3O PONTUARAM<br \/>\n11 &#8211; Nico Hulkenberg, da Audi<br \/>\n12 &#8211; Arvid Lindblad, da Racing Bulls<br \/>\n13 &#8211; Valteris Bottas, da Cadillac<br \/>\n14 &#8211; Esteban Ocon, da Haas<br \/>\n15 &#8211; Carlos Sainz, da Williams<br \/>\n16 &#8211; Max Verstappen, da Red Bull*abandonou<br \/>\n17 &#8211; Fernando Alonso, da Aston Martin*abandonou<br \/>\n18 &#8211; Lance Stroll, da Aston Martin*abandonou<br \/>\n19 &#8211; Oscar Piastri, da McLaren*n\u00e3o largou<br \/>\n20 &#8211; Lando Norris, da McLaren*n\u00e3o largou<br \/>\n21 &#8211; Gabriel Bortoleto, da Audi*n\u00e3o largou<br \/>\n22 &#8211; Esteban Ocon, da Haas*n\u00e3o largou<\/p>\n<h5><strong><span style=\"color: #800000;\"><span style=\"color: #000000;\">GP 03 &#8211; JAP\u00c3O: 28.03.2026<\/span><\/span><\/strong><\/h5>\n<p><strong><span style=\"color: #800000;\"><em><img decoding=\"async\" class=\"size-medium wp-image-29229 alignleft\" src=\"https:\/\/portosma.com.br\/wp-content\/uploads\/2026\/03\/GP-JAPAO-901-300x200.jpg\" alt=\"\" width=\"300\" height=\"200\" srcset=\"https:\/\/portosma.com.br\/wp-content\/uploads\/2026\/03\/GP-JAPAO-901-300x200.jpg 300w, https:\/\/portosma.com.br\/wp-content\/uploads\/2026\/03\/GP-JAPAO-901.jpg 600w\" sizes=\"(max-width: 300px) 100vw, 300px\" \/>Podium do GP do Jap\u00e3o:&nbsp; Kimi Antonelli, com Oscar Piastri, da McLaren, e Charles Leclerc, da Ferrari.<\/em><\/span><\/strong><\/p>\n<p>01 &#8211; Kimi Antonelli, da Mercedes &#8211; 25 pontos<br \/>\n02 &#8211; Oscar Piastri, da McLaren &#8211; 18 pontos<br \/>\n03 &#8211; Charles Leclerc, da Ferrari &#8211; 15 pontos<br \/>\n04 &#8211; George Russel, da Mercedes &#8211; 12 pontos<br \/>\n05 &#8211; Lando Norris, da McLaren &#8211; 10 pontos<br \/>\n06 &#8211; Lewis Hamilton. da Ferrari &#8211; 8 pontos<br \/>\n07 &#8211; Pierre Gasly, da Alp\u00edne&nbsp;&#8211; 6 pontos<br \/>\n08 &#8211; Max Verstappen, da Red Bull &#8211; 4 pontos<br \/>\n09 &#8211; Liam Lawson, da Racing Bulls &#8211; 2 pontos<br \/>\n10 &#8211; Esteban Ocon, da Haas &#8211; 1 ponto<\/p>\n<p><span style=\"color: #808080;\"><strong>N\u00c3O PONTUARAM<\/strong><\/span><br \/>\n11 &#8211; Nico Hulkenberg, da Audi<br \/>\n12 &#8211; Isack Hadjar, da Red Bull<br \/>\n13 &#8211; Gabriel Bortoleto, da Audi<br \/>\n14 &#8211; Arvid Lindblad, da Racing Bulls<br \/>\n15 Carlos Sainz, da Williams<br \/>\n16 &#8211; Franco Colapinto, da Alpine<br \/>\n17 &#8211; S\u00e9rgio Perez, da Cadillac<br \/>\n18 &#8211; Fernando Alonso, da Aston Martin<br \/>\n19 &#8211; Valteris Bottas, da Cadillac<br \/>\n20 &#8211; Alexander Albon, da Williams<br \/>\n21 &#8211; Lance Stroll, da Aston Martin*abandonou<br \/>\n22 &#8211; Oliver Bearman, da Haas*abandonou<\/p>\n","protected":false},"excerpt":{"rendered":"<p>GP 01 &#8211;&nbsp; DA AUSTR\u00c1LIA: 08.03.2026 Podium do GP da Austr\u00e1lia: George Russel, da Mercedes, ao ao lado de Kimi Antonelli e Charles Leclerc 01 &#8211; George Russel, da Mercedes &#8211; 25 pontos 02 &#8211; Kimi Antonelli, da Mercedes &#8211; 18 pontos 03 &#8211; Charles Leclerc, da Ferrari &#8211; 15 pontos 04 &#8211; Lewis Hamilton. [&hellip;]<\/p>\n","protected":false},"author":1,"featured_media":0,"parent":0,"menu_order":0,"comment_status":"closed","ping_status":"closed","template":"","meta":{"_editorskit_title_hidden":false,"_editorskit_reading_time":0,"_editorskit_is_block_options_detached":false,"_editorskit_block_options_position":"{}","ngg_post_thumbnail":0,"footnotes":""},"class_list":["post-5699","page","type-page","status-publish","hentry"],"yoast_head":"<!-- This site is optimized with the Yoast SEO plugin v22.5 - https:\/\/yoast.com\/wordpress\/plugins\/seo\/ -->\n<title>F\u00f3rmula Um 2026: Resultados de todos os GPs - Portosma<\/title>\n<meta name=\"robots\" content=\"index, follow, max-snippet:-1, max-image-preview:large, max-video-preview:-1\" \/>\n<link rel=\"canonical\" href=\"https:\/\/portosma.com.br\/index.php\/resultados-dos-gps-da-formula-um-ano-de-2023\/\" \/>\n<meta property=\"og:locale\" content=\"pt_BR\" \/>\n<meta property=\"og:type\" content=\"article\" \/>\n<meta property=\"og:title\" content=\"F\u00f3rmula Um 2026: Resultados de todos os GPs - Portosma\" \/>\n<meta property=\"og:description\" content=\"GP 01 &#8211;&nbsp; DA AUSTR\u00c1LIA: 08.03.2026 Podium do GP da Austr\u00e1lia: George Russel, da Mercedes, ao ao lado de Kimi Antonelli e Charles Leclerc 01 &#8211; George Russel, da Mercedes &#8211; 25 pontos 02 &#8211; Kimi Antonelli, da Mercedes &#8211; 18 pontos 03 &#8211; Charles Leclerc, da Ferrari &#8211; 15 pontos 04 &#8211; Lewis Hamilton. [&hellip;]\" \/>\n<meta property=\"og:url\" content=\"https:\/\/portosma.com.br\/index.php\/resultados-dos-gps-da-formula-um-ano-de-2023\/\" \/>\n<meta property=\"og:site_name\" content=\"Portosma\" \/>\n<meta property=\"article:modified_time\" content=\"2026-03-31T00:08:59+00:00\" \/>\n<meta property=\"og:image\" content=\"https:\/\/portosma.com.br\/wp-content\/uploads\/2026\/03\/AUSTRALIA-600-300x180.jpg\" \/>\n<meta name=\"twitter:card\" content=\"summary_large_image\" \/>\n<meta name=\"twitter:label1\" content=\"Est. tempo de leitura\" \/>\n\t<meta name=\"twitter:data1\" content=\"4 minutos\" \/>\n<script type=\"application\/ld+json\" class=\"yoast-schema-graph\">{\"@context\":\"https:\/\/schema.org\",\"@graph\":[{\"@type\":\"WebPage\",\"@id\":\"https:\/\/portosma.com.br\/index.php\/resultados-dos-gps-da-formula-um-ano-de-2023\/\",\"url\":\"https:\/\/portosma.com.br\/index.php\/resultados-dos-gps-da-formula-um-ano-de-2023\/\",\"name\":\"F\u00f3rmula Um 2026: Resultados de todos os GPs - Portosma\",\"isPartOf\":{\"@id\":\"https:\/\/portosma.com.br\/#website\"},\"primaryImageOfPage\":{\"@id\":\"https:\/\/portosma.com.br\/index.php\/resultados-dos-gps-da-formula-um-ano-de-2023\/#primaryimage\"},\"image\":{\"@id\":\"https:\/\/portosma.com.br\/index.php\/resultados-dos-gps-da-formula-um-ano-de-2023\/#primaryimage\"},\"thumbnailUrl\":\"https:\/\/portosma.com.br\/wp-content\/uploads\/2026\/03\/AUSTRALIA-600-300x180.jpg\",\"datePublished\":\"2023-03-24T20:10:37+00:00\",\"dateModified\":\"2026-03-31T00:08:59+00:00\",\"breadcrumb\":{\"@id\":\"https:\/\/portosma.com.br\/index.php\/resultados-dos-gps-da-formula-um-ano-de-2023\/#breadcrumb\"},\"inLanguage\":\"pt-BR\",\"potentialAction\":[{\"@type\":\"ReadAction\",\"target\":[\"https:\/\/portosma.com.br\/index.php\/resultados-dos-gps-da-formula-um-ano-de-2023\/\"]}]},{\"@type\":\"ImageObject\",\"inLanguage\":\"pt-BR\",\"@id\":\"https:\/\/portosma.com.br\/index.php\/resultados-dos-gps-da-formula-um-ano-de-2023\/#primaryimage\",\"url\":\"https:\/\/portosma.com.br\/wp-content\/uploads\/2026\/03\/AUSTRALIA-600.jpg\",\"contentUrl\":\"https:\/\/portosma.com.br\/wp-content\/uploads\/2026\/03\/AUSTRALIA-600.jpg\",\"width\":600,\"height\":360},{\"@type\":\"BreadcrumbList\",\"@id\":\"https:\/\/portosma.com.br\/index.php\/resultados-dos-gps-da-formula-um-ano-de-2023\/#breadcrumb\",\"itemListElement\":[{\"@type\":\"ListItem\",\"position\":1,\"name\":\"In\u00edcio\",\"item\":\"https:\/\/portosma.com.br\/\"},{\"@type\":\"ListItem\",\"position\":2,\"name\":\"F\u00f3rmula Um 2026: Resultados de todos os GPs\"}]},{\"@type\":\"WebSite\",\"@id\":\"https:\/\/portosma.com.br\/#website\",\"url\":\"https:\/\/portosma.com.br\/\",\"name\":\"Portosma\",\"description\":\"Um site de not\u00edcias\",\"publisher\":{\"@id\":\"https:\/\/portosma.com.br\/#organization\"},\"potentialAction\":[{\"@type\":\"SearchAction\",\"target\":{\"@type\":\"EntryPoint\",\"urlTemplate\":\"https:\/\/portosma.com.br\/?s={search_term_string}\"},\"query-input\":\"required name=search_term_string\"}],\"inLanguage\":\"pt-BR\"},{\"@type\":\"Organization\",\"@id\":\"https:\/\/portosma.com.br\/#organization\",\"name\":\"Portosma\",\"alternateName\":\"Portosma\",\"url\":\"https:\/\/portosma.com.br\/\",\"logo\":{\"@type\":\"ImageObject\",\"inLanguage\":\"pt-BR\",\"@id\":\"https:\/\/portosma.com.br\/#\/schema\/logo\/image\/\",\"url\":\"https:\/\/portosma.com.br\/wp-content\/uploads\/2026\/03\/cropped-AD-PORTOSMA.jpg\",\"contentUrl\":\"https:\/\/portosma.com.br\/wp-content\/uploads\/2026\/03\/cropped-AD-PORTOSMA.jpg\",\"width\":400,\"height\":115,\"caption\":\"Portosma\"},\"image\":{\"@id\":\"https:\/\/portosma.com.br\/#\/schema\/logo\/image\/\"}}]}<\/script>\n<!-- \/ Yoast SEO plugin. -->","yoast_head_json":{"title":"F\u00f3rmula Um 2026: Resultados de todos os GPs - Portosma","robots":{"index":"index","follow":"follow","max-snippet":"max-snippet:-1","max-image-preview":"max-image-preview:large","max-video-preview":"max-video-preview:-1"},"canonical":"https:\/\/portosma.com.br\/index.php\/resultados-dos-gps-da-formula-um-ano-de-2023\/","og_locale":"pt_BR","og_type":"article","og_title":"F\u00f3rmula Um 2026: Resultados de todos os GPs - Portosma","og_description":"GP 01 &#8211;&nbsp; DA AUSTR\u00c1LIA: 08.03.2026 Podium do GP da Austr\u00e1lia: George Russel, da Mercedes, ao ao lado de Kimi Antonelli e Charles Leclerc 01 &#8211; George Russel, da Mercedes &#8211; 25 pontos 02 &#8211; Kimi Antonelli, da Mercedes &#8211; 18 pontos 03 &#8211; Charles Leclerc, da Ferrari &#8211; 15 pontos 04 &#8211; Lewis Hamilton. [&hellip;]","og_url":"https:\/\/portosma.com.br\/index.php\/resultados-dos-gps-da-formula-um-ano-de-2023\/","og_site_name":"Portosma","article_modified_time":"2026-03-31T00:08:59+00:00","og_image":[{"url":"https:\/\/portosma.com.br\/wp-content\/uploads\/2026\/03\/AUSTRALIA-600-300x180.jpg"}],"twitter_card":"summary_large_image","twitter_misc":{"Est. tempo de leitura":"4 minutos"},"schema":{"@context":"https:\/\/schema.org","@graph":[{"@type":"WebPage","@id":"https:\/\/portosma.com.br\/index.php\/resultados-dos-gps-da-formula-um-ano-de-2023\/","url":"https:\/\/portosma.com.br\/index.php\/resultados-dos-gps-da-formula-um-ano-de-2023\/","name":"F\u00f3rmula Um 2026: Resultados de todos os GPs - Portosma","isPartOf":{"@id":"https:\/\/portosma.com.br\/#website"},"primaryImageOfPage":{"@id":"https:\/\/portosma.com.br\/index.php\/resultados-dos-gps-da-formula-um-ano-de-2023\/#primaryimage"},"image":{"@id":"https:\/\/portosma.com.br\/index.php\/resultados-dos-gps-da-formula-um-ano-de-2023\/#primaryimage"},"thumbnailUrl":"https:\/\/portosma.com.br\/wp-content\/uploads\/2026\/03\/AUSTRALIA-600-300x180.jpg","datePublished":"2023-03-24T20:10:37+00:00","dateModified":"2026-03-31T00:08:59+00:00","breadcrumb":{"@id":"https:\/\/portosma.com.br\/index.php\/resultados-dos-gps-da-formula-um-ano-de-2023\/#breadcrumb"},"inLanguage":"pt-BR","potentialAction":[{"@type":"ReadAction","target":["https:\/\/portosma.com.br\/index.php\/resultados-dos-gps-da-formula-um-ano-de-2023\/"]}]},{"@type":"ImageObject","inLanguage":"pt-BR","@id":"https:\/\/portosma.com.br\/index.php\/resultados-dos-gps-da-formula-um-ano-de-2023\/#primaryimage","url":"https:\/\/portosma.com.br\/wp-content\/uploads\/2026\/03\/AUSTRALIA-600.jpg","contentUrl":"https:\/\/portosma.com.br\/wp-content\/uploads\/2026\/03\/AUSTRALIA-600.jpg","width":600,"height":360},{"@type":"BreadcrumbList","@id":"https:\/\/portosma.com.br\/index.php\/resultados-dos-gps-da-formula-um-ano-de-2023\/#breadcrumb","itemListElement":[{"@type":"ListItem","position":1,"name":"In\u00edcio","item":"https:\/\/portosma.com.br\/"},{"@type":"ListItem","position":2,"name":"F\u00f3rmula Um 2026: Resultados de todos os GPs"}]},{"@type":"WebSite","@id":"https:\/\/portosma.com.br\/#website","url":"https:\/\/portosma.com.br\/","name":"Portosma","description":"Um site de not\u00edcias","publisher":{"@id":"https:\/\/portosma.com.br\/#organization"},"potentialAction":[{"@type":"SearchAction","target":{"@type":"EntryPoint","urlTemplate":"https:\/\/portosma.com.br\/?s={search_term_string}"},"query-input":"required name=search_term_string"}],"inLanguage":"pt-BR"},{"@type":"Organization","@id":"https:\/\/portosma.com.br\/#organization","name":"Portosma","alternateName":"Portosma","url":"https:\/\/portosma.com.br\/","logo":{"@type":"ImageObject","inLanguage":"pt-BR","@id":"https:\/\/portosma.com.br\/#\/schema\/logo\/image\/","url":"https:\/\/portosma.com.br\/wp-content\/uploads\/2026\/03\/cropped-AD-PORTOSMA.jpg","contentUrl":"https:\/\/portosma.com.br\/wp-content\/uploads\/2026\/03\/cropped-AD-PORTOSMA.jpg","width":400,"height":115,"caption":"Portosma"},"image":{"@id":"https:\/\/portosma.com.br\/#\/schema\/logo\/image\/"}}]}},"_links":{"self":[{"href":"https:\/\/portosma.com.br\/index.php\/wp-json\/wp\/v2\/pages\/5699","targetHints":{"allow":["GET"]}}],"collection":[{"href":"https:\/\/portosma.com.br\/index.php\/wp-json\/wp\/v2\/pages"}],"about":[{"href":"https:\/\/portosma.com.br\/index.php\/wp-json\/wp\/v2\/types\/page"}],"author":[{"embeddable":true,"href":"https:\/\/portosma.com.br\/index.php\/wp-json\/wp\/v2\/users\/1"}],"replies":[{"embeddable":true,"href":"https:\/\/portosma.com.br\/index.php\/wp-json\/wp\/v2\/comments?post=5699"}],"version-history":[{"count":131,"href":"https:\/\/portosma.com.br\/index.php\/wp-json\/wp\/v2\/pages\/5699\/revisions"}],"predecessor-version":[{"id":29239,"href":"https:\/\/portosma.com.br\/index.php\/wp-json\/wp\/v2\/pages\/5699\/revisions\/29239"}],"wp:attachment":[{"href":"https:\/\/portosma.com.br\/index.php\/wp-json\/wp\/v2\/media?parent=5699"}],"curies":[{"name":"wp","href":"https:\/\/api.w.org\/{rel}","templated":true}]}}