{"id":3199,"date":"2023-01-30T19:55:11","date_gmt":"2023-01-30T19:55:11","guid":{"rendered":"https:\/\/portosma.com.br\/?page_id=3199"},"modified":"2023-01-30T20:45:08","modified_gmt":"2023-01-30T20:45:08","slug":"museu-maritimo-da-soamar-maranhao","status":"publish","type":"page","link":"https:\/\/portosma.com.br\/index.php\/museu-maritimo-da-soamar-maranhao\/","title":{"rendered":"MUSEU MAR\u00cdTIMO DA SOAMAR MARANH\u00c3O"},"content":{"rendered":"<p>O museu mar\u00edtimo da Soamar \u2013 Sociedade dos Amigos da Marinha do Estado do Maranh\u00e3o -, composto de mais de mil pe\u00e7as, \u00e9 o resultado de uma parceria com a Capitania dos Portos, Syngamar, ag\u00eancias de navega\u00e7\u00e3o, empresas de Praticagem e, tamb\u00e9m, das empresas ligadas ao setor mar\u00edtimo que contribu\u00edram e contribuem com pe\u00e7as do acervo, estando este em constante crescimento.<\/p>\n<p><img fetchpriority=\"high\" decoding=\"async\" class=\"alignnone wp-image-2335 size-full\" src=\"https:\/\/portosma.com.br\/wp-content\/uploads\/2023\/01\/AM-O1.jpg\" alt=\"\" width=\"1000\" height=\"296\" srcset=\"https:\/\/portosma.com.br\/wp-content\/uploads\/2023\/01\/AM-O1.jpg 1000w, https:\/\/portosma.com.br\/wp-content\/uploads\/2023\/01\/AM-O1-300x89.jpg 300w, https:\/\/portosma.com.br\/wp-content\/uploads\/2023\/01\/AM-O1-768x227.jpg 768w\" sizes=\"(max-width: 1000px) 100vw, 1000px\" \/><\/p>\n<h5><strong><span style=\"color: #993300;\">O Museu fica localizado na sede da Soamar, no Jenipapeiro, no bairro da Camboa, em S\u00e3o lu\u00eds do Maranh\u00e3o. O telefone para agendamento de visitas \u00e9 o (98) 3232 5233.<\/span><\/strong><\/h5>\n<p><span style=\"color: #3366ff;\"><strong>SOAMAR DO MARANH\u00c3O\/HIST\u00d3RIA<\/strong> <\/span>\u2013 Fundada no dia 18 de junho de 1979, a Soamar surgiu como institui\u00e7\u00e3o no Maranh\u00e3o gra\u00e7as ao idealismo de um grupo de pessoas, residentes e domiciliadas em S\u00e3o Lu\u00eds, que agraciados como os primeiros Amigos da Marinha no Maranh\u00e3o, e s\u00f3cios fundadores, se reuniram em Assembleia Geral em uma das salas do por\u00e3o da Capitania dos Portos e criaram a Sociedade Amigos da Marinha do Estado do Maranh\u00e3o. Seu primeiro presidente foi o eminente escritor e jornalista M\u00e1rio Martins Meireles. Figuram como s\u00f3cios fundadores as seguintes personalidades: Luiz da Rocha Porto; Francisco Guimar\u00e3es e Souza; Luiz M\u00e1gno Portella Passos; Jos\u00e9 Duailibe Murad; Elimar Figueiredo de Almeida e Silva; Haroldo Olympio Lisboa Tavares; Moyses Tajra; M\u00e1rio Martins Meireles; Glacimar Ribeiro Marques; Gild\u00e1sio L\u00e9lis Fonseca; Voltare Fraz\u00e3o; Paulo Castelo Branco; Elyr de Jesus Gomes; Benedito Salim Duailibe; Jos\u00e9 Jamenes Calado; Carmelino Mota; Pedro Neiva de<br \/>\nSantana e Alexandre de S\u00e1 Colares Moreira. <strong>Confira a seguir fotos do acervo do Museu Mar\u00edtimo.<\/strong><\/p>\n<p><img decoding=\"async\" class=\"wp-image-3222 size-full aligncenter\" src=\"https:\/\/portosma.com.br\/wp-content\/uploads\/2023\/01\/SOAMAR-MUSEU-1.jpg\" alt=\"\" width=\"800\" height=\"448\" srcset=\"https:\/\/portosma.com.br\/wp-content\/uploads\/2023\/01\/SOAMAR-MUSEU-1.jpg 800w, https:\/\/portosma.com.br\/wp-content\/uploads\/2023\/01\/SOAMAR-MUSEU-1-300x168.jpg 300w, https:\/\/portosma.com.br\/wp-content\/uploads\/2023\/01\/SOAMAR-MUSEU-1-768x430.jpg 768w\" sizes=\"(max-width: 800px) 100vw, 800px\" \/><br \/>\n<img decoding=\"async\" class=\"wp-image-3223 size-full aligncenter\" src=\"https:\/\/portosma.com.br\/wp-content\/uploads\/2023\/01\/SOAMAR-MUSEU-2.jpg\" alt=\"\" width=\"800\" height=\"450\" srcset=\"https:\/\/portosma.com.br\/wp-content\/uploads\/2023\/01\/SOAMAR-MUSEU-2.jpg 800w, https:\/\/portosma.com.br\/wp-content\/uploads\/2023\/01\/SOAMAR-MUSEU-2-300x169.jpg 300w, https:\/\/portosma.com.br\/wp-content\/uploads\/2023\/01\/SOAMAR-MUSEU-2-768x432.jpg 768w\" sizes=\"(max-width: 800px) 100vw, 800px\" \/><br \/>\n<img loading=\"lazy\" decoding=\"async\" class=\"wp-image-3224 size-full aligncenter\" src=\"https:\/\/portosma.com.br\/wp-content\/uploads\/2023\/01\/SOAMAR-MUSEU-3.jpg\" alt=\"\" width=\"800\" height=\"450\" srcset=\"https:\/\/portosma.com.br\/wp-content\/uploads\/2023\/01\/SOAMAR-MUSEU-3.jpg 800w, https:\/\/portosma.com.br\/wp-content\/uploads\/2023\/01\/SOAMAR-MUSEU-3-300x169.jpg 300w, https:\/\/portosma.com.br\/wp-content\/uploads\/2023\/01\/SOAMAR-MUSEU-3-768x432.jpg 768w\" sizes=\"(max-width: 800px) 100vw, 800px\" \/><br \/>\n<img loading=\"lazy\" decoding=\"async\" class=\"wp-image-3225 size-full aligncenter\" src=\"https:\/\/portosma.com.br\/wp-content\/uploads\/2023\/01\/SOAMAR-MUSEU-4.jpg\" alt=\"\" width=\"800\" height=\"450\" srcset=\"https:\/\/portosma.com.br\/wp-content\/uploads\/2023\/01\/SOAMAR-MUSEU-4.jpg 800w, https:\/\/portosma.com.br\/wp-content\/uploads\/2023\/01\/SOAMAR-MUSEU-4-300x169.jpg 300w, https:\/\/portosma.com.br\/wp-content\/uploads\/2023\/01\/SOAMAR-MUSEU-4-768x432.jpg 768w\" sizes=\"(max-width: 800px) 100vw, 800px\" \/><\/p>\n<p><img loading=\"lazy\" decoding=\"async\" class=\"wp-image-3226 size-full aligncenter\" src=\"https:\/\/portosma.com.br\/wp-content\/uploads\/2023\/01\/SOAMAR-MUSEU-5.jpg\" alt=\"\" width=\"800\" height=\"450\" srcset=\"https:\/\/portosma.com.br\/wp-content\/uploads\/2023\/01\/SOAMAR-MUSEU-5.jpg 800w, https:\/\/portosma.com.br\/wp-content\/uploads\/2023\/01\/SOAMAR-MUSEU-5-300x169.jpg 300w, https:\/\/portosma.com.br\/wp-content\/uploads\/2023\/01\/SOAMAR-MUSEU-5-768x432.jpg 768w\" sizes=\"(max-width: 800px) 100vw, 800px\" \/><\/p>\n<p><img loading=\"lazy\" decoding=\"async\" class=\"wp-image-3227 size-full aligncenter\" src=\"https:\/\/portosma.com.br\/wp-content\/uploads\/2023\/01\/SOAMAR-MUSEU-6.jpg\" alt=\"\" width=\"800\" height=\"450\" srcset=\"https:\/\/portosma.com.br\/wp-content\/uploads\/2023\/01\/SOAMAR-MUSEU-6.jpg 800w, https:\/\/portosma.com.br\/wp-content\/uploads\/2023\/01\/SOAMAR-MUSEU-6-300x169.jpg 300w, https:\/\/portosma.com.br\/wp-content\/uploads\/2023\/01\/SOAMAR-MUSEU-6-768x432.jpg 768w\" sizes=\"(max-width: 800px) 100vw, 800px\" \/><br \/>\n<img loading=\"lazy\" decoding=\"async\" class=\"wp-image-3228 size-full aligncenter\" src=\"https:\/\/portosma.com.br\/wp-content\/uploads\/2023\/01\/SOAMAR-MUSEU-7.jpg\" alt=\"\" width=\"800\" height=\"446\" srcset=\"https:\/\/portosma.com.br\/wp-content\/uploads\/2023\/01\/SOAMAR-MUSEU-7.jpg 800w, https:\/\/portosma.com.br\/wp-content\/uploads\/2023\/01\/SOAMAR-MUSEU-7-300x167.jpg 300w, https:\/\/portosma.com.br\/wp-content\/uploads\/2023\/01\/SOAMAR-MUSEU-7-768x428.jpg 768w\" sizes=\"(max-width: 800px) 100vw, 800px\" \/><br \/>\n<img loading=\"lazy\" decoding=\"async\" class=\"wp-image-3229 size-full aligncenter\" src=\"https:\/\/portosma.com.br\/wp-content\/uploads\/2023\/01\/SOAMAR-MUSEU-8.jpg\" alt=\"\" width=\"800\" height=\"522\" srcset=\"https:\/\/portosma.com.br\/wp-content\/uploads\/2023\/01\/SOAMAR-MUSEU-8.jpg 800w, https:\/\/portosma.com.br\/wp-content\/uploads\/2023\/01\/SOAMAR-MUSEU-8-300x196.jpg 300w, https:\/\/portosma.com.br\/wp-content\/uploads\/2023\/01\/SOAMAR-MUSEU-8-768x501.jpg 768w\" sizes=\"(max-width: 800px) 100vw, 800px\" \/><\/p>\n<p><img loading=\"lazy\" decoding=\"async\" class=\"alignnone wp-image-3233 size-full\" src=\"https:\/\/portosma.com.br\/wp-content\/uploads\/2023\/01\/SOAMAR-MUSEU-12.jpg\" alt=\"\" width=\"900\" height=\"328\" srcset=\"https:\/\/portosma.com.br\/wp-content\/uploads\/2023\/01\/SOAMAR-MUSEU-12.jpg 900w, https:\/\/portosma.com.br\/wp-content\/uploads\/2023\/01\/SOAMAR-MUSEU-12-300x109.jpg 300w, https:\/\/portosma.com.br\/wp-content\/uploads\/2023\/01\/SOAMAR-MUSEU-12-768x280.jpg 768w\" sizes=\"(max-width: 900px) 100vw, 900px\" \/> <img loading=\"lazy\" decoding=\"async\" class=\"alignnone wp-image-3232 size-full\" src=\"https:\/\/portosma.com.br\/wp-content\/uploads\/2023\/01\/SOAMAR-MUSEU-11.jpg\" alt=\"\" width=\"900\" height=\"634\" srcset=\"https:\/\/portosma.com.br\/wp-content\/uploads\/2023\/01\/SOAMAR-MUSEU-11.jpg 900w, https:\/\/portosma.com.br\/wp-content\/uploads\/2023\/01\/SOAMAR-MUSEU-11-300x211.jpg 300w, https:\/\/portosma.com.br\/wp-content\/uploads\/2023\/01\/SOAMAR-MUSEU-11-768x541.jpg 768w\" sizes=\"(max-width: 900px) 100vw, 900px\" \/><\/p>\n<p><img loading=\"lazy\" decoding=\"async\" class=\"alignnone wp-image-3231 size-full\" src=\"https:\/\/portosma.com.br\/wp-content\/uploads\/2023\/01\/SOAMAR-MUSEU-10.jpg\" alt=\"\" width=\"900\" height=\"562\" srcset=\"https:\/\/portosma.com.br\/wp-content\/uploads\/2023\/01\/SOAMAR-MUSEU-10.jpg 900w, https:\/\/portosma.com.br\/wp-content\/uploads\/2023\/01\/SOAMAR-MUSEU-10-300x187.jpg 300w, https:\/\/portosma.com.br\/wp-content\/uploads\/2023\/01\/SOAMAR-MUSEU-10-768x480.jpg 768w\" sizes=\"(max-width: 900px) 100vw, 900px\" \/><\/p>\n<p><img loading=\"lazy\" decoding=\"async\" class=\"alignnone wp-image-3230 size-full\" src=\"https:\/\/portosma.com.br\/wp-content\/uploads\/2023\/01\/SOAMAR-MUSEU-9.jpg\" alt=\"\" width=\"900\" height=\"538\" srcset=\"https:\/\/portosma.com.br\/wp-content\/uploads\/2023\/01\/SOAMAR-MUSEU-9.jpg 900w, https:\/\/portosma.com.br\/wp-content\/uploads\/2023\/01\/SOAMAR-MUSEU-9-300x179.jpg 300w, https:\/\/portosma.com.br\/wp-content\/uploads\/2023\/01\/SOAMAR-MUSEU-9-768x459.jpg 768w\" sizes=\"(max-width: 900px) 100vw, 900px\" \/><\/p>\n<p>&nbsp;<\/p>\n","protected":false},"excerpt":{"rendered":"<p>O museu mar\u00edtimo da Soamar \u2013 Sociedade dos Amigos da Marinha do Estado do Maranh\u00e3o -, composto de mais de mil pe\u00e7as, \u00e9 o resultado de uma parceria com a Capitania dos Portos, Syngamar, ag\u00eancias de navega\u00e7\u00e3o, empresas de Praticagem e, tamb\u00e9m, das empresas ligadas ao setor mar\u00edtimo que contribu\u00edram e contribuem com pe\u00e7as do [&hellip;]<\/p>\n","protected":false},"author":1,"featured_media":0,"parent":0,"menu_order":0,"comment_status":"closed","ping_status":"closed","template":"","meta":{"_editorskit_title_hidden":false,"_editorskit_reading_time":0,"_editorskit_is_block_options_detached":false,"_editorskit_block_options_position":"{}","ngg_post_thumbnail":0,"footnotes":""},"class_list":["post-3199","page","type-page","status-publish","hentry"],"yoast_head":"<!-- This site is optimized with the Yoast SEO plugin v22.5 - https:\/\/yoast.com\/wordpress\/plugins\/seo\/ -->\n<title>MUSEU MAR\u00cdTIMO DA SOAMAR MARANH\u00c3O - Portosma<\/title>\n<meta name=\"robots\" content=\"index, follow, max-snippet:-1, max-image-preview:large, max-video-preview:-1\" \/>\n<link rel=\"canonical\" href=\"https:\/\/portosma.com.br\/index.php\/museu-maritimo-da-soamar-maranhao\/\" \/>\n<meta property=\"og:locale\" content=\"pt_BR\" \/>\n<meta property=\"og:type\" content=\"article\" \/>\n<meta property=\"og:title\" content=\"MUSEU MAR\u00cdTIMO DA SOAMAR MARANH\u00c3O - Portosma\" \/>\n<meta property=\"og:description\" content=\"O museu mar\u00edtimo da Soamar \u2013 Sociedade dos Amigos da Marinha do Estado do Maranh\u00e3o -, composto de mais de mil pe\u00e7as, \u00e9 o resultado de uma parceria com a Capitania dos Portos, Syngamar, ag\u00eancias de navega\u00e7\u00e3o, empresas de Praticagem e, tamb\u00e9m, das empresas ligadas ao setor mar\u00edtimo que contribu\u00edram e contribuem com pe\u00e7as do [&hellip;]\" \/>\n<meta property=\"og:url\" content=\"https:\/\/portosma.com.br\/index.php\/museu-maritimo-da-soamar-maranhao\/\" \/>\n<meta property=\"og:site_name\" content=\"Portosma\" \/>\n<meta property=\"article:modified_time\" content=\"2023-01-30T20:45:08+00:00\" \/>\n<meta property=\"og:image\" content=\"https:\/\/portosma.com.br\/wp-content\/uploads\/2023\/01\/AM-O1.jpg\" \/>\n<meta name=\"twitter:card\" content=\"summary_large_image\" \/>\n<meta name=\"twitter:label1\" content=\"Est. tempo de leitura\" \/>\n\t<meta name=\"twitter:data1\" content=\"1 minuto\" \/>\n<script type=\"application\/ld+json\" class=\"yoast-schema-graph\">{\"@context\":\"https:\/\/schema.org\",\"@graph\":[{\"@type\":\"WebPage\",\"@id\":\"https:\/\/portosma.com.br\/index.php\/museu-maritimo-da-soamar-maranhao\/\",\"url\":\"https:\/\/portosma.com.br\/index.php\/museu-maritimo-da-soamar-maranhao\/\",\"name\":\"MUSEU MAR\u00cdTIMO DA SOAMAR MARANH\u00c3O - Portosma\",\"isPartOf\":{\"@id\":\"https:\/\/portosma.com.br\/#website\"},\"primaryImageOfPage\":{\"@id\":\"https:\/\/portosma.com.br\/index.php\/museu-maritimo-da-soamar-maranhao\/#primaryimage\"},\"image\":{\"@id\":\"https:\/\/portosma.com.br\/index.php\/museu-maritimo-da-soamar-maranhao\/#primaryimage\"},\"thumbnailUrl\":\"https:\/\/portosma.com.br\/wp-content\/uploads\/2023\/01\/AM-O1.jpg\",\"datePublished\":\"2023-01-30T19:55:11+00:00\",\"dateModified\":\"2023-01-30T20:45:08+00:00\",\"breadcrumb\":{\"@id\":\"https:\/\/portosma.com.br\/index.php\/museu-maritimo-da-soamar-maranhao\/#breadcrumb\"},\"inLanguage\":\"pt-BR\",\"potentialAction\":[{\"@type\":\"ReadAction\",\"target\":[\"https:\/\/portosma.com.br\/index.php\/museu-maritimo-da-soamar-maranhao\/\"]}]},{\"@type\":\"ImageObject\",\"inLanguage\":\"pt-BR\",\"@id\":\"https:\/\/portosma.com.br\/index.php\/museu-maritimo-da-soamar-maranhao\/#primaryimage\",\"url\":\"https:\/\/portosma.com.br\/wp-content\/uploads\/2023\/01\/AM-O1.jpg\",\"contentUrl\":\"https:\/\/portosma.com.br\/wp-content\/uploads\/2023\/01\/AM-O1.jpg\",\"width\":1000,\"height\":296},{\"@type\":\"BreadcrumbList\",\"@id\":\"https:\/\/portosma.com.br\/index.php\/museu-maritimo-da-soamar-maranhao\/#breadcrumb\",\"itemListElement\":[{\"@type\":\"ListItem\",\"position\":1,\"name\":\"In\u00edcio\",\"item\":\"https:\/\/portosma.com.br\/\"},{\"@type\":\"ListItem\",\"position\":2,\"name\":\"MUSEU MAR\u00cdTIMO DA SOAMAR MARANH\u00c3O\"}]},{\"@type\":\"WebSite\",\"@id\":\"https:\/\/portosma.com.br\/#website\",\"url\":\"https:\/\/portosma.com.br\/\",\"name\":\"Portosma\",\"description\":\"Um site de not\u00edcias\",\"publisher\":{\"@id\":\"https:\/\/portosma.com.br\/#organization\"},\"potentialAction\":[{\"@type\":\"SearchAction\",\"target\":{\"@type\":\"EntryPoint\",\"urlTemplate\":\"https:\/\/portosma.com.br\/?s={search_term_string}\"},\"query-input\":\"required name=search_term_string\"}],\"inLanguage\":\"pt-BR\"},{\"@type\":\"Organization\",\"@id\":\"https:\/\/portosma.com.br\/#organization\",\"name\":\"Portosma\",\"alternateName\":\"Portosma\",\"url\":\"https:\/\/portosma.com.br\/\",\"logo\":{\"@type\":\"ImageObject\",\"inLanguage\":\"pt-BR\",\"@id\":\"https:\/\/portosma.com.br\/#\/schema\/logo\/image\/\",\"url\":\"https:\/\/portosma.com.br\/wp-content\/uploads\/2026\/03\/cropped-AD-PORTOSMA.jpg\",\"contentUrl\":\"https:\/\/portosma.com.br\/wp-content\/uploads\/2026\/03\/cropped-AD-PORTOSMA.jpg\",\"width\":400,\"height\":115,\"caption\":\"Portosma\"},\"image\":{\"@id\":\"https:\/\/portosma.com.br\/#\/schema\/logo\/image\/\"}}]}<\/script>\n<!-- \/ Yoast SEO plugin. -->","yoast_head_json":{"title":"MUSEU MAR\u00cdTIMO DA SOAMAR MARANH\u00c3O - Portosma","robots":{"index":"index","follow":"follow","max-snippet":"max-snippet:-1","max-image-preview":"max-image-preview:large","max-video-preview":"max-video-preview:-1"},"canonical":"https:\/\/portosma.com.br\/index.php\/museu-maritimo-da-soamar-maranhao\/","og_locale":"pt_BR","og_type":"article","og_title":"MUSEU MAR\u00cdTIMO DA SOAMAR MARANH\u00c3O - Portosma","og_description":"O museu mar\u00edtimo da Soamar \u2013 Sociedade dos Amigos da Marinha do Estado do Maranh\u00e3o -, composto de mais de mil pe\u00e7as, \u00e9 o resultado de uma parceria com a Capitania dos Portos, Syngamar, ag\u00eancias de navega\u00e7\u00e3o, empresas de Praticagem e, tamb\u00e9m, das empresas ligadas ao setor mar\u00edtimo que contribu\u00edram e contribuem com pe\u00e7as do [&hellip;]","og_url":"https:\/\/portosma.com.br\/index.php\/museu-maritimo-da-soamar-maranhao\/","og_site_name":"Portosma","article_modified_time":"2023-01-30T20:45:08+00:00","og_image":[{"url":"https:\/\/portosma.com.br\/wp-content\/uploads\/2023\/01\/AM-O1.jpg"}],"twitter_card":"summary_large_image","twitter_misc":{"Est. tempo de leitura":"1 minuto"},"schema":{"@context":"https:\/\/schema.org","@graph":[{"@type":"WebPage","@id":"https:\/\/portosma.com.br\/index.php\/museu-maritimo-da-soamar-maranhao\/","url":"https:\/\/portosma.com.br\/index.php\/museu-maritimo-da-soamar-maranhao\/","name":"MUSEU MAR\u00cdTIMO DA SOAMAR MARANH\u00c3O - Portosma","isPartOf":{"@id":"https:\/\/portosma.com.br\/#website"},"primaryImageOfPage":{"@id":"https:\/\/portosma.com.br\/index.php\/museu-maritimo-da-soamar-maranhao\/#primaryimage"},"image":{"@id":"https:\/\/portosma.com.br\/index.php\/museu-maritimo-da-soamar-maranhao\/#primaryimage"},"thumbnailUrl":"https:\/\/portosma.com.br\/wp-content\/uploads\/2023\/01\/AM-O1.jpg","datePublished":"2023-01-30T19:55:11+00:00","dateModified":"2023-01-30T20:45:08+00:00","breadcrumb":{"@id":"https:\/\/portosma.com.br\/index.php\/museu-maritimo-da-soamar-maranhao\/#breadcrumb"},"inLanguage":"pt-BR","potentialAction":[{"@type":"ReadAction","target":["https:\/\/portosma.com.br\/index.php\/museu-maritimo-da-soamar-maranhao\/"]}]},{"@type":"ImageObject","inLanguage":"pt-BR","@id":"https:\/\/portosma.com.br\/index.php\/museu-maritimo-da-soamar-maranhao\/#primaryimage","url":"https:\/\/portosma.com.br\/wp-content\/uploads\/2023\/01\/AM-O1.jpg","contentUrl":"https:\/\/portosma.com.br\/wp-content\/uploads\/2023\/01\/AM-O1.jpg","width":1000,"height":296},{"@type":"BreadcrumbList","@id":"https:\/\/portosma.com.br\/index.php\/museu-maritimo-da-soamar-maranhao\/#breadcrumb","itemListElement":[{"@type":"ListItem","position":1,"name":"In\u00edcio","item":"https:\/\/portosma.com.br\/"},{"@type":"ListItem","position":2,"name":"MUSEU MAR\u00cdTIMO DA SOAMAR MARANH\u00c3O"}]},{"@type":"WebSite","@id":"https:\/\/portosma.com.br\/#website","url":"https:\/\/portosma.com.br\/","name":"Portosma","description":"Um site de not\u00edcias","publisher":{"@id":"https:\/\/portosma.com.br\/#organization"},"potentialAction":[{"@type":"SearchAction","target":{"@type":"EntryPoint","urlTemplate":"https:\/\/portosma.com.br\/?s={search_term_string}"},"query-input":"required name=search_term_string"}],"inLanguage":"pt-BR"},{"@type":"Organization","@id":"https:\/\/portosma.com.br\/#organization","name":"Portosma","alternateName":"Portosma","url":"https:\/\/portosma.com.br\/","logo":{"@type":"ImageObject","inLanguage":"pt-BR","@id":"https:\/\/portosma.com.br\/#\/schema\/logo\/image\/","url":"https:\/\/portosma.com.br\/wp-content\/uploads\/2026\/03\/cropped-AD-PORTOSMA.jpg","contentUrl":"https:\/\/portosma.com.br\/wp-content\/uploads\/2026\/03\/cropped-AD-PORTOSMA.jpg","width":400,"height":115,"caption":"Portosma"},"image":{"@id":"https:\/\/portosma.com.br\/#\/schema\/logo\/image\/"}}]}},"_links":{"self":[{"href":"https:\/\/portosma.com.br\/index.php\/wp-json\/wp\/v2\/pages\/3199","targetHints":{"allow":["GET"]}}],"collection":[{"href":"https:\/\/portosma.com.br\/index.php\/wp-json\/wp\/v2\/pages"}],"about":[{"href":"https:\/\/portosma.com.br\/index.php\/wp-json\/wp\/v2\/types\/page"}],"author":[{"embeddable":true,"href":"https:\/\/portosma.com.br\/index.php\/wp-json\/wp\/v2\/users\/1"}],"replies":[{"embeddable":true,"href":"https:\/\/portosma.com.br\/index.php\/wp-json\/wp\/v2\/comments?post=3199"}],"version-history":[{"count":7,"href":"https:\/\/portosma.com.br\/index.php\/wp-json\/wp\/v2\/pages\/3199\/revisions"}],"predecessor-version":[{"id":3236,"href":"https:\/\/portosma.com.br\/index.php\/wp-json\/wp\/v2\/pages\/3199\/revisions\/3236"}],"wp:attachment":[{"href":"https:\/\/portosma.com.br\/index.php\/wp-json\/wp\/v2\/media?parent=3199"}],"curies":[{"name":"wp","href":"https:\/\/api.w.org\/{rel}","templated":true}]}}