{"id":2975,"date":"2023-01-29T21:16:07","date_gmt":"2023-01-29T21:16:07","guid":{"rendered":"https:\/\/portosma.com.br\/?page_id=2975"},"modified":"2026-05-01T00:01:59","modified_gmt":"2026-05-01T00:01:59","slug":"tabua-de-mare","status":"publish","type":"page","link":"https:\/\/portosma.com.br\/index.php\/tabua-de-mare\/","title":{"rendered":"A p\u00e1gina das t\u00e1buas de mar\u00e9"},"content":{"rendered":"<table width=\"380px\">\n<tbody>\n<tr>\n<th style=\"text-align: left;\" colspan=\"2\"><img decoding=\"async\" class=\"alignnone wp-image-28840 size-full\" src=\"https:\/\/portosma.com.br\/wp-content\/uploads\/2026\/03\/AD-TABUA-1.jpg\" alt=\"\" width=\"380\" height=\"28\" srcset=\"https:\/\/portosma.com.br\/wp-content\/uploads\/2026\/03\/AD-TABUA-1.jpg 380w, https:\/\/portosma.com.br\/wp-content\/uploads\/2026\/03\/AD-TABUA-1-300x22.jpg 300w\" sizes=\"(max-width: 380px) 100vw, 380px\" \/><\/th>\n<\/tr>\n<tr>\n<th style=\"color: #3366ff; text-align: left;\" colspan=\"2\"><img fetchpriority=\"high\" decoding=\"async\" class=\"alignnone wp-image-28839 size-full\" src=\"https:\/\/portosma.com.br\/wp-content\/uploads\/2026\/03\/AD-TABUA-2.jpg\" alt=\"\" width=\"380\" height=\"136\" srcset=\"https:\/\/portosma.com.br\/wp-content\/uploads\/2026\/03\/AD-TABUA-2.jpg 380w, https:\/\/portosma.com.br\/wp-content\/uploads\/2026\/03\/AD-TABUA-2-300x107.jpg 300w\" sizes=\"(max-width: 380px) 100vw, 380px\" \/><\/th>\n<\/tr>\n<tr>\n<th style=\"color: #3366ff; text-align: left;\" colspan=\"2\"><span style=\"color: #008000;\"><a style=\"color: #008000;\" href=\"https:\/\/portosma.com.br\/index.php\/mare-de-janeiro-de-2023-das-praias-de-sao-luis\/\"><span style=\"color: #0000ff;\">PRAIAS<\/span> <span style=\"color: #0000ff;\">DE S\u00c3O LU\u00cdS<\/span><\/a><\/span><\/th>\n<\/tr>\n<tr>\n<th style=\"color: #993300; text-align: center;\" width=\"190px\"><strong>SEX 01.05.2026<\/strong><\/th>\n<th style=\"color: #993300; text-align: center;\" width=\"190px\"><strong>SAB 02.05.2026<\/strong><\/th>\n<\/tr>\n<tr>\n<td>&#8211; 00h44 &#8230;&#8230;&#8230;&#8230;.. 0.56m<\/td>\n<td>&#8211; 01h14 &#8230;&#8230;&#8230;&#8230;.. 0.64m<\/td>\n<\/tr>\n<tr>\n<td>&#8211; 06h44 &#8230;&#8230;&#8230;&#8230;.. 6.12m<\/td>\n<td>&#8211; 07h12 &#8230;&#8230;&#8230;&#8230;.. 6.10m<\/td>\n<\/tr>\n<tr>\n<td>&#8211; 13h01 &#8230;&#8230;&#8230;&#8230;.. 0.36m<\/td>\n<td>&#8211; 13h31 &#8230;&#8230;&#8230;&#8230;.. 0.42m<\/td>\n<\/tr>\n<tr>\n<td>&#8211; 19h04 &#8230;&#8230;&#8230;&#8230;.. 6.05m<\/td>\n<td>&#8211; 19h36 &#8230;&#8230;&#8230;&#8230;.. 5.93m<\/td>\n<\/tr>\n<tr>\n<th style=\"color: #3366ff; text-align: left;\" colspan=\"2\"><span style=\"color: #0000ff;\"><a style=\"color: #0000ff;\" href=\"https:\/\/portosma.com.br\/index.php\/mares-de-janeiro-de-2023-do-terminal-da-vale\/\">TERMINAL DA VALE<\/a><\/span><\/th>\n<\/tr>\n<tr>\n<th style=\"color: #993300; text-align: center;\"><strong>SEX 01.05.2026<\/strong><\/th>\n<th style=\"color: #993300; text-align: center;\"><strong>SAB 02.05.2026<\/strong><\/th>\n<\/tr>\n<tr>\n<td>&#8211; 00h44 &#8230;&#8230;&#8230;&#8230;.. 0.56m<\/td>\n<td>&#8211; 01h14 &#8230;&#8230;&#8230;&#8230;.. 0.64m<\/td>\n<\/tr>\n<tr>\n<td>&#8211; 06h44 &#8230;&#8230;&#8230;&#8230;.. 5.92m<\/td>\n<td>&#8211; 07h12 &#8230;&#8230;&#8230;&#8230;.. 5.90m<\/td>\n<\/tr>\n<tr>\n<td>&#8211; 13h01 &#8230;&#8230;&#8230;&#8230;.. 0.36m<\/td>\n<td>&#8211; 13h31 &#8230;&#8230;&#8230;&#8230;.. 0.42m<\/td>\n<\/tr>\n<tr>\n<td>&#8211; 19h04 &#8230;&#8230;&#8230;&#8230;.. 5.85m<\/td>\n<td>&#8211; 19h36 &#8230;&#8230;&#8230;&#8230;.. 5.73m<\/td>\n<\/tr>\n<tr>\n<th style=\"color: #3366ff; text-align: left;\" colspan=\"2\"><span style=\"color: #0000ff;\"><a style=\"color: #0000ff;\" href=\"https:\/\/portosma.com.br\/index.php\/mare-de-janeiro-de-2023-do-porto-do-itaqui\/\">PORTO DO ITAQUI<\/a><\/span><\/th>\n<\/tr>\n<tr>\n<th style=\"color: #993300; text-align: center;\"><strong>SEX 01.05.2026<\/strong><\/th>\n<th style=\"color: #993300; text-align: center;\"><strong>SAB 02.05.2026<\/strong><\/th>\n<\/tr>\n<tr>\n<td>&#8211; 00h44 &#8230;&#8230;&#8230;&#8230;.. 0.56m<\/td>\n<td>&#8211; 01h14 &#8230;&#8230;&#8230;&#8230;.. 0.64m<\/td>\n<\/tr>\n<tr>\n<td>&#8211; 06h44 &#8230;&#8230;&#8230;&#8230;.. 6.12m<\/td>\n<td>&#8211; 07h12 &#8230;&#8230;&#8230;&#8230;.. 6.10m<\/td>\n<\/tr>\n<tr>\n<td>&#8211; 13h01 &#8230;&#8230;&#8230;&#8230;.. 0.36m<\/td>\n<td>&#8211; 13h31 &#8230;&#8230;&#8230;&#8230;.. 0.42m<\/td>\n<\/tr>\n<tr>\n<td>&#8211; 19h04 &#8230;&#8230;&#8230;&#8230;.. 6.05m<\/td>\n<td>&#8211; 19h36 &#8230;&#8230;&#8230;&#8230;.. 5.93m<\/td>\n<\/tr>\n<tr>\n<th style=\"color: #3366ff; text-align: left;\" colspan=\"2\"><span style=\"color: #0000ff;\"><a style=\"color: #0000ff;\" href=\"https:\/\/portosma.com.br\/index.php\/mare-do-terminal-da-alumar\/\">TERMINAL DA ALUMAR<\/a><\/span><\/th>\n<\/tr>\n<tr>\n<th style=\"color: #993300; text-align: center;\"><strong>SEX 01.05.2026<\/strong><\/th>\n<th style=\"color: #993300; text-align: center;\"><strong>SAB 02.05.2026<\/strong><\/th>\n<\/tr>\n<tr>\n<td>&#8211; 00h44 &#8230;&#8230;&#8230;&#8230;.. 0.56m<\/td>\n<td>&#8211; 01h14 &#8230;&#8230;&#8230;&#8230;.. 0.64m<\/td>\n<\/tr>\n<tr>\n<td>&#8211; 06h44 &#8230;&#8230;&#8230;&#8230;.. 6.02m<\/td>\n<td>&#8211; 07h12 &#8230;&#8230;&#8230;&#8230;.. 6.00m<\/td>\n<\/tr>\n<tr>\n<td>&#8211; 13h01 &#8230;&#8230;&#8230;&#8230;.. 0.36m<\/td>\n<td>&#8211; 13h31 &#8230;&#8230;&#8230;&#8230;.. 0.42m<\/td>\n<\/tr>\n<tr>\n<td>&#8211; 19h04 &#8230;&#8230;&#8230;&#8230;.. 5.95m<\/td>\n<td>&#8211; 19h36 &#8230;&#8230;&#8230;&#8230;.. 5.83m<\/td>\n<\/tr>\n<\/tbody>\n<\/table>\n","protected":false},"excerpt":{"rendered":"<p>PRAIAS DE S\u00c3O LU\u00cdS SEX 01.05.2026 SAB 02.05.2026 &#8211; 00h44 &#8230;&#8230;&#8230;&#8230;.. 0.56m &#8211; 01h14 &#8230;&#8230;&#8230;&#8230;.. 0.64m &#8211; 06h44 &#8230;&#8230;&#8230;&#8230;.. 6.12m &#8211; 07h12 &#8230;&#8230;&#8230;&#8230;.. 6.10m &#8211; 13h01 &#8230;&#8230;&#8230;&#8230;.. 0.36m &#8211; 13h31 &#8230;&#8230;&#8230;&#8230;.. 0.42m &#8211; 19h04 &#8230;&#8230;&#8230;&#8230;.. 6.05m &#8211; 19h36 &#8230;&#8230;&#8230;&#8230;.. 5.93m TERMINAL DA VALE SEX 01.05.2026 SAB 02.05.2026 &#8211; 00h44 &#8230;&#8230;&#8230;&#8230;.. 0.56m &#8211; 01h14 &#8230;&#8230;&#8230;&#8230;.. 0.64m [&hellip;]<\/p>\n","protected":false},"author":1,"featured_media":0,"parent":0,"menu_order":0,"comment_status":"closed","ping_status":"closed","template":"","meta":{"_editorskit_title_hidden":false,"_editorskit_reading_time":0,"_editorskit_is_block_options_detached":false,"_editorskit_block_options_position":"{}","ngg_post_thumbnail":0,"footnotes":""},"class_list":["post-2975","page","type-page","status-publish","hentry"],"yoast_head":"<!-- This site is optimized with the Yoast SEO plugin v22.5 - https:\/\/yoast.com\/wordpress\/plugins\/seo\/ -->\n<title>A p\u00e1gina das t\u00e1buas de mar\u00e9 - Portosma<\/title>\n<meta name=\"robots\" content=\"index, follow, max-snippet:-1, max-image-preview:large, max-video-preview:-1\" \/>\n<link rel=\"canonical\" href=\"https:\/\/portosma.com.br\/index.php\/tabua-de-mare\/\" \/>\n<meta property=\"og:locale\" content=\"pt_BR\" \/>\n<meta property=\"og:type\" content=\"article\" \/>\n<meta property=\"og:title\" content=\"A p\u00e1gina das t\u00e1buas de mar\u00e9 - Portosma\" \/>\n<meta property=\"og:description\" content=\"PRAIAS DE S\u00c3O LU\u00cdS SEX 01.05.2026 SAB 02.05.2026 &#8211; 00h44 &#8230;&#8230;&#8230;&#8230;.. 0.56m &#8211; 01h14 &#8230;&#8230;&#8230;&#8230;.. 0.64m &#8211; 06h44 &#8230;&#8230;&#8230;&#8230;.. 6.12m &#8211; 07h12 &#8230;&#8230;&#8230;&#8230;.. 6.10m &#8211; 13h01 &#8230;&#8230;&#8230;&#8230;.. 0.36m &#8211; 13h31 &#8230;&#8230;&#8230;&#8230;.. 0.42m &#8211; 19h04 &#8230;&#8230;&#8230;&#8230;.. 6.05m &#8211; 19h36 &#8230;&#8230;&#8230;&#8230;.. 5.93m TERMINAL DA VALE SEX 01.05.2026 SAB 02.05.2026 &#8211; 00h44 &#8230;&#8230;&#8230;&#8230;.. 0.56m &#8211; 01h14 &#8230;&#8230;&#8230;&#8230;.. 0.64m [&hellip;]\" \/>\n<meta property=\"og:url\" content=\"https:\/\/portosma.com.br\/index.php\/tabua-de-mare\/\" \/>\n<meta property=\"og:site_name\" content=\"Portosma\" \/>\n<meta property=\"article:modified_time\" content=\"2026-05-01T00:01:59+00:00\" \/>\n<meta property=\"og:image\" content=\"https:\/\/portosma.com.br\/wp-content\/uploads\/2026\/03\/AD-TABUA-1.jpg\" \/>\n<meta name=\"twitter:card\" content=\"summary_large_image\" \/>\n<meta name=\"twitter:label1\" content=\"Est. tempo de leitura\" \/>\n\t<meta name=\"twitter:data1\" content=\"1 minuto\" \/>\n<script type=\"application\/ld+json\" class=\"yoast-schema-graph\">{\"@context\":\"https:\/\/schema.org\",\"@graph\":[{\"@type\":\"WebPage\",\"@id\":\"https:\/\/portosma.com.br\/index.php\/tabua-de-mare\/\",\"url\":\"https:\/\/portosma.com.br\/index.php\/tabua-de-mare\/\",\"name\":\"A p\u00e1gina das t\u00e1buas de mar\u00e9 - Portosma\",\"isPartOf\":{\"@id\":\"https:\/\/portosma.com.br\/#website\"},\"primaryImageOfPage\":{\"@id\":\"https:\/\/portosma.com.br\/index.php\/tabua-de-mare\/#primaryimage\"},\"image\":{\"@id\":\"https:\/\/portosma.com.br\/index.php\/tabua-de-mare\/#primaryimage\"},\"thumbnailUrl\":\"https:\/\/portosma.com.br\/wp-content\/uploads\/2026\/03\/AD-TABUA-1.jpg\",\"datePublished\":\"2023-01-29T21:16:07+00:00\",\"dateModified\":\"2026-05-01T00:01:59+00:00\",\"breadcrumb\":{\"@id\":\"https:\/\/portosma.com.br\/index.php\/tabua-de-mare\/#breadcrumb\"},\"inLanguage\":\"pt-BR\",\"potentialAction\":[{\"@type\":\"ReadAction\",\"target\":[\"https:\/\/portosma.com.br\/index.php\/tabua-de-mare\/\"]}]},{\"@type\":\"ImageObject\",\"inLanguage\":\"pt-BR\",\"@id\":\"https:\/\/portosma.com.br\/index.php\/tabua-de-mare\/#primaryimage\",\"url\":\"https:\/\/portosma.com.br\/wp-content\/uploads\/2026\/03\/AD-TABUA-1.jpg\",\"contentUrl\":\"https:\/\/portosma.com.br\/wp-content\/uploads\/2026\/03\/AD-TABUA-1.jpg\",\"width\":380,\"height\":28},{\"@type\":\"BreadcrumbList\",\"@id\":\"https:\/\/portosma.com.br\/index.php\/tabua-de-mare\/#breadcrumb\",\"itemListElement\":[{\"@type\":\"ListItem\",\"position\":1,\"name\":\"In\u00edcio\",\"item\":\"https:\/\/portosma.com.br\/\"},{\"@type\":\"ListItem\",\"position\":2,\"name\":\"A p\u00e1gina das t\u00e1buas de mar\u00e9\"}]},{\"@type\":\"WebSite\",\"@id\":\"https:\/\/portosma.com.br\/#website\",\"url\":\"https:\/\/portosma.com.br\/\",\"name\":\"Portosma\",\"description\":\"Um site de not\u00edcias\",\"publisher\":{\"@id\":\"https:\/\/portosma.com.br\/#organization\"},\"potentialAction\":[{\"@type\":\"SearchAction\",\"target\":{\"@type\":\"EntryPoint\",\"urlTemplate\":\"https:\/\/portosma.com.br\/?s={search_term_string}\"},\"query-input\":\"required name=search_term_string\"}],\"inLanguage\":\"pt-BR\"},{\"@type\":\"Organization\",\"@id\":\"https:\/\/portosma.com.br\/#organization\",\"name\":\"Portosma\",\"alternateName\":\"Portosma\",\"url\":\"https:\/\/portosma.com.br\/\",\"logo\":{\"@type\":\"ImageObject\",\"inLanguage\":\"pt-BR\",\"@id\":\"https:\/\/portosma.com.br\/#\/schema\/logo\/image\/\",\"url\":\"https:\/\/portosma.com.br\/wp-content\/uploads\/2026\/03\/cropped-AD-PORTOSMA.jpg\",\"contentUrl\":\"https:\/\/portosma.com.br\/wp-content\/uploads\/2026\/03\/cropped-AD-PORTOSMA.jpg\",\"width\":400,\"height\":115,\"caption\":\"Portosma\"},\"image\":{\"@id\":\"https:\/\/portosma.com.br\/#\/schema\/logo\/image\/\"}}]}<\/script>\n<!-- \/ Yoast SEO plugin. -->","yoast_head_json":{"title":"A p\u00e1gina das t\u00e1buas de mar\u00e9 - Portosma","robots":{"index":"index","follow":"follow","max-snippet":"max-snippet:-1","max-image-preview":"max-image-preview:large","max-video-preview":"max-video-preview:-1"},"canonical":"https:\/\/portosma.com.br\/index.php\/tabua-de-mare\/","og_locale":"pt_BR","og_type":"article","og_title":"A p\u00e1gina das t\u00e1buas de mar\u00e9 - Portosma","og_description":"PRAIAS DE S\u00c3O LU\u00cdS SEX 01.05.2026 SAB 02.05.2026 &#8211; 00h44 &#8230;&#8230;&#8230;&#8230;.. 0.56m &#8211; 01h14 &#8230;&#8230;&#8230;&#8230;.. 0.64m &#8211; 06h44 &#8230;&#8230;&#8230;&#8230;.. 6.12m &#8211; 07h12 &#8230;&#8230;&#8230;&#8230;.. 6.10m &#8211; 13h01 &#8230;&#8230;&#8230;&#8230;.. 0.36m &#8211; 13h31 &#8230;&#8230;&#8230;&#8230;.. 0.42m &#8211; 19h04 &#8230;&#8230;&#8230;&#8230;.. 6.05m &#8211; 19h36 &#8230;&#8230;&#8230;&#8230;.. 5.93m TERMINAL DA VALE SEX 01.05.2026 SAB 02.05.2026 &#8211; 00h44 &#8230;&#8230;&#8230;&#8230;.. 0.56m &#8211; 01h14 &#8230;&#8230;&#8230;&#8230;.. 0.64m [&hellip;]","og_url":"https:\/\/portosma.com.br\/index.php\/tabua-de-mare\/","og_site_name":"Portosma","article_modified_time":"2026-05-01T00:01:59+00:00","og_image":[{"url":"https:\/\/portosma.com.br\/wp-content\/uploads\/2026\/03\/AD-TABUA-1.jpg"}],"twitter_card":"summary_large_image","twitter_misc":{"Est. tempo de leitura":"1 minuto"},"schema":{"@context":"https:\/\/schema.org","@graph":[{"@type":"WebPage","@id":"https:\/\/portosma.com.br\/index.php\/tabua-de-mare\/","url":"https:\/\/portosma.com.br\/index.php\/tabua-de-mare\/","name":"A p\u00e1gina das t\u00e1buas de mar\u00e9 - Portosma","isPartOf":{"@id":"https:\/\/portosma.com.br\/#website"},"primaryImageOfPage":{"@id":"https:\/\/portosma.com.br\/index.php\/tabua-de-mare\/#primaryimage"},"image":{"@id":"https:\/\/portosma.com.br\/index.php\/tabua-de-mare\/#primaryimage"},"thumbnailUrl":"https:\/\/portosma.com.br\/wp-content\/uploads\/2026\/03\/AD-TABUA-1.jpg","datePublished":"2023-01-29T21:16:07+00:00","dateModified":"2026-05-01T00:01:59+00:00","breadcrumb":{"@id":"https:\/\/portosma.com.br\/index.php\/tabua-de-mare\/#breadcrumb"},"inLanguage":"pt-BR","potentialAction":[{"@type":"ReadAction","target":["https:\/\/portosma.com.br\/index.php\/tabua-de-mare\/"]}]},{"@type":"ImageObject","inLanguage":"pt-BR","@id":"https:\/\/portosma.com.br\/index.php\/tabua-de-mare\/#primaryimage","url":"https:\/\/portosma.com.br\/wp-content\/uploads\/2026\/03\/AD-TABUA-1.jpg","contentUrl":"https:\/\/portosma.com.br\/wp-content\/uploads\/2026\/03\/AD-TABUA-1.jpg","width":380,"height":28},{"@type":"BreadcrumbList","@id":"https:\/\/portosma.com.br\/index.php\/tabua-de-mare\/#breadcrumb","itemListElement":[{"@type":"ListItem","position":1,"name":"In\u00edcio","item":"https:\/\/portosma.com.br\/"},{"@type":"ListItem","position":2,"name":"A p\u00e1gina das t\u00e1buas de mar\u00e9"}]},{"@type":"WebSite","@id":"https:\/\/portosma.com.br\/#website","url":"https:\/\/portosma.com.br\/","name":"Portosma","description":"Um site de not\u00edcias","publisher":{"@id":"https:\/\/portosma.com.br\/#organization"},"potentialAction":[{"@type":"SearchAction","target":{"@type":"EntryPoint","urlTemplate":"https:\/\/portosma.com.br\/?s={search_term_string}"},"query-input":"required name=search_term_string"}],"inLanguage":"pt-BR"},{"@type":"Organization","@id":"https:\/\/portosma.com.br\/#organization","name":"Portosma","alternateName":"Portosma","url":"https:\/\/portosma.com.br\/","logo":{"@type":"ImageObject","inLanguage":"pt-BR","@id":"https:\/\/portosma.com.br\/#\/schema\/logo\/image\/","url":"https:\/\/portosma.com.br\/wp-content\/uploads\/2026\/03\/cropped-AD-PORTOSMA.jpg","contentUrl":"https:\/\/portosma.com.br\/wp-content\/uploads\/2026\/03\/cropped-AD-PORTOSMA.jpg","width":400,"height":115,"caption":"Portosma"},"image":{"@id":"https:\/\/portosma.com.br\/#\/schema\/logo\/image\/"}}]}},"_links":{"self":[{"href":"https:\/\/portosma.com.br\/index.php\/wp-json\/wp\/v2\/pages\/2975","targetHints":{"allow":["GET"]}}],"collection":[{"href":"https:\/\/portosma.com.br\/index.php\/wp-json\/wp\/v2\/pages"}],"about":[{"href":"https:\/\/portosma.com.br\/index.php\/wp-json\/wp\/v2\/types\/page"}],"author":[{"embeddable":true,"href":"https:\/\/portosma.com.br\/index.php\/wp-json\/wp\/v2\/users\/1"}],"replies":[{"embeddable":true,"href":"https:\/\/portosma.com.br\/index.php\/wp-json\/wp\/v2\/comments?post=2975"}],"version-history":[{"count":1000,"href":"https:\/\/portosma.com.br\/index.php\/wp-json\/wp\/v2\/pages\/2975\/revisions"}],"predecessor-version":[{"id":29917,"href":"https:\/\/portosma.com.br\/index.php\/wp-json\/wp\/v2\/pages\/2975\/revisions\/29917"}],"wp:attachment":[{"href":"https:\/\/portosma.com.br\/index.php\/wp-json\/wp\/v2\/media?parent=2975"}],"curies":[{"name":"wp","href":"https:\/\/api.w.org\/{rel}","templated":true}]}}