{"id":2689,"date":"2023-01-26T15:39:35","date_gmt":"2023-01-26T15:39:35","guid":{"rendered":"https:\/\/portosma.com.br\/?page_id=2689"},"modified":"2023-01-26T20:07:44","modified_gmt":"2023-01-26T20:07:44","slug":"dicas-servicos","status":"publish","type":"page","link":"https:\/\/portosma.com.br\/index.php\/dicas-servicos\/","title":{"rendered":"Dicas &#038; Servi\u00e7os"},"content":{"rendered":"<h3><span style=\"color: #3366ff;\"><strong>Trem de Passageiros da Vale, hor\u00e1rios, paradas e compra de passagens<\/strong><\/span><\/h3>\n<p><img fetchpriority=\"high\" decoding=\"async\" class=\"alignnone wp-image-2692 size-full\" src=\"https:\/\/portosma.com.br\/wp-content\/uploads\/2023\/01\/SERVICO-03.jpg\" alt=\"\" width=\"900\" height=\"229\" srcset=\"https:\/\/portosma.com.br\/wp-content\/uploads\/2023\/01\/SERVICO-03.jpg 900w, https:\/\/portosma.com.br\/wp-content\/uploads\/2023\/01\/SERVICO-03-300x76.jpg 300w, https:\/\/portosma.com.br\/wp-content\/uploads\/2023\/01\/SERVICO-03-768x195.jpg 768w\" sizes=\"(max-width: 900px) 100vw, 900px\" \/><\/p>\n<p><a href=\"https:\/\/www.vale.com\/brasil\/PT\/business\/logistics\/railways\/trem-passageiros\/Paginas\/default.aspx\"><img decoding=\"async\" class=\"alignnone wp-image-2691 size-full\" src=\"https:\/\/portosma.com.br\/wp-content\/uploads\/2023\/01\/SERVICO-02.jpg\" alt=\"\" width=\"900\" height=\"358\" srcset=\"https:\/\/portosma.com.br\/wp-content\/uploads\/2023\/01\/SERVICO-02.jpg 900w, https:\/\/portosma.com.br\/wp-content\/uploads\/2023\/01\/SERVICO-02-300x119.jpg 300w, https:\/\/portosma.com.br\/wp-content\/uploads\/2023\/01\/SERVICO-02-768x305.jpg 768w\" sizes=\"(max-width: 900px) 100vw, 900px\" \/><\/a><\/p>\n<h3><span style=\"color: #3366ff;\">Conhe\u00e7a todas as patentes da Marinha do Brasil<\/span><\/h3>\n<p><img decoding=\"async\" class=\"alignnone wp-image-2690 size-full\" src=\"https:\/\/portosma.com.br\/wp-content\/uploads\/2023\/01\/SERVICO-01.jpg\" alt=\"\" width=\"900\" height=\"737\" srcset=\"https:\/\/portosma.com.br\/wp-content\/uploads\/2023\/01\/SERVICO-01.jpg 900w, https:\/\/portosma.com.br\/wp-content\/uploads\/2023\/01\/SERVICO-01-300x246.jpg 300w, https:\/\/portosma.com.br\/wp-content\/uploads\/2023\/01\/SERVICO-01-768x629.jpg 768w\" sizes=\"(max-width: 900px) 100vw, 900px\" \/> &nbsp;<\/p>\n","protected":false},"excerpt":{"rendered":"<p>Trem de Passageiros da Vale, hor\u00e1rios, paradas e compra de passagens Conhe\u00e7a todas as patentes da Marinha do Brasil &nbsp;<\/p>\n","protected":false},"author":1,"featured_media":0,"parent":0,"menu_order":0,"comment_status":"closed","ping_status":"closed","template":"","meta":{"_editorskit_title_hidden":false,"_editorskit_reading_time":0,"_editorskit_is_block_options_detached":false,"_editorskit_block_options_position":"{}","ngg_post_thumbnail":0,"footnotes":""},"class_list":["post-2689","page","type-page","status-publish","hentry"],"yoast_head":"<!-- This site is optimized with the Yoast SEO plugin v22.5 - https:\/\/yoast.com\/wordpress\/plugins\/seo\/ -->\n<title>Dicas &amp; Servi\u00e7os - Portosma<\/title>\n<meta name=\"robots\" content=\"index, follow, max-snippet:-1, max-image-preview:large, max-video-preview:-1\" \/>\n<link rel=\"canonical\" href=\"https:\/\/portosma.com.br\/index.php\/dicas-servicos\/\" \/>\n<meta property=\"og:locale\" content=\"pt_BR\" \/>\n<meta property=\"og:type\" content=\"article\" \/>\n<meta property=\"og:title\" content=\"Dicas &amp; Servi\u00e7os - Portosma\" \/>\n<meta property=\"og:description\" content=\"Trem de Passageiros da Vale, hor\u00e1rios, paradas e compra de passagens Conhe\u00e7a todas as patentes da Marinha do Brasil &nbsp;\" \/>\n<meta property=\"og:url\" content=\"https:\/\/portosma.com.br\/index.php\/dicas-servicos\/\" \/>\n<meta property=\"og:site_name\" content=\"Portosma\" \/>\n<meta property=\"article:modified_time\" content=\"2023-01-26T20:07:44+00:00\" \/>\n<meta property=\"og:image\" content=\"https:\/\/portosma.com.br\/wp-content\/uploads\/2023\/01\/SERVICO-03.jpg\" \/>\n<meta name=\"twitter:card\" content=\"summary_large_image\" \/>\n<script type=\"application\/ld+json\" class=\"yoast-schema-graph\">{\"@context\":\"https:\/\/schema.org\",\"@graph\":[{\"@type\":\"WebPage\",\"@id\":\"https:\/\/portosma.com.br\/index.php\/dicas-servicos\/\",\"url\":\"https:\/\/portosma.com.br\/index.php\/dicas-servicos\/\",\"name\":\"Dicas & Servi\u00e7os - Portosma\",\"isPartOf\":{\"@id\":\"https:\/\/portosma.com.br\/#website\"},\"primaryImageOfPage\":{\"@id\":\"https:\/\/portosma.com.br\/index.php\/dicas-servicos\/#primaryimage\"},\"image\":{\"@id\":\"https:\/\/portosma.com.br\/index.php\/dicas-servicos\/#primaryimage\"},\"thumbnailUrl\":\"https:\/\/portosma.com.br\/wp-content\/uploads\/2023\/01\/SERVICO-03.jpg\",\"datePublished\":\"2023-01-26T15:39:35+00:00\",\"dateModified\":\"2023-01-26T20:07:44+00:00\",\"breadcrumb\":{\"@id\":\"https:\/\/portosma.com.br\/index.php\/dicas-servicos\/#breadcrumb\"},\"inLanguage\":\"pt-BR\",\"potentialAction\":[{\"@type\":\"ReadAction\",\"target\":[\"https:\/\/portosma.com.br\/index.php\/dicas-servicos\/\"]}]},{\"@type\":\"ImageObject\",\"inLanguage\":\"pt-BR\",\"@id\":\"https:\/\/portosma.com.br\/index.php\/dicas-servicos\/#primaryimage\",\"url\":\"https:\/\/portosma.com.br\/wp-content\/uploads\/2023\/01\/SERVICO-03.jpg\",\"contentUrl\":\"https:\/\/portosma.com.br\/wp-content\/uploads\/2023\/01\/SERVICO-03.jpg\",\"width\":900,\"height\":229},{\"@type\":\"BreadcrumbList\",\"@id\":\"https:\/\/portosma.com.br\/index.php\/dicas-servicos\/#breadcrumb\",\"itemListElement\":[{\"@type\":\"ListItem\",\"position\":1,\"name\":\"In\u00edcio\",\"item\":\"https:\/\/portosma.com.br\/\"},{\"@type\":\"ListItem\",\"position\":2,\"name\":\"Dicas &#038; Servi\u00e7os\"}]},{\"@type\":\"WebSite\",\"@id\":\"https:\/\/portosma.com.br\/#website\",\"url\":\"https:\/\/portosma.com.br\/\",\"name\":\"Portosma\",\"description\":\"Um site de not\u00edcias\",\"publisher\":{\"@id\":\"https:\/\/portosma.com.br\/#organization\"},\"potentialAction\":[{\"@type\":\"SearchAction\",\"target\":{\"@type\":\"EntryPoint\",\"urlTemplate\":\"https:\/\/portosma.com.br\/?s={search_term_string}\"},\"query-input\":\"required name=search_term_string\"}],\"inLanguage\":\"pt-BR\"},{\"@type\":\"Organization\",\"@id\":\"https:\/\/portosma.com.br\/#organization\",\"name\":\"Portosma\",\"alternateName\":\"Portosma\",\"url\":\"https:\/\/portosma.com.br\/\",\"logo\":{\"@type\":\"ImageObject\",\"inLanguage\":\"pt-BR\",\"@id\":\"https:\/\/portosma.com.br\/#\/schema\/logo\/image\/\",\"url\":\"https:\/\/portosma.com.br\/wp-content\/uploads\/2026\/03\/cropped-AD-PORTOSMA.jpg\",\"contentUrl\":\"https:\/\/portosma.com.br\/wp-content\/uploads\/2026\/03\/cropped-AD-PORTOSMA.jpg\",\"width\":400,\"height\":115,\"caption\":\"Portosma\"},\"image\":{\"@id\":\"https:\/\/portosma.com.br\/#\/schema\/logo\/image\/\"}}]}<\/script>\n<!-- \/ Yoast SEO plugin. -->","yoast_head_json":{"title":"Dicas & Servi\u00e7os - Portosma","robots":{"index":"index","follow":"follow","max-snippet":"max-snippet:-1","max-image-preview":"max-image-preview:large","max-video-preview":"max-video-preview:-1"},"canonical":"https:\/\/portosma.com.br\/index.php\/dicas-servicos\/","og_locale":"pt_BR","og_type":"article","og_title":"Dicas & Servi\u00e7os - Portosma","og_description":"Trem de Passageiros da Vale, hor\u00e1rios, paradas e compra de passagens Conhe\u00e7a todas as patentes da Marinha do Brasil &nbsp;","og_url":"https:\/\/portosma.com.br\/index.php\/dicas-servicos\/","og_site_name":"Portosma","article_modified_time":"2023-01-26T20:07:44+00:00","og_image":[{"url":"https:\/\/portosma.com.br\/wp-content\/uploads\/2023\/01\/SERVICO-03.jpg"}],"twitter_card":"summary_large_image","schema":{"@context":"https:\/\/schema.org","@graph":[{"@type":"WebPage","@id":"https:\/\/portosma.com.br\/index.php\/dicas-servicos\/","url":"https:\/\/portosma.com.br\/index.php\/dicas-servicos\/","name":"Dicas & Servi\u00e7os - Portosma","isPartOf":{"@id":"https:\/\/portosma.com.br\/#website"},"primaryImageOfPage":{"@id":"https:\/\/portosma.com.br\/index.php\/dicas-servicos\/#primaryimage"},"image":{"@id":"https:\/\/portosma.com.br\/index.php\/dicas-servicos\/#primaryimage"},"thumbnailUrl":"https:\/\/portosma.com.br\/wp-content\/uploads\/2023\/01\/SERVICO-03.jpg","datePublished":"2023-01-26T15:39:35+00:00","dateModified":"2023-01-26T20:07:44+00:00","breadcrumb":{"@id":"https:\/\/portosma.com.br\/index.php\/dicas-servicos\/#breadcrumb"},"inLanguage":"pt-BR","potentialAction":[{"@type":"ReadAction","target":["https:\/\/portosma.com.br\/index.php\/dicas-servicos\/"]}]},{"@type":"ImageObject","inLanguage":"pt-BR","@id":"https:\/\/portosma.com.br\/index.php\/dicas-servicos\/#primaryimage","url":"https:\/\/portosma.com.br\/wp-content\/uploads\/2023\/01\/SERVICO-03.jpg","contentUrl":"https:\/\/portosma.com.br\/wp-content\/uploads\/2023\/01\/SERVICO-03.jpg","width":900,"height":229},{"@type":"BreadcrumbList","@id":"https:\/\/portosma.com.br\/index.php\/dicas-servicos\/#breadcrumb","itemListElement":[{"@type":"ListItem","position":1,"name":"In\u00edcio","item":"https:\/\/portosma.com.br\/"},{"@type":"ListItem","position":2,"name":"Dicas &#038; Servi\u00e7os"}]},{"@type":"WebSite","@id":"https:\/\/portosma.com.br\/#website","url":"https:\/\/portosma.com.br\/","name":"Portosma","description":"Um site de not\u00edcias","publisher":{"@id":"https:\/\/portosma.com.br\/#organization"},"potentialAction":[{"@type":"SearchAction","target":{"@type":"EntryPoint","urlTemplate":"https:\/\/portosma.com.br\/?s={search_term_string}"},"query-input":"required name=search_term_string"}],"inLanguage":"pt-BR"},{"@type":"Organization","@id":"https:\/\/portosma.com.br\/#organization","name":"Portosma","alternateName":"Portosma","url":"https:\/\/portosma.com.br\/","logo":{"@type":"ImageObject","inLanguage":"pt-BR","@id":"https:\/\/portosma.com.br\/#\/schema\/logo\/image\/","url":"https:\/\/portosma.com.br\/wp-content\/uploads\/2026\/03\/cropped-AD-PORTOSMA.jpg","contentUrl":"https:\/\/portosma.com.br\/wp-content\/uploads\/2026\/03\/cropped-AD-PORTOSMA.jpg","width":400,"height":115,"caption":"Portosma"},"image":{"@id":"https:\/\/portosma.com.br\/#\/schema\/logo\/image\/"}}]}},"_links":{"self":[{"href":"https:\/\/portosma.com.br\/index.php\/wp-json\/wp\/v2\/pages\/2689","targetHints":{"allow":["GET"]}}],"collection":[{"href":"https:\/\/portosma.com.br\/index.php\/wp-json\/wp\/v2\/pages"}],"about":[{"href":"https:\/\/portosma.com.br\/index.php\/wp-json\/wp\/v2\/types\/page"}],"author":[{"embeddable":true,"href":"https:\/\/portosma.com.br\/index.php\/wp-json\/wp\/v2\/users\/1"}],"replies":[{"embeddable":true,"href":"https:\/\/portosma.com.br\/index.php\/wp-json\/wp\/v2\/comments?post=2689"}],"version-history":[{"count":6,"href":"https:\/\/portosma.com.br\/index.php\/wp-json\/wp\/v2\/pages\/2689\/revisions"}],"predecessor-version":[{"id":2700,"href":"https:\/\/portosma.com.br\/index.php\/wp-json\/wp\/v2\/pages\/2689\/revisions\/2700"}],"wp:attachment":[{"href":"https:\/\/portosma.com.br\/index.php\/wp-json\/wp\/v2\/media?parent=2689"}],"curies":[{"name":"wp","href":"https:\/\/api.w.org\/{rel}","templated":true}]}}