{"id":2320,"date":"2023-01-22T13:40:55","date_gmt":"2023-01-22T13:40:55","guid":{"rendered":"https:\/\/portosma.com.br\/?page_id=2320"},"modified":"2025-12-10T22:44:50","modified_gmt":"2025-12-10T22:44:50","slug":"links-importantes","status":"publish","type":"page","link":"https:\/\/portosma.com.br\/index.php\/links-importantes\/","title":{"rendered":"Links importantes"},"content":{"rendered":"<p>*** <a href=\"https:\/\/www.bing.com\/search?q=+MOBI+MARANH%C3%83O&amp;qs=n&amp;form=QBRE&amp;sp=-1&amp;pq=mobi+maranh%C3%A3o&amp;sc=10-13&amp;sk=&amp;cvid=37216527FBA8440590AA22E6BE60CA79&amp;ghsh=0&amp;ghacc=0&amp;ghpl=\">Ag\u00eancia Estadual de Transporte e Mobilidade Urbana \u2013 MOBI<\/a><\/p>\n<p>*** <a href=\"https:\/\/www.gov.br\/antt\/pt-br\">Ag\u00eancia Nacional de Transportes Terrestres &#8211; ANTT<\/a><\/p>\n<p>***<a href=\"https:\/\/www.gov.br\/anp\/pt-br\"> Ag\u00eancia Nacional de Petr\u00f3leo, G\u00e1s Natural e Biocombust\u00edveis &#8211; ANP<\/a><\/p>\n<p>*** <a href=\"http:\/\/www.apem-ma.com.br\/\">Associa\u00e7\u00e3o de Praticagem do Maranh\u00e3o<\/a><\/p>\n<p>*** <a href=\"https:\/\/www.portosprivados.org.br\/\">Associa\u00e7\u00e3o dos Terminais Portu\u00e1rios Privados &#8211; ATP<\/a><\/p>\n<p>*** <a href=\"https:\/\/www.gov.br\/antaq\/pt-br\">Ag\u00eancia Nacional de Transportes Aquavi\u00e1rios &#8211; ANTAQ<\/a><\/p>\n<p>***<a href=\"https:\/\/www.al.ma.leg.br\/home\/\"> Assembleia Legislativa do Estado do Maranh\u00e3o<\/a><\/p>\n<p>*** <a href=\"https:\/\/www.marinha.mil.br\/cpma\/\">Capitania dos Portos do Maranh\u00e3o<\/a><\/p>\n<p>*** <a href=\"https:\/\/www.copiporto.com.br\/\">Companhia Operadora Portu\u00e1ria do Itaqui \u2013 COPI<\/a><\/p>\n<p>*** <a href=\"https:\/\/www.praticagemdobrasil.org.br\/\">Conselho Nacional de Praticagem \u2013 CONAPRA<\/a><\/p>\n<p>*** <a href=\"https:\/\/cbm.ssp.ma.gov.br\/\">Corpo de Bombeiros do Maranh\u00e3o<\/a><\/p>\n<p>*** <a href=\"https:\/\/www.marinha.mil.br\/chm\/dados-do-segnav-cartas-nauticas\/cartas-nauticas\">Diretoria de Hidrovia e Navega\u00e7\u00e3o \u2013 DHN<\/a><\/p>\n<p>*** <a href=\"https:\/\/www.marinha.mil.br\/chm\/\">Centro de Hidrografia da Marinha<\/a> &#8211; <a href=\"https:\/\/www.marinha.mil.br\/chm\/dados-do-segnav\/dados-de-mare-mapa\">T\u00c1BUA DE MAR\u00c9<\/a><\/p>\n<p>*** <a href=\"http:\/\/www.detran.ma.gov.br\/\">Departamento Estadual de Tr\u00e2nsito do Maranh\u00e3o &#8211; DETRAN<\/a><\/p>\n<p>*** <a href=\"https:\/\/www.marinha.mil.br\/dpc\/\">Diretoria de Portos e Costa \u2013 DPC<\/a><\/p>\n<p>*** <a href=\"https:\/\/www.portodoitaqui.com\/\">Empresa Maranhense de Administra\u00e7\u00e3o Portu\u00e1ria \u2013 EMAP<\/a><\/p>\n<p>*** <a href=\"https:\/\/alistamento.eb.mil.br\/\">Ex\u00e9rcito Brasileiro<\/a><\/p>\n<p>*** <a href=\"https:\/\/www.alcoa.com\/brasil\/pt\/\">F\u00e1brica de Alum\u00ednio do Maranh\u00e3o \u2013 ALUMAR<\/a><\/p>\n<p>*** <a href=\"https:\/\/www.fenamar.com.br\/\">Federa\u00e7\u00e3o Nacional das Ag\u00eancias de Navega\u00e7\u00e3o \u2013 FENAMAR<\/a><\/p>\n<p>*** <a href=\"https:\/\/www.ma.gov.br\/\">Governo do Estado do Maranh\u00e3o<\/a><\/p>\n<p>*** <a href=\"https:\/\/www.granel.com.br\/\">Odfjeel Terminais &#8211; Granel Qu\u00edmica<\/a><\/p>\n<p>*** <a href=\"https:\/\/www.marinha.mil.br\/\">Marinha do Brasil<\/a><\/p>\n<p>*** <a href=\"https:\/\/www.vale.com\/pt\/\">Mineradora Vale<\/a><\/p>\n<p>*** <a href=\"https:\/\/www.ssp.ma.gov.br\/category\/policia-militar\/\">Pol\u00edcia Militar do Estado do Maranh\u00e3o<\/a><\/p>\n<p>*** <a href=\"https:\/\/www.gov.br\/prf\/pt-br\">Pol\u00edcia Rodovi\u00e1ria Federal<\/a><\/p>\n<p>*** <a href=\"https:\/\/www.saoluis.ma.gov.br\/\">Prefeitura Municipal de S\u00e3o Lu\u00eds<\/a><\/p>\n<p>*** <a href=\"https:\/\/www.marinha.mil.br\/com4dn\/\">Quarto Distrito Naval da Marinha do Brasil<\/a><\/p>\n<p>*** <a href=\"https:\/\/www.saude.ma.gov.br\/\">Secretaria de Sa\u00fade do Estado do Maranh\u00e3o<\/a><\/p>\n<p>*** <a href=\"https:\/\/sistemas1.sefaz.ma.gov.br\/portalsefaz\/jsp\/principal\/principal.jsf\">Secretaria Estadual de Fazendo da Estado do Maranh\u00e3o<\/a><\/p>\n<p><a href=\"http:\/\/sema.ma.gov.br\">*** Secretaria de Estado do Meio Ambiente e Recursos Naturais do Maranh\u00e3o &#8211; SEMA<\/a><\/p>\n<p>*** <a href=\"https:\/\/www.semfaz.saoluis.ma.gov.br\/\">Secretaria Municipal de Fazenda do munic\u00edpio de S\u00e3o Lu\u00eds<\/a><\/p>\n<p>*** <a href=\"https:\/\/www.marinha.mil.br\/tm\/\">Tribunal Mar\u00edtimo da Marinha do Brasil<\/a><\/p>\n<p>&nbsp;<\/p>\n","protected":false},"excerpt":{"rendered":"<p>*** Ag\u00eancia Estadual de Transporte e Mobilidade Urbana \u2013 MOBI *** Ag\u00eancia Nacional de Transportes Terrestres &#8211; ANTT *** Ag\u00eancia Nacional de Petr\u00f3leo, G\u00e1s Natural e Biocombust\u00edveis &#8211; ANP *** Associa\u00e7\u00e3o de Praticagem do Maranh\u00e3o *** Associa\u00e7\u00e3o dos Terminais Portu\u00e1rios Privados &#8211; ATP *** Ag\u00eancia Nacional de Transportes Aquavi\u00e1rios &#8211; ANTAQ *** Assembleia Legislativa do [&hellip;]<\/p>\n","protected":false},"author":1,"featured_media":0,"parent":0,"menu_order":0,"comment_status":"closed","ping_status":"closed","template":"","meta":{"_editorskit_title_hidden":false,"_editorskit_reading_time":0,"_editorskit_is_block_options_detached":false,"_editorskit_block_options_position":"{}","ngg_post_thumbnail":0,"footnotes":""},"class_list":["post-2320","page","type-page","status-publish","hentry"],"yoast_head":"<!-- This site is optimized with the Yoast SEO plugin v22.5 - https:\/\/yoast.com\/wordpress\/plugins\/seo\/ -->\n<title>Links importantes - Portosma<\/title>\n<meta name=\"robots\" content=\"index, follow, max-snippet:-1, max-image-preview:large, max-video-preview:-1\" \/>\n<link rel=\"canonical\" href=\"https:\/\/portosma.com.br\/index.php\/links-importantes\/\" \/>\n<meta property=\"og:locale\" content=\"pt_BR\" \/>\n<meta property=\"og:type\" content=\"article\" \/>\n<meta property=\"og:title\" content=\"Links importantes - Portosma\" \/>\n<meta property=\"og:description\" content=\"*** Ag\u00eancia Estadual de Transporte e Mobilidade Urbana \u2013 MOBI *** Ag\u00eancia Nacional de Transportes Terrestres &#8211; ANTT *** Ag\u00eancia Nacional de Petr\u00f3leo, G\u00e1s Natural e Biocombust\u00edveis &#8211; ANP *** Associa\u00e7\u00e3o de Praticagem do Maranh\u00e3o *** Associa\u00e7\u00e3o dos Terminais Portu\u00e1rios Privados &#8211; ATP *** Ag\u00eancia Nacional de Transportes Aquavi\u00e1rios &#8211; ANTAQ *** Assembleia Legislativa do [&hellip;]\" \/>\n<meta property=\"og:url\" content=\"https:\/\/portosma.com.br\/index.php\/links-importantes\/\" \/>\n<meta property=\"og:site_name\" content=\"Portosma\" \/>\n<meta property=\"article:modified_time\" content=\"2025-12-10T22:44:50+00:00\" \/>\n<meta name=\"twitter:card\" content=\"summary_large_image\" \/>\n<meta name=\"twitter:label1\" content=\"Est. tempo de leitura\" \/>\n\t<meta name=\"twitter:data1\" content=\"2 minutos\" \/>\n<script type=\"application\/ld+json\" class=\"yoast-schema-graph\">{\"@context\":\"https:\/\/schema.org\",\"@graph\":[{\"@type\":\"WebPage\",\"@id\":\"https:\/\/portosma.com.br\/index.php\/links-importantes\/\",\"url\":\"https:\/\/portosma.com.br\/index.php\/links-importantes\/\",\"name\":\"Links importantes - Portosma\",\"isPartOf\":{\"@id\":\"https:\/\/portosma.com.br\/#website\"},\"datePublished\":\"2023-01-22T13:40:55+00:00\",\"dateModified\":\"2025-12-10T22:44:50+00:00\",\"breadcrumb\":{\"@id\":\"https:\/\/portosma.com.br\/index.php\/links-importantes\/#breadcrumb\"},\"inLanguage\":\"pt-BR\",\"potentialAction\":[{\"@type\":\"ReadAction\",\"target\":[\"https:\/\/portosma.com.br\/index.php\/links-importantes\/\"]}]},{\"@type\":\"BreadcrumbList\",\"@id\":\"https:\/\/portosma.com.br\/index.php\/links-importantes\/#breadcrumb\",\"itemListElement\":[{\"@type\":\"ListItem\",\"position\":1,\"name\":\"In\u00edcio\",\"item\":\"https:\/\/portosma.com.br\/\"},{\"@type\":\"ListItem\",\"position\":2,\"name\":\"Links importantes\"}]},{\"@type\":\"WebSite\",\"@id\":\"https:\/\/portosma.com.br\/#website\",\"url\":\"https:\/\/portosma.com.br\/\",\"name\":\"Portosma\",\"description\":\"Um site de not\u00edcias\",\"publisher\":{\"@id\":\"https:\/\/portosma.com.br\/#organization\"},\"potentialAction\":[{\"@type\":\"SearchAction\",\"target\":{\"@type\":\"EntryPoint\",\"urlTemplate\":\"https:\/\/portosma.com.br\/?s={search_term_string}\"},\"query-input\":\"required name=search_term_string\"}],\"inLanguage\":\"pt-BR\"},{\"@type\":\"Organization\",\"@id\":\"https:\/\/portosma.com.br\/#organization\",\"name\":\"Portosma\",\"alternateName\":\"Portosma\",\"url\":\"https:\/\/portosma.com.br\/\",\"logo\":{\"@type\":\"ImageObject\",\"inLanguage\":\"pt-BR\",\"@id\":\"https:\/\/portosma.com.br\/#\/schema\/logo\/image\/\",\"url\":\"https:\/\/portosma.com.br\/wp-content\/uploads\/2026\/03\/cropped-AD-PORTOSMA.jpg\",\"contentUrl\":\"https:\/\/portosma.com.br\/wp-content\/uploads\/2026\/03\/cropped-AD-PORTOSMA.jpg\",\"width\":400,\"height\":115,\"caption\":\"Portosma\"},\"image\":{\"@id\":\"https:\/\/portosma.com.br\/#\/schema\/logo\/image\/\"}}]}<\/script>\n<!-- \/ Yoast SEO plugin. -->","yoast_head_json":{"title":"Links importantes - Portosma","robots":{"index":"index","follow":"follow","max-snippet":"max-snippet:-1","max-image-preview":"max-image-preview:large","max-video-preview":"max-video-preview:-1"},"canonical":"https:\/\/portosma.com.br\/index.php\/links-importantes\/","og_locale":"pt_BR","og_type":"article","og_title":"Links importantes - Portosma","og_description":"*** Ag\u00eancia Estadual de Transporte e Mobilidade Urbana \u2013 MOBI *** Ag\u00eancia Nacional de Transportes Terrestres &#8211; ANTT *** Ag\u00eancia Nacional de Petr\u00f3leo, G\u00e1s Natural e Biocombust\u00edveis &#8211; ANP *** Associa\u00e7\u00e3o de Praticagem do Maranh\u00e3o *** Associa\u00e7\u00e3o dos Terminais Portu\u00e1rios Privados &#8211; ATP *** Ag\u00eancia Nacional de Transportes Aquavi\u00e1rios &#8211; ANTAQ *** Assembleia Legislativa do [&hellip;]","og_url":"https:\/\/portosma.com.br\/index.php\/links-importantes\/","og_site_name":"Portosma","article_modified_time":"2025-12-10T22:44:50+00:00","twitter_card":"summary_large_image","twitter_misc":{"Est. tempo de leitura":"2 minutos"},"schema":{"@context":"https:\/\/schema.org","@graph":[{"@type":"WebPage","@id":"https:\/\/portosma.com.br\/index.php\/links-importantes\/","url":"https:\/\/portosma.com.br\/index.php\/links-importantes\/","name":"Links importantes - Portosma","isPartOf":{"@id":"https:\/\/portosma.com.br\/#website"},"datePublished":"2023-01-22T13:40:55+00:00","dateModified":"2025-12-10T22:44:50+00:00","breadcrumb":{"@id":"https:\/\/portosma.com.br\/index.php\/links-importantes\/#breadcrumb"},"inLanguage":"pt-BR","potentialAction":[{"@type":"ReadAction","target":["https:\/\/portosma.com.br\/index.php\/links-importantes\/"]}]},{"@type":"BreadcrumbList","@id":"https:\/\/portosma.com.br\/index.php\/links-importantes\/#breadcrumb","itemListElement":[{"@type":"ListItem","position":1,"name":"In\u00edcio","item":"https:\/\/portosma.com.br\/"},{"@type":"ListItem","position":2,"name":"Links importantes"}]},{"@type":"WebSite","@id":"https:\/\/portosma.com.br\/#website","url":"https:\/\/portosma.com.br\/","name":"Portosma","description":"Um site de not\u00edcias","publisher":{"@id":"https:\/\/portosma.com.br\/#organization"},"potentialAction":[{"@type":"SearchAction","target":{"@type":"EntryPoint","urlTemplate":"https:\/\/portosma.com.br\/?s={search_term_string}"},"query-input":"required name=search_term_string"}],"inLanguage":"pt-BR"},{"@type":"Organization","@id":"https:\/\/portosma.com.br\/#organization","name":"Portosma","alternateName":"Portosma","url":"https:\/\/portosma.com.br\/","logo":{"@type":"ImageObject","inLanguage":"pt-BR","@id":"https:\/\/portosma.com.br\/#\/schema\/logo\/image\/","url":"https:\/\/portosma.com.br\/wp-content\/uploads\/2026\/03\/cropped-AD-PORTOSMA.jpg","contentUrl":"https:\/\/portosma.com.br\/wp-content\/uploads\/2026\/03\/cropped-AD-PORTOSMA.jpg","width":400,"height":115,"caption":"Portosma"},"image":{"@id":"https:\/\/portosma.com.br\/#\/schema\/logo\/image\/"}}]}},"_links":{"self":[{"href":"https:\/\/portosma.com.br\/index.php\/wp-json\/wp\/v2\/pages\/2320","targetHints":{"allow":["GET"]}}],"collection":[{"href":"https:\/\/portosma.com.br\/index.php\/wp-json\/wp\/v2\/pages"}],"about":[{"href":"https:\/\/portosma.com.br\/index.php\/wp-json\/wp\/v2\/types\/page"}],"author":[{"embeddable":true,"href":"https:\/\/portosma.com.br\/index.php\/wp-json\/wp\/v2\/users\/1"}],"replies":[{"embeddable":true,"href":"https:\/\/portosma.com.br\/index.php\/wp-json\/wp\/v2\/comments?post=2320"}],"version-history":[{"count":21,"href":"https:\/\/portosma.com.br\/index.php\/wp-json\/wp\/v2\/pages\/2320\/revisions"}],"predecessor-version":[{"id":27025,"href":"https:\/\/portosma.com.br\/index.php\/wp-json\/wp\/v2\/pages\/2320\/revisions\/27025"}],"wp:attachment":[{"href":"https:\/\/portosma.com.br\/index.php\/wp-json\/wp\/v2\/media?parent=2320"}],"curies":[{"name":"wp","href":"https:\/\/api.w.org\/{rel}","templated":true}]}}