{"id":2175,"date":"2023-01-19T22:58:10","date_gmt":"2023-01-19T22:58:10","guid":{"rendered":"https:\/\/portosma.com.br\/?page_id=2175"},"modified":"2023-03-21T13:51:21","modified_gmt":"2023-03-21T13:51:21","slug":"terminal-portuario-do-itaqui","status":"publish","type":"page","link":"https:\/\/portosma.com.br\/index.php\/terminal-portuario-do-itaqui\/","title":{"rendered":"Terminal Portu\u00e1rio do Itaqui"},"content":{"rendered":"<p><img fetchpriority=\"high\" decoding=\"async\" class=\"alignnone wp-image-2170 size-full\" src=\"https:\/\/portosma.com.br\/wp-content\/uploads\/2023\/01\/TPITAQUI.jpg\" alt=\"\" width=\"800\" height=\"439\" srcset=\"https:\/\/portosma.com.br\/wp-content\/uploads\/2023\/01\/TPITAQUI.jpg 800w, https:\/\/portosma.com.br\/wp-content\/uploads\/2023\/01\/TPITAQUI-300x165.jpg 300w, https:\/\/portosma.com.br\/wp-content\/uploads\/2023\/01\/TPITAQUI-768x421.jpg 768w\" sizes=\"(max-width: 800px) 100vw, 800px\" \/><\/p>\n<p>Estudos do Departamento Nacional de Portos e Navega\u00e7\u00e3o, do Minist\u00e9rio da Via\u00e7\u00e3o e Obras P\u00fablicas, realizados em 1939, indicaram a regi\u00e3o de Itaqui para a implanta\u00e7\u00e3o de um novo porto no Maranh\u00e3o. Isso ocorreu ap\u00f3s serem abandonadas as tentativas de constru\u00e7\u00e3o de instala\u00e7\u00f5es para acostagem unidas ao centro comercial da cidade de S\u00e3o Lu\u00eds, previstas no Decreto n\u00ba 13.133, de 7 de agosto de 1918, e definidas na concess\u00e3o outorgada pela Uni\u00e3o ao governo estadual, pelo Decreto n\u00ba 13.270, de 6 de novembro do mesmo ano. Tal constru\u00e7\u00e3o, embora com a execu\u00e7\u00e3o contratada \u00e0 empresa C.H. Walker &amp; Co. Ltda., n\u00e3o prosperou.<\/p>\n<p>Pelo Decreto n\u00ba 16.108, de 31 de julho de 1923, a aludida concess\u00e3o foi extinta, surgindo, ent\u00e3o, o desenvolvimento do projeto para Itaqui. As obras em Itaqui, tiveram in\u00edcio em 1960, sob a gest\u00e3o do Departamento Nacional de Portos Rios e Canais \u2013 DNPRC, transformado em autarquia em abril de 1963, com a denomina\u00e7\u00e3o de Departamento Nacional de Portos e Vias Naveg\u00e1veis \u2013 DNPVN que deu prosseguimento as obras de constru\u00e7\u00e3o do porto. Em 28 de dezembro de 1973, foi ent\u00e3o criada Companhia Docas do Maranh\u00e3o \u2013 Codomar, para administrar as novas instala\u00e7\u00f5es, isto \u00e9, um cais com 637 m de extens\u00e3o, entregue ao tr\u00e1fego em 4 de julho de 1974.<\/p>\n<p>Finalmente, atrav\u00e9s do Conv\u00eanio de Delega\u00e7\u00e3o entre a Uni\u00e3o e o Estado do Maranh\u00e3o, com a interveni\u00eancia da Companhia Docas do Maranh\u00e3o \u2013 Codomar, de 30 de novembro de 2000, foi criada a Empresa Maranhense de Administra\u00e7\u00e3o Portu\u00e1ria \u2013 EMAP, empresa estatal, para administrar e explorar o porto de Itaqui, o cais de S\u00e3o Jos\u00e9 do Ribamar e os terminais de Ferry-Boat, da Ponta da Espera, em S\u00e3o Lu\u00eds, e do Cujupe, no munic\u00edpio de Alc\u00e2ntara.<\/p>\n<p><span style=\"color: #993300;\"><strong>ADMINISTRA\u00c7\u00c3O: EMPRESA MARANHENSE DE ADMINISTRA\u00c7\u00c3O PORTU\u00c1RIA \u2013 EMAP<\/strong><\/span><\/p>\n<p>O porto \u00e9 administrado pela Empresa Maranhense de Administra\u00e7\u00e3o Portu\u00e1ria \u2013 EMAP. Situa-se na ba\u00eda de S\u00e3o Marcos, no munic\u00edpio de S\u00e3o Lu\u00eds (MA), pr\u00f3ximo ao limite da Regi\u00e3o Nordeste. Os acessos s\u00e3o feitos via rodovi\u00e1ria pela BR-135, que encontra a BR-222 a 95 km de Itaqui. Tamb\u00e9m atrav\u00e9s da Malha Nordeste e Estrada de Ferro Caraj\u00e1s, pela Companhia Ferrovi\u00e1ria do Nordeste S.A. (CFN) e VALE S.A. Via fluvial o acesso \u00e9 feito atrav\u00e9s dos rios Mearim, Pindar\u00e9, dos Cachorros e Graja\u00fa, limitados pelas pequenas profundidades. O canal de acesso oferece profundidade natural m\u00ednima de 23 m e largura aproximada de 1,8 km.<\/p>\n<p><span style=\"color: #993300;\"><strong>LOCALIZA\u00c7\u00c3O DO PORTO DO ITAQUI<\/strong><\/span><\/p>\n<p>EMPRESA MARANHENSE DE ADMINISTRA\u00c7\u00c3O PORTU\u00c1RIA \u2013 EMAP<br \/>\nAv. dos Portugueses, s\/n \u2013 CEP: 65085-370 \u2013 Itaqui \u2013 S\u00e3o Lu\u00eds (MA)<br \/>\nTel.: (98) 3216-6000 \u2013 Telefax: (98) 3216-6060<\/p>\n<p><a href=\"https:\/\/www.portodoitaqui.com\/emap\/a-emap\">CLICK AQUI PARA ACESSAR O SITE DA EMAP<\/a><\/p>\n","protected":false},"excerpt":{"rendered":"<p>Estudos do Departamento Nacional de Portos e Navega\u00e7\u00e3o, do Minist\u00e9rio da Via\u00e7\u00e3o e Obras P\u00fablicas, realizados em 1939, indicaram a regi\u00e3o de Itaqui para a implanta\u00e7\u00e3o de um novo porto no Maranh\u00e3o. Isso ocorreu ap\u00f3s serem abandonadas as tentativas de constru\u00e7\u00e3o de instala\u00e7\u00f5es para acostagem unidas ao centro comercial da cidade de S\u00e3o Lu\u00eds, previstas [&hellip;]<\/p>\n","protected":false},"author":1,"featured_media":0,"parent":0,"menu_order":0,"comment_status":"closed","ping_status":"closed","template":"","meta":{"_editorskit_title_hidden":false,"_editorskit_reading_time":0,"_editorskit_is_block_options_detached":false,"_editorskit_block_options_position":"{}","ngg_post_thumbnail":0,"footnotes":""},"class_list":["post-2175","page","type-page","status-publish","hentry"],"yoast_head":"<!-- This site is optimized with the Yoast SEO plugin v22.5 - https:\/\/yoast.com\/wordpress\/plugins\/seo\/ -->\n<title>Terminal Portu\u00e1rio do Itaqui - Portosma<\/title>\n<meta name=\"robots\" content=\"index, follow, max-snippet:-1, max-image-preview:large, max-video-preview:-1\" \/>\n<link rel=\"canonical\" href=\"https:\/\/portosma.com.br\/index.php\/terminal-portuario-do-itaqui\/\" \/>\n<meta property=\"og:locale\" content=\"pt_BR\" \/>\n<meta property=\"og:type\" content=\"article\" \/>\n<meta property=\"og:title\" content=\"Terminal Portu\u00e1rio do Itaqui - Portosma\" \/>\n<meta property=\"og:description\" content=\"Estudos do Departamento Nacional de Portos e Navega\u00e7\u00e3o, do Minist\u00e9rio da Via\u00e7\u00e3o e Obras P\u00fablicas, realizados em 1939, indicaram a regi\u00e3o de Itaqui para a implanta\u00e7\u00e3o de um novo porto no Maranh\u00e3o. Isso ocorreu ap\u00f3s serem abandonadas as tentativas de constru\u00e7\u00e3o de instala\u00e7\u00f5es para acostagem unidas ao centro comercial da cidade de S\u00e3o Lu\u00eds, previstas [&hellip;]\" \/>\n<meta property=\"og:url\" content=\"https:\/\/portosma.com.br\/index.php\/terminal-portuario-do-itaqui\/\" \/>\n<meta property=\"og:site_name\" content=\"Portosma\" \/>\n<meta property=\"article:modified_time\" content=\"2023-03-21T13:51:21+00:00\" \/>\n<meta property=\"og:image\" content=\"https:\/\/portosma.com.br\/wp-content\/uploads\/2023\/01\/TPITAQUI.jpg\" \/>\n<meta name=\"twitter:card\" content=\"summary_large_image\" \/>\n<meta name=\"twitter:label1\" content=\"Est. tempo de leitura\" \/>\n\t<meta name=\"twitter:data1\" content=\"2 minutos\" \/>\n<script type=\"application\/ld+json\" class=\"yoast-schema-graph\">{\"@context\":\"https:\/\/schema.org\",\"@graph\":[{\"@type\":\"WebPage\",\"@id\":\"https:\/\/portosma.com.br\/index.php\/terminal-portuario-do-itaqui\/\",\"url\":\"https:\/\/portosma.com.br\/index.php\/terminal-portuario-do-itaqui\/\",\"name\":\"Terminal Portu\u00e1rio do Itaqui - Portosma\",\"isPartOf\":{\"@id\":\"https:\/\/portosma.com.br\/#website\"},\"primaryImageOfPage\":{\"@id\":\"https:\/\/portosma.com.br\/index.php\/terminal-portuario-do-itaqui\/#primaryimage\"},\"image\":{\"@id\":\"https:\/\/portosma.com.br\/index.php\/terminal-portuario-do-itaqui\/#primaryimage\"},\"thumbnailUrl\":\"https:\/\/portosma.com.br\/wp-content\/uploads\/2023\/01\/TPITAQUI.jpg\",\"datePublished\":\"2023-01-19T22:58:10+00:00\",\"dateModified\":\"2023-03-21T13:51:21+00:00\",\"breadcrumb\":{\"@id\":\"https:\/\/portosma.com.br\/index.php\/terminal-portuario-do-itaqui\/#breadcrumb\"},\"inLanguage\":\"pt-BR\",\"potentialAction\":[{\"@type\":\"ReadAction\",\"target\":[\"https:\/\/portosma.com.br\/index.php\/terminal-portuario-do-itaqui\/\"]}]},{\"@type\":\"ImageObject\",\"inLanguage\":\"pt-BR\",\"@id\":\"https:\/\/portosma.com.br\/index.php\/terminal-portuario-do-itaqui\/#primaryimage\",\"url\":\"https:\/\/portosma.com.br\/wp-content\/uploads\/2023\/01\/TPITAQUI.jpg\",\"contentUrl\":\"https:\/\/portosma.com.br\/wp-content\/uploads\/2023\/01\/TPITAQUI.jpg\",\"width\":800,\"height\":439},{\"@type\":\"BreadcrumbList\",\"@id\":\"https:\/\/portosma.com.br\/index.php\/terminal-portuario-do-itaqui\/#breadcrumb\",\"itemListElement\":[{\"@type\":\"ListItem\",\"position\":1,\"name\":\"In\u00edcio\",\"item\":\"https:\/\/portosma.com.br\/\"},{\"@type\":\"ListItem\",\"position\":2,\"name\":\"Terminal Portu\u00e1rio do Itaqui\"}]},{\"@type\":\"WebSite\",\"@id\":\"https:\/\/portosma.com.br\/#website\",\"url\":\"https:\/\/portosma.com.br\/\",\"name\":\"Portosma\",\"description\":\"Um site de not\u00edcias\",\"publisher\":{\"@id\":\"https:\/\/portosma.com.br\/#organization\"},\"potentialAction\":[{\"@type\":\"SearchAction\",\"target\":{\"@type\":\"EntryPoint\",\"urlTemplate\":\"https:\/\/portosma.com.br\/?s={search_term_string}\"},\"query-input\":\"required name=search_term_string\"}],\"inLanguage\":\"pt-BR\"},{\"@type\":\"Organization\",\"@id\":\"https:\/\/portosma.com.br\/#organization\",\"name\":\"Portosma\",\"alternateName\":\"Portosma\",\"url\":\"https:\/\/portosma.com.br\/\",\"logo\":{\"@type\":\"ImageObject\",\"inLanguage\":\"pt-BR\",\"@id\":\"https:\/\/portosma.com.br\/#\/schema\/logo\/image\/\",\"url\":\"https:\/\/portosma.com.br\/wp-content\/uploads\/2026\/03\/cropped-AD-PORTOSMA.jpg\",\"contentUrl\":\"https:\/\/portosma.com.br\/wp-content\/uploads\/2026\/03\/cropped-AD-PORTOSMA.jpg\",\"width\":400,\"height\":115,\"caption\":\"Portosma\"},\"image\":{\"@id\":\"https:\/\/portosma.com.br\/#\/schema\/logo\/image\/\"}}]}<\/script>\n<!-- \/ Yoast SEO plugin. -->","yoast_head_json":{"title":"Terminal Portu\u00e1rio do Itaqui - Portosma","robots":{"index":"index","follow":"follow","max-snippet":"max-snippet:-1","max-image-preview":"max-image-preview:large","max-video-preview":"max-video-preview:-1"},"canonical":"https:\/\/portosma.com.br\/index.php\/terminal-portuario-do-itaqui\/","og_locale":"pt_BR","og_type":"article","og_title":"Terminal Portu\u00e1rio do Itaqui - Portosma","og_description":"Estudos do Departamento Nacional de Portos e Navega\u00e7\u00e3o, do Minist\u00e9rio da Via\u00e7\u00e3o e Obras P\u00fablicas, realizados em 1939, indicaram a regi\u00e3o de Itaqui para a implanta\u00e7\u00e3o de um novo porto no Maranh\u00e3o. Isso ocorreu ap\u00f3s serem abandonadas as tentativas de constru\u00e7\u00e3o de instala\u00e7\u00f5es para acostagem unidas ao centro comercial da cidade de S\u00e3o Lu\u00eds, previstas [&hellip;]","og_url":"https:\/\/portosma.com.br\/index.php\/terminal-portuario-do-itaqui\/","og_site_name":"Portosma","article_modified_time":"2023-03-21T13:51:21+00:00","og_image":[{"url":"https:\/\/portosma.com.br\/wp-content\/uploads\/2023\/01\/TPITAQUI.jpg"}],"twitter_card":"summary_large_image","twitter_misc":{"Est. tempo de leitura":"2 minutos"},"schema":{"@context":"https:\/\/schema.org","@graph":[{"@type":"WebPage","@id":"https:\/\/portosma.com.br\/index.php\/terminal-portuario-do-itaqui\/","url":"https:\/\/portosma.com.br\/index.php\/terminal-portuario-do-itaqui\/","name":"Terminal Portu\u00e1rio do Itaqui - Portosma","isPartOf":{"@id":"https:\/\/portosma.com.br\/#website"},"primaryImageOfPage":{"@id":"https:\/\/portosma.com.br\/index.php\/terminal-portuario-do-itaqui\/#primaryimage"},"image":{"@id":"https:\/\/portosma.com.br\/index.php\/terminal-portuario-do-itaqui\/#primaryimage"},"thumbnailUrl":"https:\/\/portosma.com.br\/wp-content\/uploads\/2023\/01\/TPITAQUI.jpg","datePublished":"2023-01-19T22:58:10+00:00","dateModified":"2023-03-21T13:51:21+00:00","breadcrumb":{"@id":"https:\/\/portosma.com.br\/index.php\/terminal-portuario-do-itaqui\/#breadcrumb"},"inLanguage":"pt-BR","potentialAction":[{"@type":"ReadAction","target":["https:\/\/portosma.com.br\/index.php\/terminal-portuario-do-itaqui\/"]}]},{"@type":"ImageObject","inLanguage":"pt-BR","@id":"https:\/\/portosma.com.br\/index.php\/terminal-portuario-do-itaqui\/#primaryimage","url":"https:\/\/portosma.com.br\/wp-content\/uploads\/2023\/01\/TPITAQUI.jpg","contentUrl":"https:\/\/portosma.com.br\/wp-content\/uploads\/2023\/01\/TPITAQUI.jpg","width":800,"height":439},{"@type":"BreadcrumbList","@id":"https:\/\/portosma.com.br\/index.php\/terminal-portuario-do-itaqui\/#breadcrumb","itemListElement":[{"@type":"ListItem","position":1,"name":"In\u00edcio","item":"https:\/\/portosma.com.br\/"},{"@type":"ListItem","position":2,"name":"Terminal Portu\u00e1rio do Itaqui"}]},{"@type":"WebSite","@id":"https:\/\/portosma.com.br\/#website","url":"https:\/\/portosma.com.br\/","name":"Portosma","description":"Um site de not\u00edcias","publisher":{"@id":"https:\/\/portosma.com.br\/#organization"},"potentialAction":[{"@type":"SearchAction","target":{"@type":"EntryPoint","urlTemplate":"https:\/\/portosma.com.br\/?s={search_term_string}"},"query-input":"required name=search_term_string"}],"inLanguage":"pt-BR"},{"@type":"Organization","@id":"https:\/\/portosma.com.br\/#organization","name":"Portosma","alternateName":"Portosma","url":"https:\/\/portosma.com.br\/","logo":{"@type":"ImageObject","inLanguage":"pt-BR","@id":"https:\/\/portosma.com.br\/#\/schema\/logo\/image\/","url":"https:\/\/portosma.com.br\/wp-content\/uploads\/2026\/03\/cropped-AD-PORTOSMA.jpg","contentUrl":"https:\/\/portosma.com.br\/wp-content\/uploads\/2026\/03\/cropped-AD-PORTOSMA.jpg","width":400,"height":115,"caption":"Portosma"},"image":{"@id":"https:\/\/portosma.com.br\/#\/schema\/logo\/image\/"}}]}},"_links":{"self":[{"href":"https:\/\/portosma.com.br\/index.php\/wp-json\/wp\/v2\/pages\/2175","targetHints":{"allow":["GET"]}}],"collection":[{"href":"https:\/\/portosma.com.br\/index.php\/wp-json\/wp\/v2\/pages"}],"about":[{"href":"https:\/\/portosma.com.br\/index.php\/wp-json\/wp\/v2\/types\/page"}],"author":[{"embeddable":true,"href":"https:\/\/portosma.com.br\/index.php\/wp-json\/wp\/v2\/users\/1"}],"replies":[{"embeddable":true,"href":"https:\/\/portosma.com.br\/index.php\/wp-json\/wp\/v2\/comments?post=2175"}],"version-history":[{"count":3,"href":"https:\/\/portosma.com.br\/index.php\/wp-json\/wp\/v2\/pages\/2175\/revisions"}],"predecessor-version":[{"id":5639,"href":"https:\/\/portosma.com.br\/index.php\/wp-json\/wp\/v2\/pages\/2175\/revisions\/5639"}],"wp:attachment":[{"href":"https:\/\/portosma.com.br\/index.php\/wp-json\/wp\/v2\/media?parent=2175"}],"curies":[{"name":"wp","href":"https:\/\/api.w.org\/{rel}","templated":true}]}}