{"id":2168,"date":"2023-01-19T22:52:10","date_gmt":"2023-01-19T22:52:10","guid":{"rendered":"https:\/\/portosma.com.br\/?page_id=2168"},"modified":"2023-04-01T18:59:10","modified_gmt":"2023-04-01T18:59:10","slug":"terminal-portuario-da-alumar","status":"publish","type":"page","link":"https:\/\/portosma.com.br\/index.php\/terminal-portuario-da-alumar\/","title":{"rendered":"Terminal Portu\u00e1rio da Alumar"},"content":{"rendered":"<p><img fetchpriority=\"high\" decoding=\"async\" class=\"alignnone wp-image-2169 size-full\" src=\"https:\/\/portosma.com.br\/wp-content\/uploads\/2023\/01\/TPALUMAR.jpg\" alt=\"\" width=\"800\" height=\"422\" srcset=\"https:\/\/portosma.com.br\/wp-content\/uploads\/2023\/01\/TPALUMAR.jpg 800w, https:\/\/portosma.com.br\/wp-content\/uploads\/2023\/01\/TPALUMAR-300x158.jpg 300w, https:\/\/portosma.com.br\/wp-content\/uploads\/2023\/01\/TPALUMAR-768x405.jpg 768w\" sizes=\"(max-width: 800px) 100vw, 800px\" \/><\/p>\n<p>O porto da Alumar foi inaugurado em 1983, quando o navio \u201cAlamoa\u201d foi o primeiro a descarregar bauxita no porto. O porto da Alumar est\u00e1 localizado na conflu\u00eancia do Estreito dos Coqueiros com o Rio dos Cachorros, entre a Ilha de S\u00e3o Lu\u00eds e a Ilha de Taua Mirim, pr\u00f3ximo \u00e0 Ba\u00eda de S\u00e3o Marcos. No porto da Alumar, chega a bauxita, que \u00e9 beneficiada, transformada em alumina e por final, o alum\u00ednio, que, tamb\u00e9m atrav\u00e9s do porto, \u00e9 exportado. Com especialidades definidas para a produ\u00e7\u00e3o de alum\u00ednio e alumina, o terminal recebe cargas de carv\u00e3o, soda c\u00e1ustica, \u00f3leo combust\u00edvel, bauxita e betume.<\/p>\n<p>Sua principal e \u00fanica carga de exporta\u00e7\u00e3o \u00e9 alumina. Todo o alum\u00ednio produzido na f\u00e1brica \u00e9 exportado pelo porto do Itaqui. EM TEMPO: A Alcoa decidiu, em mar\u00e7o de 2014, encerrar a sua produ\u00e7\u00e3o de alum\u00ednio no Brasil e no Maranh\u00e3o. Com isso o porto ficou operando exclusivamente com produtos necess\u00e1rios a produ\u00e7\u00e3o de alumina e sua natural exporta\u00e7\u00e3o. A produ\u00e7\u00e3o de alum\u00ednio s\u00f3 foi reinstalada em 2022, o que de certa forma, aumentou de forma significativa as opera\u00e7\u00f5es portu\u00e1rias.<\/p>\n<p><span style=\"color: #993300;\"><strong>ADMINISTRA\u00c7\u00c3O E LOCALIZA\u00c7\u00c3O<\/strong><\/span><\/p>\n<p>\u00c9 administrado pelo Cons\u00f3rcio de Alum\u00ednio do Maranh\u00e3o e fica localizado nas conflu\u00eancias da Ilha dos Coqueiros com o rio dos cachorros.<\/p>\n<p>Endere\u00e7o: CONS\u00d3RCIO DE ALUM\u00cdNIO DO MARANH\u00c3O \u2013 ALUMAR,&nbsp;Br-135, Km 222.<\/p>\n<p><span style=\"color: #003300;\"><strong>Sobre a Alumar<\/strong><\/span> \u2013 O Cons\u00f3rcio de Alum\u00ednio do Maranh\u00e3o \u2013 Alumar \u00e9 um dos maiores complexos industriais de produ\u00e7\u00e3o de alumina e alum\u00ednio do mundo. Inaugurado em julho de 1984, \u00e9 um conglomerado de tr\u00eas empresas multinacionais:<strong> Alcoa<\/strong>, <strong>Rio Tinto<\/strong> e <strong>South32<\/strong>. Elas desempenha um papel importante no Maranh\u00e3o. Cerca de 90% de seus colaboradores s\u00e3o maranhenses, al\u00e9m de contar com centenas de fornecedores locais. O sistema de gest\u00e3o da Alumar \u00e9 integrado e engloba gest\u00f5es de qualidade, sa\u00fade, seguran\u00e7a e meio ambiente estabelecido com base nas normas NBR ISO 9001, NBR ISO 14001 e NBR ISO 45001. Em 2019, obteve a certifica\u00e7\u00e3o ASI (Aluminium Stewardship Initiative), o mais importante Selo de Sustentabilidade na cadeia de valor do alum\u00ednio.<\/p>\n<p><img decoding=\"async\" class=\"alignnone wp-image-5871 size-full\" src=\"https:\/\/portosma.com.br\/wp-content\/uploads\/2023\/04\/ALUMAR002.jpg\" alt=\"\" width=\"900\" height=\"599\" srcset=\"https:\/\/portosma.com.br\/wp-content\/uploads\/2023\/04\/ALUMAR002.jpg 900w, https:\/\/portosma.com.br\/wp-content\/uploads\/2023\/04\/ALUMAR002-300x200.jpg 300w, https:\/\/portosma.com.br\/wp-content\/uploads\/2023\/04\/ALUMAR002-768x511.jpg 768w\" sizes=\"(max-width: 900px) 100vw, 900px\" \/><\/p>\n","protected":false},"excerpt":{"rendered":"<p>O porto da Alumar foi inaugurado em 1983, quando o navio \u201cAlamoa\u201d foi o primeiro a descarregar bauxita no porto. O porto da Alumar est\u00e1 localizado na conflu\u00eancia do Estreito dos Coqueiros com o Rio dos Cachorros, entre a Ilha de S\u00e3o Lu\u00eds e a Ilha de Taua Mirim, pr\u00f3ximo \u00e0 Ba\u00eda de S\u00e3o Marcos. [&hellip;]<\/p>\n","protected":false},"author":1,"featured_media":0,"parent":0,"menu_order":0,"comment_status":"closed","ping_status":"closed","template":"","meta":{"_editorskit_title_hidden":false,"_editorskit_reading_time":0,"_editorskit_is_block_options_detached":false,"_editorskit_block_options_position":"{}","ngg_post_thumbnail":0,"footnotes":""},"class_list":["post-2168","page","type-page","status-publish","hentry"],"yoast_head":"<!-- This site is optimized with the Yoast SEO plugin v22.5 - https:\/\/yoast.com\/wordpress\/plugins\/seo\/ -->\n<title>Terminal Portu\u00e1rio da Alumar - Portosma<\/title>\n<meta name=\"robots\" content=\"index, follow, max-snippet:-1, max-image-preview:large, max-video-preview:-1\" \/>\n<link rel=\"canonical\" href=\"https:\/\/portosma.com.br\/index.php\/terminal-portuario-da-alumar\/\" \/>\n<meta property=\"og:locale\" content=\"pt_BR\" \/>\n<meta property=\"og:type\" content=\"article\" \/>\n<meta property=\"og:title\" content=\"Terminal Portu\u00e1rio da Alumar - Portosma\" \/>\n<meta property=\"og:description\" content=\"O porto da Alumar foi inaugurado em 1983, quando o navio \u201cAlamoa\u201d foi o primeiro a descarregar bauxita no porto. O porto da Alumar est\u00e1 localizado na conflu\u00eancia do Estreito dos Coqueiros com o Rio dos Cachorros, entre a Ilha de S\u00e3o Lu\u00eds e a Ilha de Taua Mirim, pr\u00f3ximo \u00e0 Ba\u00eda de S\u00e3o Marcos. [&hellip;]\" \/>\n<meta property=\"og:url\" content=\"https:\/\/portosma.com.br\/index.php\/terminal-portuario-da-alumar\/\" \/>\n<meta property=\"og:site_name\" content=\"Portosma\" \/>\n<meta property=\"article:modified_time\" content=\"2023-04-01T18:59:10+00:00\" \/>\n<meta property=\"og:image\" content=\"https:\/\/portosma.com.br\/wp-content\/uploads\/2023\/01\/TPALUMAR.jpg\" \/>\n<meta name=\"twitter:card\" content=\"summary_large_image\" \/>\n<meta name=\"twitter:label1\" content=\"Est. tempo de leitura\" \/>\n\t<meta name=\"twitter:data1\" content=\"2 minutos\" \/>\n<script type=\"application\/ld+json\" class=\"yoast-schema-graph\">{\"@context\":\"https:\/\/schema.org\",\"@graph\":[{\"@type\":\"WebPage\",\"@id\":\"https:\/\/portosma.com.br\/index.php\/terminal-portuario-da-alumar\/\",\"url\":\"https:\/\/portosma.com.br\/index.php\/terminal-portuario-da-alumar\/\",\"name\":\"Terminal Portu\u00e1rio da Alumar - Portosma\",\"isPartOf\":{\"@id\":\"https:\/\/portosma.com.br\/#website\"},\"primaryImageOfPage\":{\"@id\":\"https:\/\/portosma.com.br\/index.php\/terminal-portuario-da-alumar\/#primaryimage\"},\"image\":{\"@id\":\"https:\/\/portosma.com.br\/index.php\/terminal-portuario-da-alumar\/#primaryimage\"},\"thumbnailUrl\":\"https:\/\/portosma.com.br\/wp-content\/uploads\/2023\/01\/TPALUMAR.jpg\",\"datePublished\":\"2023-01-19T22:52:10+00:00\",\"dateModified\":\"2023-04-01T18:59:10+00:00\",\"breadcrumb\":{\"@id\":\"https:\/\/portosma.com.br\/index.php\/terminal-portuario-da-alumar\/#breadcrumb\"},\"inLanguage\":\"pt-BR\",\"potentialAction\":[{\"@type\":\"ReadAction\",\"target\":[\"https:\/\/portosma.com.br\/index.php\/terminal-portuario-da-alumar\/\"]}]},{\"@type\":\"ImageObject\",\"inLanguage\":\"pt-BR\",\"@id\":\"https:\/\/portosma.com.br\/index.php\/terminal-portuario-da-alumar\/#primaryimage\",\"url\":\"https:\/\/portosma.com.br\/wp-content\/uploads\/2023\/01\/TPALUMAR.jpg\",\"contentUrl\":\"https:\/\/portosma.com.br\/wp-content\/uploads\/2023\/01\/TPALUMAR.jpg\",\"width\":800,\"height\":422},{\"@type\":\"BreadcrumbList\",\"@id\":\"https:\/\/portosma.com.br\/index.php\/terminal-portuario-da-alumar\/#breadcrumb\",\"itemListElement\":[{\"@type\":\"ListItem\",\"position\":1,\"name\":\"In\u00edcio\",\"item\":\"https:\/\/portosma.com.br\/\"},{\"@type\":\"ListItem\",\"position\":2,\"name\":\"Terminal Portu\u00e1rio da Alumar\"}]},{\"@type\":\"WebSite\",\"@id\":\"https:\/\/portosma.com.br\/#website\",\"url\":\"https:\/\/portosma.com.br\/\",\"name\":\"Portosma\",\"description\":\"Um site de not\u00edcias\",\"publisher\":{\"@id\":\"https:\/\/portosma.com.br\/#organization\"},\"potentialAction\":[{\"@type\":\"SearchAction\",\"target\":{\"@type\":\"EntryPoint\",\"urlTemplate\":\"https:\/\/portosma.com.br\/?s={search_term_string}\"},\"query-input\":\"required name=search_term_string\"}],\"inLanguage\":\"pt-BR\"},{\"@type\":\"Organization\",\"@id\":\"https:\/\/portosma.com.br\/#organization\",\"name\":\"Portosma\",\"alternateName\":\"Portosma\",\"url\":\"https:\/\/portosma.com.br\/\",\"logo\":{\"@type\":\"ImageObject\",\"inLanguage\":\"pt-BR\",\"@id\":\"https:\/\/portosma.com.br\/#\/schema\/logo\/image\/\",\"url\":\"https:\/\/portosma.com.br\/wp-content\/uploads\/2026\/03\/cropped-AD-PORTOSMA.jpg\",\"contentUrl\":\"https:\/\/portosma.com.br\/wp-content\/uploads\/2026\/03\/cropped-AD-PORTOSMA.jpg\",\"width\":400,\"height\":115,\"caption\":\"Portosma\"},\"image\":{\"@id\":\"https:\/\/portosma.com.br\/#\/schema\/logo\/image\/\"}}]}<\/script>\n<!-- \/ Yoast SEO plugin. -->","yoast_head_json":{"title":"Terminal Portu\u00e1rio da Alumar - Portosma","robots":{"index":"index","follow":"follow","max-snippet":"max-snippet:-1","max-image-preview":"max-image-preview:large","max-video-preview":"max-video-preview:-1"},"canonical":"https:\/\/portosma.com.br\/index.php\/terminal-portuario-da-alumar\/","og_locale":"pt_BR","og_type":"article","og_title":"Terminal Portu\u00e1rio da Alumar - Portosma","og_description":"O porto da Alumar foi inaugurado em 1983, quando o navio \u201cAlamoa\u201d foi o primeiro a descarregar bauxita no porto. O porto da Alumar est\u00e1 localizado na conflu\u00eancia do Estreito dos Coqueiros com o Rio dos Cachorros, entre a Ilha de S\u00e3o Lu\u00eds e a Ilha de Taua Mirim, pr\u00f3ximo \u00e0 Ba\u00eda de S\u00e3o Marcos. [&hellip;]","og_url":"https:\/\/portosma.com.br\/index.php\/terminal-portuario-da-alumar\/","og_site_name":"Portosma","article_modified_time":"2023-04-01T18:59:10+00:00","og_image":[{"url":"https:\/\/portosma.com.br\/wp-content\/uploads\/2023\/01\/TPALUMAR.jpg"}],"twitter_card":"summary_large_image","twitter_misc":{"Est. tempo de leitura":"2 minutos"},"schema":{"@context":"https:\/\/schema.org","@graph":[{"@type":"WebPage","@id":"https:\/\/portosma.com.br\/index.php\/terminal-portuario-da-alumar\/","url":"https:\/\/portosma.com.br\/index.php\/terminal-portuario-da-alumar\/","name":"Terminal Portu\u00e1rio da Alumar - Portosma","isPartOf":{"@id":"https:\/\/portosma.com.br\/#website"},"primaryImageOfPage":{"@id":"https:\/\/portosma.com.br\/index.php\/terminal-portuario-da-alumar\/#primaryimage"},"image":{"@id":"https:\/\/portosma.com.br\/index.php\/terminal-portuario-da-alumar\/#primaryimage"},"thumbnailUrl":"https:\/\/portosma.com.br\/wp-content\/uploads\/2023\/01\/TPALUMAR.jpg","datePublished":"2023-01-19T22:52:10+00:00","dateModified":"2023-04-01T18:59:10+00:00","breadcrumb":{"@id":"https:\/\/portosma.com.br\/index.php\/terminal-portuario-da-alumar\/#breadcrumb"},"inLanguage":"pt-BR","potentialAction":[{"@type":"ReadAction","target":["https:\/\/portosma.com.br\/index.php\/terminal-portuario-da-alumar\/"]}]},{"@type":"ImageObject","inLanguage":"pt-BR","@id":"https:\/\/portosma.com.br\/index.php\/terminal-portuario-da-alumar\/#primaryimage","url":"https:\/\/portosma.com.br\/wp-content\/uploads\/2023\/01\/TPALUMAR.jpg","contentUrl":"https:\/\/portosma.com.br\/wp-content\/uploads\/2023\/01\/TPALUMAR.jpg","width":800,"height":422},{"@type":"BreadcrumbList","@id":"https:\/\/portosma.com.br\/index.php\/terminal-portuario-da-alumar\/#breadcrumb","itemListElement":[{"@type":"ListItem","position":1,"name":"In\u00edcio","item":"https:\/\/portosma.com.br\/"},{"@type":"ListItem","position":2,"name":"Terminal Portu\u00e1rio da Alumar"}]},{"@type":"WebSite","@id":"https:\/\/portosma.com.br\/#website","url":"https:\/\/portosma.com.br\/","name":"Portosma","description":"Um site de not\u00edcias","publisher":{"@id":"https:\/\/portosma.com.br\/#organization"},"potentialAction":[{"@type":"SearchAction","target":{"@type":"EntryPoint","urlTemplate":"https:\/\/portosma.com.br\/?s={search_term_string}"},"query-input":"required name=search_term_string"}],"inLanguage":"pt-BR"},{"@type":"Organization","@id":"https:\/\/portosma.com.br\/#organization","name":"Portosma","alternateName":"Portosma","url":"https:\/\/portosma.com.br\/","logo":{"@type":"ImageObject","inLanguage":"pt-BR","@id":"https:\/\/portosma.com.br\/#\/schema\/logo\/image\/","url":"https:\/\/portosma.com.br\/wp-content\/uploads\/2026\/03\/cropped-AD-PORTOSMA.jpg","contentUrl":"https:\/\/portosma.com.br\/wp-content\/uploads\/2026\/03\/cropped-AD-PORTOSMA.jpg","width":400,"height":115,"caption":"Portosma"},"image":{"@id":"https:\/\/portosma.com.br\/#\/schema\/logo\/image\/"}}]}},"_links":{"self":[{"href":"https:\/\/portosma.com.br\/index.php\/wp-json\/wp\/v2\/pages\/2168","targetHints":{"allow":["GET"]}}],"collection":[{"href":"https:\/\/portosma.com.br\/index.php\/wp-json\/wp\/v2\/pages"}],"about":[{"href":"https:\/\/portosma.com.br\/index.php\/wp-json\/wp\/v2\/types\/page"}],"author":[{"embeddable":true,"href":"https:\/\/portosma.com.br\/index.php\/wp-json\/wp\/v2\/users\/1"}],"replies":[{"embeddable":true,"href":"https:\/\/portosma.com.br\/index.php\/wp-json\/wp\/v2\/comments?post=2168"}],"version-history":[{"count":4,"href":"https:\/\/portosma.com.br\/index.php\/wp-json\/wp\/v2\/pages\/2168\/revisions"}],"predecessor-version":[{"id":5872,"href":"https:\/\/portosma.com.br\/index.php\/wp-json\/wp\/v2\/pages\/2168\/revisions\/5872"}],"wp:attachment":[{"href":"https:\/\/portosma.com.br\/index.php\/wp-json\/wp\/v2\/media?parent=2168"}],"curies":[{"name":"wp","href":"https:\/\/api.w.org\/{rel}","templated":true}]}}