{"id":2034,"date":"2023-01-17T15:56:58","date_gmt":"2023-01-17T15:56:58","guid":{"rendered":"https:\/\/portosma.com.br\/?page_id=2034"},"modified":"2026-04-04T00:25:52","modified_gmt":"2026-04-04T00:25:52","slug":"mares-de-janeiro-de-2023-do-terminal-da-vale","status":"publish","type":"page","link":"https:\/\/portosma.com.br\/index.php\/mares-de-janeiro-de-2023-do-terminal-da-vale\/","title":{"rendered":"Mar\u00e9 dos terminais da Vale &#8211; Abril de 2026"},"content":{"rendered":"<p style=\"text-align: center;\"><img fetchpriority=\"high\" decoding=\"async\" class=\"alignnone wp-image-3238 size-full\" src=\"https:\/\/portosma.com.br\/wp-content\/uploads\/2023\/01\/TABUA_TESTE.gif\" alt=\"\" width=\"345\" height=\"230\"><\/p>\n<h5 style=\"text-align: center;\">TERMINAL DA PONTA DA MADEIRA (ESTADO DO MARANH\u00c3O) &#8211; 2025<br \/>\nLatitude 02\u00b0 33&#8242;.9 S Longitude 44\u00b0 22&#8242;.7 W Fuso UTC -03.0 horas<br \/>\nCV 115 Componentes N\u00edvel M\u00e9dio 3.23 m Carta 413<\/h5>\n<p style=\"text-align: center;\"><span style=\"color: #800000;\"><strong>(FONTE)<\/strong><\/span><\/p>\n<p style=\"text-align: center;\"><strong>DIRETORIA DE HIDROGRAFIA E NAVEGA\u00c7\u00c3O<\/strong><br \/>\n<strong>CENTRO DE HIDROGRAFIA DA MARINHA<\/strong><br \/>\n<strong>BANCO NACIONAL DE DADOS OCEANOGR\u00c1FICOS<\/strong><\/p>\n<h4 style=\"text-align: center;\"><strong><span style=\"color: #3366ff;\"><img decoding=\"async\" class=\"wp-image-3242 size-full aligncenter\" src=\"https:\/\/portosma.com.br\/wp-content\/uploads\/2023\/01\/LUAS-DO-MES.jpg\" alt=\"\" width=\"500\" height=\"117\" srcset=\"https:\/\/portosma.com.br\/wp-content\/uploads\/2023\/01\/LUAS-DO-MES.jpg 500w, https:\/\/portosma.com.br\/wp-content\/uploads\/2023\/01\/LUAS-DO-MES-300x70.jpg 300w\" sizes=\"(max-width: 500px) 100vw, 500px\" \/><\/span><\/strong><\/h4>\n<div align=\"center\">\n<div align=\"center\">\n<div align=\"center\">\n<div align=\"center\">\n<div align=\"center\">\n<div align=\"center\">\n<div align=\"center\">\n<div align=\"center\">\n<p><span style=\"color: #800000;\"><strong>LUAS DE ABRIL DE 2026<\/strong><\/span><br \/>\n<span style=\"color: #800000;\"><strong>Cheia 02; Quarto Minguante 10; Nova 17; Quarto Crescente 24;<\/strong><\/span><\/p>\n<p><span style=\"color: #000000;\"><strong>Hora e altura das mar\u00e9s, em metro<\/strong><\/span><\/p>\n<p><span style=\"color: #800000;\"><strong>QUA 01.04.2026<\/strong><\/span><br \/>\n&#8211; 00h42 &#8230;&#8230;&#8230;&#8230;.. 0.55m<br \/>\n&#8211; 06h51 &#8230;&#8230;&#8230;&#8230;.. 5.80m<br \/>\n&#8211; 12h57 &#8230;&#8230;&#8230;&#8230;.. 0.50m<br \/>\n&#8211; 19h06 &#8230;&#8230;&#8230;&#8230;.. 5.88m<\/p>\n<p><span style=\"color: #800000;\"><strong>QUI 02.04.2026<\/strong><\/span><br \/>\n&#8211; 01h12 &#8230;&#8230;&#8230;&#8230;.. 0.51m<br \/>\n&#8211; 07h21 &#8230;&#8230;&#8230;&#8230;.. 5.84m<br \/>\n&#8211; 13h29 &#8230;&#8230;&#8230;&#8230;.. 0.44m<br \/>\n&#8211; 19h42 &#8230;&#8230;&#8230;&#8230;.. 5.85m<\/p>\n<p><span style=\"color: #800000;\"><strong>SEX 03.04.2026<\/strong><\/span><br \/>\n&#8211; 01h49 &#8230;&#8230;&#8230;&#8230;.. 0.54m<br \/>\n&#8211; 07h53 &#8230;&#8230;&#8230;&#8230;.. 5.84m<br \/>\n&#8211; 14h02 &#8230;&#8230;&#8230;&#8230;.. 0.42m<br \/>\n&#8211; 20h10 &#8230;&#8230;&#8230;&#8230;.. 5.76m<\/p>\n<p><span style=\"color: #800000;\"><strong>SAB 04.04.2026<\/strong><\/span><br \/>\n&#8211; 02h14 &#8230;&#8230;&#8230;&#8230;.. 0.63m<br \/>\n&#8211; 08h19 &#8230;&#8230;&#8230;&#8230;.. 5.78m<br \/>\n&#8211; 14h34 &#8230;&#8230;&#8230;&#8230;.. 0.52m<br \/>\n&#8211; 20h44 &#8230;&#8230;&#8230;&#8230;.. 5.61m<\/p>\n<p><span style=\"color: #800000;\"><strong>DOM 05.04.2026<\/strong><\/span><br \/>\n&#8211; 02h47 &#8230;&#8230;&#8230;&#8230;.. 0.77m<br \/>\n&#8211; 08h51 &#8230;&#8230;&#8230;&#8230;.. 5.66m<br \/>\n&#8211; 15h02 &#8230;&#8230;&#8230;&#8230;.. 0.66m<br \/>\n&#8211; 21h12 &#8230;&#8230;&#8230;&#8230;.. 5.42m<\/p>\n<p><span style=\"color: #800000;\"><strong>SEG 06.04.2026<\/strong><\/span><br \/>\n&#8211; 03h12 &#8230;&#8230;&#8230;&#8230;.. 0.98m<br \/>\n&#8211; 09h21 &#8230;&#8230;&#8230;&#8230;.. 5.47m<br \/>\n&#8211; 15h34 &#8230;&#8230;&#8230;&#8230;.. 0.87m<br \/>\n&#8211; 21h47 &#8230;&#8230;&#8230;&#8230;.. 5.18m<\/p>\n<p><span style=\"color: #800000;\"><strong>TER 07.04.2026<\/strong><\/span><br \/>\n&#8211; 03h46 &#8230;&#8230;&#8230;&#8230;.. 1.24m<br \/>\n&#8211; 09h59 &#8230;&#8230;&#8230;&#8230;.. 5.23m<br \/>\n&#8211; 16h06 &#8230;&#8230;&#8230;&#8230;.. 1.13m<br \/>\n&#8211; 22h23 &#8230;&#8230;&#8230;&#8230;.. 4.92m<\/p>\n<p><span style=\"color: #800000;\"><strong>QUA 08.04.2026<\/strong><\/span><br \/>\n&#8211; 04h17 &#8230;&#8230;&#8230;&#8230;.. 1.54m<br \/>\n&#8211; 10h40 &#8230;&#8230;&#8230;&#8230;.. 4.97m<br \/>\n&#8211; 16h51 &#8230;&#8230;&#8230;&#8230;.. 1.42m<br \/>\n&#8211; 23h10 &#8230;&#8230;&#8230;&#8230;.. 4.66m<\/p>\n<p><span style=\"color: #800000;\"><strong>QUI 09.04.2026<\/strong><\/span><br \/>\n&#8211; 05h04 &#8230;&#8230;&#8230;&#8230;.. 1.85m<br \/>\n&#8211; 11h29 &#8230;&#8230;&#8230;&#8230;.. 4.72m<br \/>\n&#8211; 17h42 &#8230;&#8230;&#8230;&#8230;.. 1.69m<\/p>\n<p><span style=\"color: #800000;\"><strong>SEX 10.04.2026X<\/strong><\/span><br \/>\n&#8211; 00h10 &#8230;&#8230;&#8230;&#8230;.. 4.46m<br \/>\n&#8211; 06h06 &#8230;&#8230;&#8230;&#8230;.. 2.09m<br \/>\n&#8211; 12h36 &#8230;&#8230;&#8230;&#8230;.. 4.58m<br \/>\n&#8211; 18h53 &#8230;&#8230;&#8230;&#8230;.. 1.85m<\/p>\n<p><span style=\"color: #800000;\"><strong>SAB 11.04.2026<\/strong><\/span><br \/>\n&#8211; 01h25 &#8230;&#8230;&#8230;&#8230;.. 4.43m<br \/>\n&#8211; 07h29 &#8230;&#8230;&#8230;&#8230;.. 2.14m<br \/>\n&#8211; 13h53 &#8230;&#8230;&#8230;&#8230;.. 4.62m<br \/>\n&#8211; 20h12 &#8230;&#8230;&#8230;&#8230;.. 1.79m<\/p>\n<p><span style=\"color: #800000;\"><strong>DOM 12.04.2026<\/strong><\/span><br \/>\n&#8211; 02h40 &#8230;&#8230;&#8230;&#8230;.. 4.59m<br \/>\n&#8211; 08h47 &#8230;&#8230;&#8230;&#8230;.. 1.92m<br \/>\n&#8211; 15h02 &#8230;&#8230;&#8230;&#8230;.. 4.86m<br \/>\n&#8211; 21h23 &#8230;&#8230;&#8230;&#8230;.. 1.54m<\/p>\n<p><span style=\"color: #800000;\"><strong>SEG 13.04.2026<\/strong><\/span><br \/>\n&#8211; 03h44 &#8230;&#8230;&#8230;&#8230;.. 4.91m<br \/>\n&#8211; 09h51 &#8230;&#8230;&#8230;&#8230;.. 1.53m<br \/>\n&#8211; 16h04 &#8230;&#8230;&#8230;&#8230;.. 5.20m<br \/>\n&#8211; 22h19 &#8230;&#8230;&#8230;&#8230;.. 1.19m<\/p>\n<p><span style=\"color: #800000;\"><strong>TER 14.04.2026<\/strong><\/span><br \/>\n&#8211; 04h38 &#8230;&#8230;&#8230;&#8230;.. 5.28m<br \/>\n&#8211; 10h46 &#8230;&#8230;&#8230;&#8230;.. 1.08m<br \/>\n&#8211; 16h57 &#8230;&#8230;&#8230;&#8230;.. 5.56m<br \/>\n&#8211; 23h08 &#8230;&#8230;&#8230;&#8230;.. 0.84m<\/p>\n<p><span style=\"color: #800000;\"><strong>QUA 15.04.2026<\/strong><\/span><br \/>\n&#8211; 05h25 &#8230;&#8230;&#8230;&#8230;.. 5.63m<br \/>\n&#8211; 11h36 &#8230;&#8230;&#8230;&#8230;.. 0.67m<br \/>\n&#8211; 17h47 &#8230;&#8230;&#8230;&#8230;.. 5.85m<br \/>\n&#8211; 23h59 &#8230;&#8230;&#8230;&#8230;.. 0.55m<\/p>\n<p><span style=\"color: #800000;\"><strong>QUI 16.04.2026<\/strong><\/span><br \/>\n&#8211; 06h08 &#8230;&#8230;&#8230;&#8230;.. 5.92m<br \/>\n&#8211; 12h19 &#8230;&#8230;&#8230;&#8230;.. 0.34m<br \/>\n&#8211; 18h34 &#8230;&#8230;&#8230;&#8230;.. 6.03m<\/p>\n<p><span style=\"color: #800000;\"><strong>SEX 17.04.2026<\/strong><\/span><br \/>\n&#8211; 00h44 &#8230;&#8230;&#8230;&#8230;.. 0.37m<br \/>\n&#8211; 06h53 &#8230;&#8230;&#8230;&#8230;.. 6.10m<br \/>\n&#8211; 13h04 &#8230;&#8230;&#8230;&#8230;.. 0.12m<br \/>\n&#8211; 19h17 &#8230;&#8230;&#8230;&#8230;.. 6.08m<\/p>\n<p><span style=\"color: #800000;\"><strong>SAB 18.04.2026<\/strong><\/span><br \/>\n&#8211; 01h23 &#8230;&#8230;&#8230;&#8230;.. 0.32m<br \/>\n&#8211; 07h34 &#8230;&#8230;&#8230;&#8230;.. 6.14m<br \/>\n&#8211; 13h55 &#8230;&#8230;&#8230;&#8230;.. 0.05m<br \/>\n&#8211; 20h02 &#8230;&#8230;&#8230;&#8230;.. 6.01m<\/p>\n<p><span style=\"color: #800000;\"><strong>DOM 19.04.2026<\/strong><\/span><br \/>\n&#8211; 02h04 &#8230;&#8230;&#8230;&#8230;.. 0.36m<br \/>\n&#8211; 08h14 &#8230;&#8230;&#8230;&#8230;.. 6.08m<br \/>\n&#8211; 14h40 &#8230;&#8230;&#8230;&#8230;.. 0.14m<br \/>\n&#8211; 20h49 &#8230;&#8230;&#8230;&#8230;.. 5.84m<\/p>\n<p><span style=\"color: #800000;\"><strong>SEG 20.04.2026<\/strong><\/span><br \/>\n&#8211; 02h53 &#8230;&#8230;&#8230;&#8230;.. 0.52m<br \/>\n&#8211; 08h59 &#8230;&#8230;&#8230;&#8230;.. 5.93m<br \/>\n&#8211; 15h19 &#8230;&#8230;&#8230;&#8230;.. 0.34m<br \/>\n&#8211; 21h34 &#8230;&#8230;&#8230;&#8230;.. 5.59m<\/p>\n<p><span style=\"color: #800000;\"><strong>TER 21.04.2026<\/strong><\/span><br \/>\n&#8211; 03h36 &#8230;&#8230;&#8230;&#8230;.. 0.79m<br \/>\n&#8211; 09h46 &#8230;&#8230;&#8230;&#8230;.. 5.68m<br \/>\n&#8211; 16h08 &#8230;&#8230;&#8230;&#8230;.. 0.62m<br \/>\n&#8211; 22h25 &#8230;&#8230;&#8230;&#8230;.. 5.31m<\/p>\n<p><span style=\"color: #800000;\"><strong>QUA 22.04.2026<\/strong><\/span><br \/>\n&#8211; 04h21 &#8230;&#8230;&#8230;&#8230;.. 1.11m<br \/>\n&#8211; 10h38 &#8230;&#8230;&#8230;&#8230;.. 5.39m<br \/>\n&#8211; 17h02 &#8230;&#8230;&#8230;&#8230;.. 0.96m<br \/>\n&#8211; 23h25 &#8230;&#8230;&#8230;&#8230;.. 5.05m<\/p>\n<p><span style=\"color: #800000;\"><strong>QUI 23.04.2026<\/strong><\/span><br \/>\n&#8211; 05h17 &#8230;&#8230;&#8230;&#8230;.. 1.43m<br \/>\n&#8211; 11h42 &#8230;&#8230;&#8230;&#8230;.. 5.11m<br \/>\n&#8211; 18h06 &#8230;&#8230;&#8230;&#8230;.. 1.26m<\/p>\n<p><span style=\"color: #800000;\"><strong>SEX 24.04.2026<\/strong><\/span><br \/>\n&#8211; 00h36 &#8230;&#8230;&#8230;&#8230;.. 4.87m<br \/>\n&#8211; 06h31 &#8230;&#8230;&#8230;&#8230;.. 1.67m<br \/>\n&#8211; 12h59 &#8230;&#8230;&#8230;&#8230;.. 4.94m<br \/>\n&#8211; 19h21 &#8230;&#8230;&#8230;&#8230;.. 1.44m<\/p>\n<p><span style=\"color: #800000;\"><strong>SAB 25.04.2026<\/strong><\/span><br \/>\n&#8211; 01h55 &#8230;&#8230;&#8230;&#8230;.. 4.87m<br \/>\n&#8211; 07h51 &#8230;&#8230;&#8230;&#8230;.. 1.71m<br \/>\n&#8211; 14h19 &#8230;&#8230;&#8230;&#8230;.. 4.96m<br \/>\n&#8211; 20h40 &#8230;&#8230;&#8230;&#8230;.. 1.40m<\/p>\n<p><span style=\"color: #800000;\"><strong>DOM 26.04.2026<\/strong><\/span><br \/>\n&#8211; 03h06 &#8230;&#8230;&#8230;&#8230;.. 5.03m<br \/>\n&#8211; 09h04 &#8230;&#8230;&#8230;&#8230;.. 1.53m<br \/>\n&#8211; 15h34 &#8230;&#8230;&#8230;&#8230;.. 5.16m<br \/>\n&#8211; 21h47 &#8230;&#8230;&#8230;&#8230;.. 1.22m<\/p>\n<p><span style=\"color: #800000;\"><strong>SEG 27 27.04.2026<\/strong><\/span><br \/>\n&#8211; 04h08 &#8230;&#8230;&#8230;&#8230;.. 5.29m<br \/>\n&#8211; 10h08 &#8230;&#8230;&#8230;&#8230;.. 1.24m<br \/>\n&#8211; 16h34 &#8230;&#8230;&#8230;&#8230;.. 5.41m<br \/>\n&#8211; 22h42 &#8230;&#8230;&#8230;&#8230;.. 1.01m<\/p>\n<p><span style=\"color: #800000;\"><strong>TER 28.28.04.2026<\/strong><\/span><br \/>\n&#8211; 05h01 &#8230;&#8230;&#8230;&#8230;.. 5.53m<br \/>\n&#8211; 11h02 &#8230;&#8230;&#8230;&#8230;.. 0.94m<br \/>\n&#8211; 17h23 &#8230;&#8230;&#8230;&#8230;.. 5.61m<br \/>\n&#8211; 23h25 &#8230;&#8230;&#8230;&#8230;.. 0.84m<\/p>\n<p><span style=\"color: #800000;\"><strong>QUA 29.04.2026<\/strong><\/span><br \/>\n&#8211; 05h44 &#8230;&#8230;&#8230;&#8230;.. 5.69m<br \/>\n&#8211; 11h49 &#8230;&#8230;&#8230;&#8230;.. 0.71m<br \/>\n&#8211; 18h04 &#8230;&#8230;&#8230;&#8230;.. 5.72m<\/p>\n<p><span style=\"color: #800000;\"><strong>QUI 30.04.2026<\/strong><\/span><br \/>\n&#8211; 00h04 &#8230;&#8230;&#8230;&#8230;.. 0.72m<br \/>\n&#8211; 06h17 &#8230;&#8230;&#8230;&#8230;.. 5.77m<br \/>\n&#8211; 12h25 &#8230;&#8230;&#8230;&#8230;.. 0.56m<br \/>\n&#8211; 18h44 &#8230;&#8230;&#8230;&#8230;.. 5.73m<\/p>\n<p><img decoding=\"async\" class=\"alignnone wp-image-13837 size-full\" src=\"https:\/\/portosma.com.br\/wp-content\/uploads\/2024\/04\/PONTA-MADEIRA.jpg\" alt=\"\" width=\"900\" height=\"392\" srcset=\"https:\/\/portosma.com.br\/wp-content\/uploads\/2024\/04\/PONTA-MADEIRA.jpg 900w, https:\/\/portosma.com.br\/wp-content\/uploads\/2024\/04\/PONTA-MADEIRA-300x131.jpg 300w, https:\/\/portosma.com.br\/wp-content\/uploads\/2024\/04\/PONTA-MADEIRA-768x335.jpg 768w\" sizes=\"(max-width: 900px) 100vw, 900px\" \/><\/p>\n<\/div>\n<\/div>\n<div align=\"center\">\n<div align=\"center\">\n<p><img loading=\"lazy\" decoding=\"async\" class=\"alignnone wp-image-7068 size-full\" src=\"https:\/\/portosma.com.br\/wp-content\/uploads\/2023\/05\/MADEIRA.jpg\" alt=\"\" width=\"900\" height=\"493\" srcset=\"https:\/\/portosma.com.br\/wp-content\/uploads\/2023\/05\/MADEIRA.jpg 900w, https:\/\/portosma.com.br\/wp-content\/uploads\/2023\/05\/MADEIRA-300x164.jpg 300w, https:\/\/portosma.com.br\/wp-content\/uploads\/2023\/05\/MADEIRA-768x421.jpg 768w\" sizes=\"(max-width: 900px) 100vw, 900px\" \/><\/p>\n<\/div>\n<\/div>\n<\/div>\n<\/div>\n<\/div>\n<\/div>\n<\/div>\n<\/div>\n","protected":false},"excerpt":{"rendered":"<p>TERMINAL DA PONTA DA MADEIRA (ESTADO DO MARANH\u00c3O) &#8211; 2025 Latitude 02\u00b0 33&#8242;.9 S Longitude 44\u00b0 22&#8242;.7 W Fuso UTC -03.0 horas CV 115 Componentes N\u00edvel M\u00e9dio 3.23 m Carta 413 (FONTE) DIRETORIA DE HIDROGRAFIA E NAVEGA\u00c7\u00c3O CENTRO DE HIDROGRAFIA DA MARINHA BANCO NACIONAL DE DADOS OCEANOGR\u00c1FICOS LUAS DE ABRIL DE 2026 Cheia 02; Quarto [&hellip;]<\/p>\n","protected":false},"author":1,"featured_media":0,"parent":0,"menu_order":0,"comment_status":"closed","ping_status":"closed","template":"","meta":{"_editorskit_title_hidden":false,"_editorskit_reading_time":0,"_editorskit_is_block_options_detached":false,"_editorskit_block_options_position":"{}","ngg_post_thumbnail":0,"footnotes":""},"class_list":["post-2034","page","type-page","status-publish","hentry"],"yoast_head":"<!-- This site is optimized with the Yoast SEO plugin v22.5 - https:\/\/yoast.com\/wordpress\/plugins\/seo\/ -->\n<title>Mar\u00e9 dos terminais da Vale - Abril de 2026 - Portosma<\/title>\n<meta name=\"robots\" content=\"index, follow, max-snippet:-1, max-image-preview:large, max-video-preview:-1\" \/>\n<link rel=\"canonical\" href=\"https:\/\/portosma.com.br\/index.php\/mares-de-janeiro-de-2023-do-terminal-da-vale\/\" \/>\n<meta property=\"og:locale\" content=\"pt_BR\" \/>\n<meta property=\"og:type\" content=\"article\" \/>\n<meta property=\"og:title\" content=\"Mar\u00e9 dos terminais da Vale - Abril de 2026 - Portosma\" \/>\n<meta property=\"og:description\" content=\"TERMINAL DA PONTA DA MADEIRA (ESTADO DO MARANH\u00c3O) &#8211; 2025 Latitude 02\u00b0 33&#8242;.9 S Longitude 44\u00b0 22&#8242;.7 W Fuso UTC -03.0 horas CV 115 Componentes N\u00edvel M\u00e9dio 3.23 m Carta 413 (FONTE) DIRETORIA DE HIDROGRAFIA E NAVEGA\u00c7\u00c3O CENTRO DE HIDROGRAFIA DA MARINHA BANCO NACIONAL DE DADOS OCEANOGR\u00c1FICOS LUAS DE ABRIL DE 2026 Cheia 02; Quarto [&hellip;]\" \/>\n<meta property=\"og:url\" content=\"https:\/\/portosma.com.br\/index.php\/mares-de-janeiro-de-2023-do-terminal-da-vale\/\" \/>\n<meta property=\"og:site_name\" content=\"Portosma\" \/>\n<meta property=\"article:modified_time\" content=\"2026-04-04T00:25:52+00:00\" \/>\n<meta property=\"og:image\" content=\"https:\/\/portosma.com.br\/wp-content\/uploads\/2023\/01\/TABUA_TESTE.gif\" \/>\n<meta name=\"twitter:card\" content=\"summary_large_image\" \/>\n<meta name=\"twitter:label1\" content=\"Est. tempo de leitura\" \/>\n\t<meta name=\"twitter:data1\" content=\"3 minutos\" \/>\n<script type=\"application\/ld+json\" class=\"yoast-schema-graph\">{\"@context\":\"https:\/\/schema.org\",\"@graph\":[{\"@type\":\"WebPage\",\"@id\":\"https:\/\/portosma.com.br\/index.php\/mares-de-janeiro-de-2023-do-terminal-da-vale\/\",\"url\":\"https:\/\/portosma.com.br\/index.php\/mares-de-janeiro-de-2023-do-terminal-da-vale\/\",\"name\":\"Mar\u00e9 dos terminais da Vale - Abril de 2026 - Portosma\",\"isPartOf\":{\"@id\":\"https:\/\/portosma.com.br\/#website\"},\"primaryImageOfPage\":{\"@id\":\"https:\/\/portosma.com.br\/index.php\/mares-de-janeiro-de-2023-do-terminal-da-vale\/#primaryimage\"},\"image\":{\"@id\":\"https:\/\/portosma.com.br\/index.php\/mares-de-janeiro-de-2023-do-terminal-da-vale\/#primaryimage\"},\"thumbnailUrl\":\"https:\/\/portosma.com.br\/wp-content\/uploads\/2023\/01\/TABUA_TESTE.gif\",\"datePublished\":\"2023-01-17T15:56:58+00:00\",\"dateModified\":\"2026-04-04T00:25:52+00:00\",\"breadcrumb\":{\"@id\":\"https:\/\/portosma.com.br\/index.php\/mares-de-janeiro-de-2023-do-terminal-da-vale\/#breadcrumb\"},\"inLanguage\":\"pt-BR\",\"potentialAction\":[{\"@type\":\"ReadAction\",\"target\":[\"https:\/\/portosma.com.br\/index.php\/mares-de-janeiro-de-2023-do-terminal-da-vale\/\"]}]},{\"@type\":\"ImageObject\",\"inLanguage\":\"pt-BR\",\"@id\":\"https:\/\/portosma.com.br\/index.php\/mares-de-janeiro-de-2023-do-terminal-da-vale\/#primaryimage\",\"url\":\"https:\/\/portosma.com.br\/wp-content\/uploads\/2023\/01\/TABUA_TESTE.gif\",\"contentUrl\":\"https:\/\/portosma.com.br\/wp-content\/uploads\/2023\/01\/TABUA_TESTE.gif\",\"width\":345,\"height\":230},{\"@type\":\"BreadcrumbList\",\"@id\":\"https:\/\/portosma.com.br\/index.php\/mares-de-janeiro-de-2023-do-terminal-da-vale\/#breadcrumb\",\"itemListElement\":[{\"@type\":\"ListItem\",\"position\":1,\"name\":\"In\u00edcio\",\"item\":\"https:\/\/portosma.com.br\/\"},{\"@type\":\"ListItem\",\"position\":2,\"name\":\"Mar\u00e9 dos terminais da Vale &#8211; Abril de 2026\"}]},{\"@type\":\"WebSite\",\"@id\":\"https:\/\/portosma.com.br\/#website\",\"url\":\"https:\/\/portosma.com.br\/\",\"name\":\"Portosma\",\"description\":\"Um site de not\u00edcias\",\"publisher\":{\"@id\":\"https:\/\/portosma.com.br\/#organization\"},\"potentialAction\":[{\"@type\":\"SearchAction\",\"target\":{\"@type\":\"EntryPoint\",\"urlTemplate\":\"https:\/\/portosma.com.br\/?s={search_term_string}\"},\"query-input\":\"required name=search_term_string\"}],\"inLanguage\":\"pt-BR\"},{\"@type\":\"Organization\",\"@id\":\"https:\/\/portosma.com.br\/#organization\",\"name\":\"Portosma\",\"alternateName\":\"Portosma\",\"url\":\"https:\/\/portosma.com.br\/\",\"logo\":{\"@type\":\"ImageObject\",\"inLanguage\":\"pt-BR\",\"@id\":\"https:\/\/portosma.com.br\/#\/schema\/logo\/image\/\",\"url\":\"https:\/\/portosma.com.br\/wp-content\/uploads\/2026\/03\/cropped-AD-PORTOSMA.jpg\",\"contentUrl\":\"https:\/\/portosma.com.br\/wp-content\/uploads\/2026\/03\/cropped-AD-PORTOSMA.jpg\",\"width\":400,\"height\":115,\"caption\":\"Portosma\"},\"image\":{\"@id\":\"https:\/\/portosma.com.br\/#\/schema\/logo\/image\/\"}}]}<\/script>\n<!-- \/ Yoast SEO plugin. -->","yoast_head_json":{"title":"Mar\u00e9 dos terminais da Vale - Abril de 2026 - Portosma","robots":{"index":"index","follow":"follow","max-snippet":"max-snippet:-1","max-image-preview":"max-image-preview:large","max-video-preview":"max-video-preview:-1"},"canonical":"https:\/\/portosma.com.br\/index.php\/mares-de-janeiro-de-2023-do-terminal-da-vale\/","og_locale":"pt_BR","og_type":"article","og_title":"Mar\u00e9 dos terminais da Vale - Abril de 2026 - Portosma","og_description":"TERMINAL DA PONTA DA MADEIRA (ESTADO DO MARANH\u00c3O) &#8211; 2025 Latitude 02\u00b0 33&#8242;.9 S Longitude 44\u00b0 22&#8242;.7 W Fuso UTC -03.0 horas CV 115 Componentes N\u00edvel M\u00e9dio 3.23 m Carta 413 (FONTE) DIRETORIA DE HIDROGRAFIA E NAVEGA\u00c7\u00c3O CENTRO DE HIDROGRAFIA DA MARINHA BANCO NACIONAL DE DADOS OCEANOGR\u00c1FICOS LUAS DE ABRIL DE 2026 Cheia 02; Quarto [&hellip;]","og_url":"https:\/\/portosma.com.br\/index.php\/mares-de-janeiro-de-2023-do-terminal-da-vale\/","og_site_name":"Portosma","article_modified_time":"2026-04-04T00:25:52+00:00","og_image":[{"url":"https:\/\/portosma.com.br\/wp-content\/uploads\/2023\/01\/TABUA_TESTE.gif"}],"twitter_card":"summary_large_image","twitter_misc":{"Est. tempo de leitura":"3 minutos"},"schema":{"@context":"https:\/\/schema.org","@graph":[{"@type":"WebPage","@id":"https:\/\/portosma.com.br\/index.php\/mares-de-janeiro-de-2023-do-terminal-da-vale\/","url":"https:\/\/portosma.com.br\/index.php\/mares-de-janeiro-de-2023-do-terminal-da-vale\/","name":"Mar\u00e9 dos terminais da Vale - Abril de 2026 - Portosma","isPartOf":{"@id":"https:\/\/portosma.com.br\/#website"},"primaryImageOfPage":{"@id":"https:\/\/portosma.com.br\/index.php\/mares-de-janeiro-de-2023-do-terminal-da-vale\/#primaryimage"},"image":{"@id":"https:\/\/portosma.com.br\/index.php\/mares-de-janeiro-de-2023-do-terminal-da-vale\/#primaryimage"},"thumbnailUrl":"https:\/\/portosma.com.br\/wp-content\/uploads\/2023\/01\/TABUA_TESTE.gif","datePublished":"2023-01-17T15:56:58+00:00","dateModified":"2026-04-04T00:25:52+00:00","breadcrumb":{"@id":"https:\/\/portosma.com.br\/index.php\/mares-de-janeiro-de-2023-do-terminal-da-vale\/#breadcrumb"},"inLanguage":"pt-BR","potentialAction":[{"@type":"ReadAction","target":["https:\/\/portosma.com.br\/index.php\/mares-de-janeiro-de-2023-do-terminal-da-vale\/"]}]},{"@type":"ImageObject","inLanguage":"pt-BR","@id":"https:\/\/portosma.com.br\/index.php\/mares-de-janeiro-de-2023-do-terminal-da-vale\/#primaryimage","url":"https:\/\/portosma.com.br\/wp-content\/uploads\/2023\/01\/TABUA_TESTE.gif","contentUrl":"https:\/\/portosma.com.br\/wp-content\/uploads\/2023\/01\/TABUA_TESTE.gif","width":345,"height":230},{"@type":"BreadcrumbList","@id":"https:\/\/portosma.com.br\/index.php\/mares-de-janeiro-de-2023-do-terminal-da-vale\/#breadcrumb","itemListElement":[{"@type":"ListItem","position":1,"name":"In\u00edcio","item":"https:\/\/portosma.com.br\/"},{"@type":"ListItem","position":2,"name":"Mar\u00e9 dos terminais da Vale &#8211; Abril de 2026"}]},{"@type":"WebSite","@id":"https:\/\/portosma.com.br\/#website","url":"https:\/\/portosma.com.br\/","name":"Portosma","description":"Um site de not\u00edcias","publisher":{"@id":"https:\/\/portosma.com.br\/#organization"},"potentialAction":[{"@type":"SearchAction","target":{"@type":"EntryPoint","urlTemplate":"https:\/\/portosma.com.br\/?s={search_term_string}"},"query-input":"required name=search_term_string"}],"inLanguage":"pt-BR"},{"@type":"Organization","@id":"https:\/\/portosma.com.br\/#organization","name":"Portosma","alternateName":"Portosma","url":"https:\/\/portosma.com.br\/","logo":{"@type":"ImageObject","inLanguage":"pt-BR","@id":"https:\/\/portosma.com.br\/#\/schema\/logo\/image\/","url":"https:\/\/portosma.com.br\/wp-content\/uploads\/2026\/03\/cropped-AD-PORTOSMA.jpg","contentUrl":"https:\/\/portosma.com.br\/wp-content\/uploads\/2026\/03\/cropped-AD-PORTOSMA.jpg","width":400,"height":115,"caption":"Portosma"},"image":{"@id":"https:\/\/portosma.com.br\/#\/schema\/logo\/image\/"}}]}},"_links":{"self":[{"href":"https:\/\/portosma.com.br\/index.php\/wp-json\/wp\/v2\/pages\/2034","targetHints":{"allow":["GET"]}}],"collection":[{"href":"https:\/\/portosma.com.br\/index.php\/wp-json\/wp\/v2\/pages"}],"about":[{"href":"https:\/\/portosma.com.br\/index.php\/wp-json\/wp\/v2\/types\/page"}],"author":[{"embeddable":true,"href":"https:\/\/portosma.com.br\/index.php\/wp-json\/wp\/v2\/users\/1"}],"replies":[{"embeddable":true,"href":"https:\/\/portosma.com.br\/index.php\/wp-json\/wp\/v2\/comments?post=2034"}],"version-history":[{"count":64,"href":"https:\/\/portosma.com.br\/index.php\/wp-json\/wp\/v2\/pages\/2034\/revisions"}],"predecessor-version":[{"id":29343,"href":"https:\/\/portosma.com.br\/index.php\/wp-json\/wp\/v2\/pages\/2034\/revisions\/29343"}],"wp:attachment":[{"href":"https:\/\/portosma.com.br\/index.php\/wp-json\/wp\/v2\/media?parent=2034"}],"curies":[{"name":"wp","href":"https:\/\/api.w.org\/{rel}","templated":true}]}}