{"id":13954,"date":"2024-04-08T21:50:13","date_gmt":"2024-04-08T21:50:13","guid":{"rendered":"https:\/\/portosma.com.br\/?page_id=13954"},"modified":"2026-04-07T19:35:06","modified_gmt":"2026-04-07T19:35:06","slug":"brasileirao-serie-c-2","status":"publish","type":"page","link":"https:\/\/portosma.com.br\/index.php\/brasileirao-serie-c-2\/","title":{"rendered":"BRASILEIR\u00c3O, s\u00e9rie C"},"content":{"rendered":"<h2><span style=\"color: #333333;\">O Maranh\u00e3o Atl\u00e9tico Clube estreia em casa com empate diante de 1&#215;1. Pr\u00f3ximo compromisso ser\u00e1 fora de casa, contra o Barra, em Santa Catarina<\/span><\/h2>\n<p>Depois de est\u00e1 vencendo de 1&#215;0 at\u00e9 o \u00faltimo minuto doa 9 minutos de acr\u00e9scimos, o Maranh\u00e3o Atl\u00e9tico Clube, de p\u00eanalti. cedeu o empate ao advers\u00e1rio. Com isso, o Guarani de Campinas voltou para a sua cidade natal com um ponto na bagagem. O mesmo ponto que tem o MAC.&nbsp; O rime maranhense ocupa a 15 posi\u00e7\u00e3o na tabela que t\u00eam Ituano paulista como l\u00edder. Os dois \u00faltimos s\u00e3o Volta Redonda &#8211; que perdeu para o Paysandu -, e o An\u00e1polis &#8211; que foi derrotado pelo l\u00edder Ituano de 2&#215;0. Confira a seguir todos os resultados da primeira rodada e os pr\u00f3ximos jogos. O MAC vai vajar at\u00e9 Santa Catarina, onde vai enfrentar o Barra.<\/p>\n<p><img fetchpriority=\"high\" decoding=\"async\" class=\"alignnone wp-image-29423 size-full\" src=\"https:\/\/portosma.com.br\/wp-content\/uploads\/2026\/04\/C-CLASS-02.jpg\" alt=\"\" width=\"900\" height=\"450\" srcset=\"https:\/\/portosma.com.br\/wp-content\/uploads\/2026\/04\/C-CLASS-02.jpg 900w, https:\/\/portosma.com.br\/wp-content\/uploads\/2026\/04\/C-CLASS-02-300x150.jpg 300w, https:\/\/portosma.com.br\/wp-content\/uploads\/2026\/04\/C-CLASS-02-768x384.jpg 768w\" sizes=\"(max-width: 900px) 100vw, 900px\" \/><\/p>\n<p><img decoding=\"async\" class=\"alignnone wp-image-29424 size-full\" src=\"https:\/\/portosma.com.br\/wp-content\/uploads\/2026\/04\/C-TABELA-02.jpg\" alt=\"\" width=\"900\" height=\"557\" srcset=\"https:\/\/portosma.com.br\/wp-content\/uploads\/2026\/04\/C-TABELA-02.jpg 900w, https:\/\/portosma.com.br\/wp-content\/uploads\/2026\/04\/C-TABELA-02-300x186.jpg 300w, https:\/\/portosma.com.br\/wp-content\/uploads\/2026\/04\/C-TABELA-02-768x475.jpg 768w\" sizes=\"(max-width: 900px) 100vw, 900px\" \/><\/p>\n<p><img decoding=\"async\" class=\"size-full wp-image-24155 alignleft\" src=\"https:\/\/portosma.com.br\/wp-content\/uploads\/2025\/08\/5-MARANHAO.jpg\" alt=\"\" width=\"200\" height=\"200\" srcset=\"https:\/\/portosma.com.br\/wp-content\/uploads\/2025\/08\/5-MARANHAO.jpg 200w, https:\/\/portosma.com.br\/wp-content\/uploads\/2025\/08\/5-MARANHAO-150x150.jpg 150w\" sizes=\"(max-width: 200px) 100vw, 200px\" \/><\/p>\n<h4><span style=\"color: #800000;\">Com o final da S\u00e9rie C, quatro clubes subiram para a S\u00e9rie B e entram quatro que subiram da S\u00e9rie D, caso do Maranh\u00e3o Atl\u00e9tico Clube, Santa Cruz, Barra (o campe\u00e3o) e a Internacional de Limeira. Com essas mudan\u00e7as, est\u00e3o definidos os advers\u00e1rios do timE maranhense na S\u00e9rie C do pr\u00f3ximo ano. S\u00e3o eles: Caxias, Brusque, Guarani de Campinas, Floresta, Confian\u00e7a, Ypiranga-RS; Maring\u00e1, Ituano, Botafogo-PB, Figueirense, An\u00e1polis e Itabaiana. O primeiro advers\u00e1rio do MAC ser\u00e1 o Guarani de Campinas, no Castel\u00e3o, dia 4\/4.<\/span><\/h4>\n<h1><strong>Ponte Preta vence final da S\u00e9rie C e comemora 1\u00ba t\u00edtulo nacional em 125 anos<\/strong><\/h1>\n<p><img loading=\"lazy\" decoding=\"async\" class=\"alignnone wp-image-25964 size-full\" src=\"https:\/\/portosma.com.br\/wp-content\/uploads\/2025\/10\/PONTE-PRETA.jpg\" alt=\"\" width=\"900\" height=\"599\" srcset=\"https:\/\/portosma.com.br\/wp-content\/uploads\/2025\/10\/PONTE-PRETA.jpg 900w, https:\/\/portosma.com.br\/wp-content\/uploads\/2025\/10\/PONTE-PRETA-300x200.jpg 300w, https:\/\/portosma.com.br\/wp-content\/uploads\/2025\/10\/PONTE-PRETA-768x511.jpg 768w\" sizes=\"(max-width: 900px) 100vw, 900px\" \/><\/p>\n<h3>O time de Campinas, interior de S\u00e3o Paulo, venceu por 2 a 0 o Londrina e se tornou campe\u00e3o do Campeonato Brasileiro da S\u00e9rie C de 2025<\/h3>\n<p>Considerada por muito tempo como o time de futebol mais velho do Brasil, fundado em 1900, a Ponte Preta conquistou o seu primeiro t\u00edtulo nacional, neste s\u00e1bado 25\/10, quando venceu por 2 a 0 o Londrina e se tornou campe\u00e3o do Campeonato Brasileiro da S\u00e9rie C de 2025.<\/p>\n<p>O jogo final foi disputado no est\u00e1dio Mois\u00e9s Lucarelli, em Campinas, que recebeu perto de 14 mil fan\u00e1ticos torcedores pontepretanos, que invadiram o gramado para festejar ap\u00f3s o apito final. No jogo de ida, disputado na semana passada no Paran\u00e1, houve empate sem gols. A vit\u00f3ria coroou a melhor campanha da Ponte Preta, que tinha sido o primeiro clube a garantir o acesso para a S\u00e9rie B em 2026. Depois foi seguida pelo pr\u00f3prio Londrina, al\u00e9m do N\u00e1utico e do S\u00e3o Bernardo.<\/p>\n<h3>Quatro clubes foram foram rebaixados para a S\u00e9rie D: Tombense, Retr\u00f4, CSA de Alagoas e o ABC de Natal. Quatro subiram para a S\u00e9rie B: Ponte Preta, Londrina, N\u00e1utico de Recife e S\u00e3o Bernardo.<\/h3>\n<h4>&nbsp;<\/h4>\n<h1><img loading=\"lazy\" decoding=\"async\" class=\"alignnone wp-image-18326 size-full\" src=\"https:\/\/portosma.com.br\/wp-content\/uploads\/2024\/10\/VRED-3.jpg\" alt=\"\" width=\"900\" height=\"506\" srcset=\"https:\/\/portosma.com.br\/wp-content\/uploads\/2024\/10\/VRED-3.jpg 900w, https:\/\/portosma.com.br\/wp-content\/uploads\/2024\/10\/VRED-3-300x169.jpg 300w, https:\/\/portosma.com.br\/wp-content\/uploads\/2024\/10\/VRED-3-768x432.jpg 768w\" sizes=\"(max-width: 900px) 100vw, 900px\" \/><\/h1>\n<h1>O Volta Redonda derrota Athletic mais uma vez e se sagra campe\u00e3o da S\u00e9rie C 2024<\/h1>\n<p><img loading=\"lazy\" decoding=\"async\" class=\"size-medium wp-image-18322 alignleft\" src=\"https:\/\/portosma.com.br\/wp-content\/uploads\/2024\/10\/VRED-1-269x300.jpg\" alt=\"\" width=\"269\" height=\"300\">O Volta Redonda, do Rio de Janeiro, \u00e9 o novo campe\u00e3o da S\u00e9rie C do Campeonato Brasileiro! O time fluminense derrotou o Athletic, de Minas Gerais, por 2 a 0, no s\u00e1bado (19\/10), pelo jogo de volta da final, na Arena Sicredi, em S\u00e3o Jo\u00e3o del-Rei. Como j\u00e1 havia vencido por 1 a 0 na ida, o Tricolor de A\u00e7o garantiu o t\u00edtulo da competi\u00e7\u00e3o nacional de forma in\u00e9dita<\/p>\n<p>Os gols do Volta\u00e7o foram marcados por PK e Bruno Santos. O Athletic teve suas chances de marcar, mas n\u00e3o conseguiu. Para piorar, o meia Geovane e o atacante Paul Villero foram expulso na etapa final e deixaram a situa\u00e7\u00e3o mais complicada para os mineiros.<\/p>\n<p>Al\u00e9m de Volta Redonda-RJ e Athletic-MG, Ferrovi\u00e1ria-SP e Clube do Remo-PA subiram de divis\u00e3o e jogar\u00e3o a S\u00e9rie B em 2025. \u00c9 o primeiro t\u00edtulo do Volta Redonda na S\u00e9rie C, que j\u00e1 havia levantado a S\u00e9rie D em 2016. Anteriormente, outros tr\u00eas times do estado do Rio de Janeiro conquistaram a terceira divis\u00e3o: Olaria (1981), Fluminense (1999) e Maca\u00e9 (2014).&nbsp;<\/p>\n<h4><strong>TODOS OS CAMPE\u00d5ES DA S\u00c9RIE C<\/strong><\/h4>\n<p>A competi\u00e7\u00e3o teve in\u00edcio em 1981, mas est\u00e1 apenas na sua temporada de n\u00famero 33 pois a terceira divis\u00e3o do futebol nacional foi descontinuada em mais de uma oportunidade pela CBF. A S\u00e9rie C do Brasileir\u00e3o tem um recordista de t\u00edtulos ao longo de sua hist\u00f3ria: o Vila Nova, que conquistou a competi\u00e7\u00e3o em tr\u00eas oportunidades (1996, 2015 e 2020), seguindo por Atl\u00e9tico-GO (1990 e 2008) e Ituano (2003 e 2021), com duas ta\u00e7as cada.<\/p>\n<h4><span style=\"color: #800000;\">O Brasileir\u00e3o S\u00e9rie C tem algumas peculiaridades: de 1982 a 1987, al\u00e9m dos anos de 1989, 1991, 1993 e 2000, n\u00e3o houve disputa, e consequentemente n\u00e3o teve acesso para o Brasileir\u00e3o S\u00e9rie B do ano seguinte. Em 1999, o Fluminense venceu a competi\u00e7\u00e3o, e acabou subindo direto para a primeira divis\u00e3o.<\/span><\/h4>\n<p>1981: Olaria-RJ<br \/>\n<span style=\"color: #ff0000;\">1982: n\u00e3o teve disputa<\/span><br \/>\n<span style=\"color: #ff0000;\">1983: n\u00e3o teve disputa<\/span><br \/>\n<span style=\"color: #ff0000;\">1984: n\u00e3o teve disputa<\/span><br \/>\n<span style=\"color: #ff0000;\">1985: n\u00e3o teve disputa<\/span><br \/>\n<span style=\"color: #ff0000;\">1986: n\u00e3o teve disputa<\/span><br \/>\n<span style=\"color: #ff0000;\">1987: n\u00e3o teve disputa<\/span><br \/>\n1988: Uni\u00e3o S\u00e3o Jo\u00e3o \u2013 MG<br \/>\n<span style=\"color: #ff0000;\">1989: n\u00e3o teve disputa<\/span><br \/>\n1990: Atl\u00e9tico-GO<br \/>\n<span style=\"color: #ff0000;\">1991: n\u00e3o teve disputa<\/span><br \/>\n1992: Tuna Luso de Bel\u00e9m do Par\u00e1<br \/>\n<span style=\"color: #ff0000;\">1993: n\u00e3o teve disputa<\/span><br \/>\n1994: GE Novorizontino \u2013 SP<br \/>\n1995: XV de Piracicaba \u2013 PB<br \/>\n1996: Vila Nova \u2013 GO<br \/>\n<strong>1997: Sampaio Corr\u00eaa \u2013 MA<\/strong><br \/>\n1998: Ava\u00ed Futebol Clube \u2013 SC<br \/>\n1999: Fluminense \u2013 RJ<br \/>\n2000: n\u00e3o teve disputa<br \/>\n2001: Paulista \u2013 SP<br \/>\n2002: Brasiliense \u2013 DF<br \/>\n2003: Ituano \u2013 SP<br \/>\n2004: Uni\u00e3o Barbarense \u2013 MG<br \/>\n2005: Clube do Remo \u2013 PA<br \/>\n2006: Crici\u00fama \u2013 SC<br \/>\n2007: Bragantino \u2013 SP<br \/>\n2008: Atl\u00e9tico-GO<br \/>\n2009: Am\u00e9rica-MG<br \/>\n2010: ABC de Natal<br \/>\n2011: Joinville \u2013 SC<br \/>\n2012: Oeste Paulista<br \/>\n2013: Santa Cruz \u2013 PE<br \/>\n2014: Maca\u00e9 \u2013 RJ<br \/>\n2015: Vila Nova \u2013 GO<br \/>\n2016: Boa Esporte \u2013 MG<br \/>\n2017: CSA de Alagoas<br \/>\n2018: Oper\u00e1rio-PR<br \/>\n2019: N\u00e1utico de Recife<br \/>\n2020: Vila Nova \u2013 GO<br \/>\n2021: Ituano \u2013 SP<br \/>\n2022: Mirassol \u2013 SP<br \/>\n2023: Amazonas \u2013 AM<br \/>\n2024: Volta Redonda &#8211; RJ<br \/>\n2025 &#8211; Ponte Preta &#8211; SP<\/p>\n","protected":false},"excerpt":{"rendered":"<p>O Maranh\u00e3o Atl\u00e9tico Clube estreia em casa com empate diante de 1&#215;1. Pr\u00f3ximo compromisso ser\u00e1 fora de casa, contra o Barra, em Santa Catarina Depois de est\u00e1 vencendo de 1&#215;0 at\u00e9 o \u00faltimo minuto doa 9 minutos de acr\u00e9scimos, o Maranh\u00e3o Atl\u00e9tico Clube, de p\u00eanalti. cedeu o empate ao advers\u00e1rio. Com isso, o Guarani de [&hellip;]<\/p>\n","protected":false},"author":1,"featured_media":0,"parent":0,"menu_order":0,"comment_status":"closed","ping_status":"closed","template":"","meta":{"_editorskit_title_hidden":false,"_editorskit_reading_time":0,"_editorskit_is_block_options_detached":false,"_editorskit_block_options_position":"{}","ngg_post_thumbnail":0,"footnotes":""},"class_list":["post-13954","page","type-page","status-publish","hentry"],"yoast_head":"<!-- This site is optimized with the Yoast SEO plugin v22.5 - https:\/\/yoast.com\/wordpress\/plugins\/seo\/ -->\n<title>BRASILEIR\u00c3O, s\u00e9rie C - Portosma<\/title>\n<meta name=\"robots\" content=\"index, follow, max-snippet:-1, max-image-preview:large, max-video-preview:-1\" \/>\n<link rel=\"canonical\" href=\"https:\/\/portosma.com.br\/index.php\/brasileirao-serie-c-2\/\" \/>\n<meta property=\"og:locale\" content=\"pt_BR\" \/>\n<meta property=\"og:type\" content=\"article\" \/>\n<meta property=\"og:title\" content=\"BRASILEIR\u00c3O, s\u00e9rie C - Portosma\" \/>\n<meta property=\"og:description\" content=\"O Maranh\u00e3o Atl\u00e9tico Clube estreia em casa com empate diante de 1&#215;1. Pr\u00f3ximo compromisso ser\u00e1 fora de casa, contra o Barra, em Santa Catarina Depois de est\u00e1 vencendo de 1&#215;0 at\u00e9 o \u00faltimo minuto doa 9 minutos de acr\u00e9scimos, o Maranh\u00e3o Atl\u00e9tico Clube, de p\u00eanalti. cedeu o empate ao advers\u00e1rio. Com isso, o Guarani de [&hellip;]\" \/>\n<meta property=\"og:url\" content=\"https:\/\/portosma.com.br\/index.php\/brasileirao-serie-c-2\/\" \/>\n<meta property=\"og:site_name\" content=\"Portosma\" \/>\n<meta property=\"article:modified_time\" content=\"2026-04-07T19:35:06+00:00\" \/>\n<meta property=\"og:image\" content=\"https:\/\/portosma.com.br\/wp-content\/uploads\/2026\/04\/C-CLASS-02.jpg\" \/>\n<meta name=\"twitter:card\" content=\"summary_large_image\" \/>\n<meta name=\"twitter:label1\" content=\"Est. tempo de leitura\" \/>\n\t<meta name=\"twitter:data1\" content=\"7 minutos\" \/>\n<script type=\"application\/ld+json\" class=\"yoast-schema-graph\">{\"@context\":\"https:\/\/schema.org\",\"@graph\":[{\"@type\":\"WebPage\",\"@id\":\"https:\/\/portosma.com.br\/index.php\/brasileirao-serie-c-2\/\",\"url\":\"https:\/\/portosma.com.br\/index.php\/brasileirao-serie-c-2\/\",\"name\":\"BRASILEIR\u00c3O, s\u00e9rie C - Portosma\",\"isPartOf\":{\"@id\":\"https:\/\/portosma.com.br\/#website\"},\"primaryImageOfPage\":{\"@id\":\"https:\/\/portosma.com.br\/index.php\/brasileirao-serie-c-2\/#primaryimage\"},\"image\":{\"@id\":\"https:\/\/portosma.com.br\/index.php\/brasileirao-serie-c-2\/#primaryimage\"},\"thumbnailUrl\":\"https:\/\/portosma.com.br\/wp-content\/uploads\/2026\/04\/C-CLASS-02.jpg\",\"datePublished\":\"2024-04-08T21:50:13+00:00\",\"dateModified\":\"2026-04-07T19:35:06+00:00\",\"breadcrumb\":{\"@id\":\"https:\/\/portosma.com.br\/index.php\/brasileirao-serie-c-2\/#breadcrumb\"},\"inLanguage\":\"pt-BR\",\"potentialAction\":[{\"@type\":\"ReadAction\",\"target\":[\"https:\/\/portosma.com.br\/index.php\/brasileirao-serie-c-2\/\"]}]},{\"@type\":\"ImageObject\",\"inLanguage\":\"pt-BR\",\"@id\":\"https:\/\/portosma.com.br\/index.php\/brasileirao-serie-c-2\/#primaryimage\",\"url\":\"https:\/\/portosma.com.br\/wp-content\/uploads\/2026\/04\/C-CLASS-02.jpg\",\"contentUrl\":\"https:\/\/portosma.com.br\/wp-content\/uploads\/2026\/04\/C-CLASS-02.jpg\",\"width\":900,\"height\":450},{\"@type\":\"BreadcrumbList\",\"@id\":\"https:\/\/portosma.com.br\/index.php\/brasileirao-serie-c-2\/#breadcrumb\",\"itemListElement\":[{\"@type\":\"ListItem\",\"position\":1,\"name\":\"In\u00edcio\",\"item\":\"https:\/\/portosma.com.br\/\"},{\"@type\":\"ListItem\",\"position\":2,\"name\":\"BRASILEIR\u00c3O, s\u00e9rie C\"}]},{\"@type\":\"WebSite\",\"@id\":\"https:\/\/portosma.com.br\/#website\",\"url\":\"https:\/\/portosma.com.br\/\",\"name\":\"Portosma\",\"description\":\"Um site de not\u00edcias\",\"publisher\":{\"@id\":\"https:\/\/portosma.com.br\/#organization\"},\"potentialAction\":[{\"@type\":\"SearchAction\",\"target\":{\"@type\":\"EntryPoint\",\"urlTemplate\":\"https:\/\/portosma.com.br\/?s={search_term_string}\"},\"query-input\":\"required name=search_term_string\"}],\"inLanguage\":\"pt-BR\"},{\"@type\":\"Organization\",\"@id\":\"https:\/\/portosma.com.br\/#organization\",\"name\":\"Portosma\",\"alternateName\":\"Portosma\",\"url\":\"https:\/\/portosma.com.br\/\",\"logo\":{\"@type\":\"ImageObject\",\"inLanguage\":\"pt-BR\",\"@id\":\"https:\/\/portosma.com.br\/#\/schema\/logo\/image\/\",\"url\":\"https:\/\/portosma.com.br\/wp-content\/uploads\/2026\/03\/cropped-AD-PORTOSMA.jpg\",\"contentUrl\":\"https:\/\/portosma.com.br\/wp-content\/uploads\/2026\/03\/cropped-AD-PORTOSMA.jpg\",\"width\":400,\"height\":115,\"caption\":\"Portosma\"},\"image\":{\"@id\":\"https:\/\/portosma.com.br\/#\/schema\/logo\/image\/\"}}]}<\/script>\n<!-- \/ Yoast SEO plugin. -->","yoast_head_json":{"title":"BRASILEIR\u00c3O, s\u00e9rie C - Portosma","robots":{"index":"index","follow":"follow","max-snippet":"max-snippet:-1","max-image-preview":"max-image-preview:large","max-video-preview":"max-video-preview:-1"},"canonical":"https:\/\/portosma.com.br\/index.php\/brasileirao-serie-c-2\/","og_locale":"pt_BR","og_type":"article","og_title":"BRASILEIR\u00c3O, s\u00e9rie C - Portosma","og_description":"O Maranh\u00e3o Atl\u00e9tico Clube estreia em casa com empate diante de 1&#215;1. Pr\u00f3ximo compromisso ser\u00e1 fora de casa, contra o Barra, em Santa Catarina Depois de est\u00e1 vencendo de 1&#215;0 at\u00e9 o \u00faltimo minuto doa 9 minutos de acr\u00e9scimos, o Maranh\u00e3o Atl\u00e9tico Clube, de p\u00eanalti. cedeu o empate ao advers\u00e1rio. Com isso, o Guarani de [&hellip;]","og_url":"https:\/\/portosma.com.br\/index.php\/brasileirao-serie-c-2\/","og_site_name":"Portosma","article_modified_time":"2026-04-07T19:35:06+00:00","og_image":[{"url":"https:\/\/portosma.com.br\/wp-content\/uploads\/2026\/04\/C-CLASS-02.jpg"}],"twitter_card":"summary_large_image","twitter_misc":{"Est. tempo de leitura":"7 minutos"},"schema":{"@context":"https:\/\/schema.org","@graph":[{"@type":"WebPage","@id":"https:\/\/portosma.com.br\/index.php\/brasileirao-serie-c-2\/","url":"https:\/\/portosma.com.br\/index.php\/brasileirao-serie-c-2\/","name":"BRASILEIR\u00c3O, s\u00e9rie C - Portosma","isPartOf":{"@id":"https:\/\/portosma.com.br\/#website"},"primaryImageOfPage":{"@id":"https:\/\/portosma.com.br\/index.php\/brasileirao-serie-c-2\/#primaryimage"},"image":{"@id":"https:\/\/portosma.com.br\/index.php\/brasileirao-serie-c-2\/#primaryimage"},"thumbnailUrl":"https:\/\/portosma.com.br\/wp-content\/uploads\/2026\/04\/C-CLASS-02.jpg","datePublished":"2024-04-08T21:50:13+00:00","dateModified":"2026-04-07T19:35:06+00:00","breadcrumb":{"@id":"https:\/\/portosma.com.br\/index.php\/brasileirao-serie-c-2\/#breadcrumb"},"inLanguage":"pt-BR","potentialAction":[{"@type":"ReadAction","target":["https:\/\/portosma.com.br\/index.php\/brasileirao-serie-c-2\/"]}]},{"@type":"ImageObject","inLanguage":"pt-BR","@id":"https:\/\/portosma.com.br\/index.php\/brasileirao-serie-c-2\/#primaryimage","url":"https:\/\/portosma.com.br\/wp-content\/uploads\/2026\/04\/C-CLASS-02.jpg","contentUrl":"https:\/\/portosma.com.br\/wp-content\/uploads\/2026\/04\/C-CLASS-02.jpg","width":900,"height":450},{"@type":"BreadcrumbList","@id":"https:\/\/portosma.com.br\/index.php\/brasileirao-serie-c-2\/#breadcrumb","itemListElement":[{"@type":"ListItem","position":1,"name":"In\u00edcio","item":"https:\/\/portosma.com.br\/"},{"@type":"ListItem","position":2,"name":"BRASILEIR\u00c3O, s\u00e9rie C"}]},{"@type":"WebSite","@id":"https:\/\/portosma.com.br\/#website","url":"https:\/\/portosma.com.br\/","name":"Portosma","description":"Um site de not\u00edcias","publisher":{"@id":"https:\/\/portosma.com.br\/#organization"},"potentialAction":[{"@type":"SearchAction","target":{"@type":"EntryPoint","urlTemplate":"https:\/\/portosma.com.br\/?s={search_term_string}"},"query-input":"required name=search_term_string"}],"inLanguage":"pt-BR"},{"@type":"Organization","@id":"https:\/\/portosma.com.br\/#organization","name":"Portosma","alternateName":"Portosma","url":"https:\/\/portosma.com.br\/","logo":{"@type":"ImageObject","inLanguage":"pt-BR","@id":"https:\/\/portosma.com.br\/#\/schema\/logo\/image\/","url":"https:\/\/portosma.com.br\/wp-content\/uploads\/2026\/03\/cropped-AD-PORTOSMA.jpg","contentUrl":"https:\/\/portosma.com.br\/wp-content\/uploads\/2026\/03\/cropped-AD-PORTOSMA.jpg","width":400,"height":115,"caption":"Portosma"},"image":{"@id":"https:\/\/portosma.com.br\/#\/schema\/logo\/image\/"}}]}},"_links":{"self":[{"href":"https:\/\/portosma.com.br\/index.php\/wp-json\/wp\/v2\/pages\/13954","targetHints":{"allow":["GET"]}}],"collection":[{"href":"https:\/\/portosma.com.br\/index.php\/wp-json\/wp\/v2\/pages"}],"about":[{"href":"https:\/\/portosma.com.br\/index.php\/wp-json\/wp\/v2\/types\/page"}],"author":[{"embeddable":true,"href":"https:\/\/portosma.com.br\/index.php\/wp-json\/wp\/v2\/users\/1"}],"replies":[{"embeddable":true,"href":"https:\/\/portosma.com.br\/index.php\/wp-json\/wp\/v2\/comments?post=13954"}],"version-history":[{"count":120,"href":"https:\/\/portosma.com.br\/index.php\/wp-json\/wp\/v2\/pages\/13954\/revisions"}],"predecessor-version":[{"id":29425,"href":"https:\/\/portosma.com.br\/index.php\/wp-json\/wp\/v2\/pages\/13954\/revisions\/29425"}],"wp:attachment":[{"href":"https:\/\/portosma.com.br\/index.php\/wp-json\/wp\/v2\/media?parent=13954"}],"curies":[{"name":"wp","href":"https:\/\/api.w.org\/{rel}","templated":true}]}}