{"id":130,"date":"2023-01-04T19:41:23","date_gmt":"2023-01-04T19:41:23","guid":{"rendered":"https:\/\/portosma.com.br\/?page_id=130"},"modified":"2026-03-31T00:06:28","modified_gmt":"2026-03-31T00:06:28","slug":"formula-um","status":"publish","type":"page","link":"https:\/\/portosma.com.br\/index.php\/formula-um\/","title":{"rendered":"Automobilismo"},"content":{"rendered":"<h3><img fetchpriority=\"high\" decoding=\"async\" class=\"alignnone wp-image-28499 size-full\" src=\"https:\/\/portosma.com.br\/wp-content\/uploads\/2026\/02\/CABECAF12026.jpg\" alt=\"\" width=\"900\" height=\"145\" srcset=\"https:\/\/portosma.com.br\/wp-content\/uploads\/2026\/02\/CABECAF12026.jpg 900w, https:\/\/portosma.com.br\/wp-content\/uploads\/2026\/02\/CABECAF12026-300x48.jpg 300w, https:\/\/portosma.com.br\/wp-content\/uploads\/2026\/02\/CABECAF12026-768x124.jpg 768w\" sizes=\"(max-width: 900px) 100vw, 900px\" \/><\/h3>\n<h1>Kimi Antonelli vence GP do Jap\u00e3o e se torna o l\u00edder mais jovem da F\u00f3rmula 1<\/h1>\n<p>Aos 19 anos, piloto da Mercedes domina em Suzuka, conquista a segunda vit\u00f3ria seguida e amplia vantagem no campeonato. O italiano Kimi Antonelli, da Mercedes, venceu neste domingo (29) o Grande Pr\u00eamio do Jap\u00e3o e conquistou sua segunda vit\u00f3ria consecutiva na F\u00f3rmula 1. Com o resultado, o piloto de 19 anos tornou-se o mais jovem l\u00edder da hist\u00f3ria do campeonato.<\/p>\n<p><img decoding=\"async\" class=\"alignnone wp-image-29199 size-full\" src=\"https:\/\/portosma.com.br\/wp-content\/uploads\/2026\/03\/TONELLI.jpg\" alt=\"\" width=\"900\" height=\"600\" srcset=\"https:\/\/portosma.com.br\/wp-content\/uploads\/2026\/03\/TONELLI.jpg 900w, https:\/\/portosma.com.br\/wp-content\/uploads\/2026\/03\/TONELLI-300x200.jpg 300w, https:\/\/portosma.com.br\/wp-content\/uploads\/2026\/03\/TONELLI-768x512.jpg 768w\" sizes=\"(max-width: 900px) 100vw, 900px\" \/><\/p>\n<p>Mesmo largando na pole position, Antonelli perdeu posi\u00e7\u00f5es logo no in\u00edcio e caiu para sexto. Ainda assim, conseguiu se recuperar ao longo da prova e cruzou a linha de chegada com 13,7 segundos de vantagem sobre o australiano Oscar Piastri, da McLaren. O brit\u00e2nico George Russell, companheiro de equipe de Antonelli, terminou na quarta coloca\u00e7\u00e3o. J\u00e1 o atual campe\u00e3o mundial, Lando Norris, ficou em quinto com a outra McLaren, \u00e0 frente do heptacampe\u00e3o Lewis Hamilton, da Ferrari.<\/p>\n<p>A vit\u00f3ria em Suzuka veio na sequ\u00eancia do triunfo na etapa da China e garantiu a Antonelli uma vantagem de nove pontos sobre Russell na classifica\u00e7\u00e3o geral. O feito tamb\u00e9m marcou o retorno de um italiano \u00e0 sequ\u00eancia de duas vit\u00f3rias seguidas na categoria, algo que n\u00e3o acontecia desde Alberto Ascari, em 1953. A prova do Jap\u00e3o tamb\u00e9m marcou um fato novo no campeonato. Foi a primeira vez que tr\u00eas equipes \u2013 Mercedes, McLaren e Ferrari \u2013 estiveram no podium. Gabriel Bortoleto, da Audi, cruzou a linha de chegada na 13\u00aa coloca\u00e7\u00e3o. Tamb\u00e9m foi a primeira vez no ano que Aston Martin conseguiu completar uma prova inteira. Fernando Alonso cruzou a linha de chegada em 18\u00ba lugar.<\/p>\n<figure id=\"attachment_29237\" aria-describedby=\"caption-attachment-29237\" style=\"width: 900px\" class=\"wp-caption alignnone\"><img decoding=\"async\" class=\"wp-image-29237 size-full\" src=\"https:\/\/portosma.com.br\/wp-content\/uploads\/2026\/03\/GP-JAPAO-900.jpg\" alt=\"\" width=\"900\" height=\"473\" srcset=\"https:\/\/portosma.com.br\/wp-content\/uploads\/2026\/03\/GP-JAPAO-900.jpg 900w, https:\/\/portosma.com.br\/wp-content\/uploads\/2026\/03\/GP-JAPAO-900-300x158.jpg 300w, https:\/\/portosma.com.br\/wp-content\/uploads\/2026\/03\/GP-JAPAO-900-768x404.jpg 768w\" sizes=\"(max-width: 900px) 100vw, 900px\" \/><figcaption id=\"caption-attachment-29237\" class=\"wp-caption-text\"><em><span style=\"color: #800000;\"><strong>Oscar Piastri, da McLaren, com Kimi Antonelli, da Mercedes, e Charles Leclerc, da Ferrari,<\/strong><\/span><\/em><\/figcaption><\/figure>\n<p>O tetracampe\u00e3o mundial Max Verstappen, que disse estar &#8220;extremamente frustrado&#8221; ap\u00f3s uma m\u00e1 classifica\u00e7\u00e3o no s\u00e1bado, conseguiu salvar alguns pontos ao terminar em oitavo. Liam Lawson ficou em nono lugar pela Racing Bulls, com Esteban Ocon em d\u00e9cimo com seu Haas. Confira a seguir, nos gr\u00e1ficos, o resultado final do GP do Jap\u00e3o, a classifica\u00e7\u00e3o de pilotos e construtores e a pr\u00f3xima corrida. Por causa da guerra do Golfo, os GP do Bahrein e da Ar\u00e1bia Saudita est\u00e3o cancelados, o que d\u00e1 um tr\u00e9gua de trinta dias no campeonato que s\u00f3 retorna em maio, no dia 3, com o grande premio de Miami.<\/p>\n<p><img loading=\"lazy\" decoding=\"async\" class=\"alignnone wp-image-29232 size-full\" src=\"https:\/\/portosma.com.br\/wp-content\/uploads\/2026\/03\/GP-JAPAO-903.jpg\" alt=\"\" width=\"900\" height=\"622\" srcset=\"https:\/\/portosma.com.br\/wp-content\/uploads\/2026\/03\/GP-JAPAO-903.jpg 900w, https:\/\/portosma.com.br\/wp-content\/uploads\/2026\/03\/GP-JAPAO-903-300x207.jpg 300w, https:\/\/portosma.com.br\/wp-content\/uploads\/2026\/03\/GP-JAPAO-903-768x531.jpg 768w\" sizes=\"(max-width: 900px) 100vw, 900px\" \/><br \/>\n<img loading=\"lazy\" decoding=\"async\" class=\"alignnone wp-image-29233 size-full\" src=\"https:\/\/portosma.com.br\/wp-content\/uploads\/2026\/03\/GP-JAPAO-904.jpg\" alt=\"\" width=\"900\" height=\"597\" srcset=\"https:\/\/portosma.com.br\/wp-content\/uploads\/2026\/03\/GP-JAPAO-904.jpg 900w, https:\/\/portosma.com.br\/wp-content\/uploads\/2026\/03\/GP-JAPAO-904-300x199.jpg 300w, https:\/\/portosma.com.br\/wp-content\/uploads\/2026\/03\/GP-JAPAO-904-768x509.jpg 768w\" sizes=\"(max-width: 900px) 100vw, 900px\" \/><br \/>\n<img loading=\"lazy\" decoding=\"async\" class=\"alignnone wp-image-29234 size-full\" src=\"https:\/\/portosma.com.br\/wp-content\/uploads\/2026\/03\/GP-JAPAO-905.jpg\" alt=\"\" width=\"900\" height=\"332\" srcset=\"https:\/\/portosma.com.br\/wp-content\/uploads\/2026\/03\/GP-JAPAO-905.jpg 900w, https:\/\/portosma.com.br\/wp-content\/uploads\/2026\/03\/GP-JAPAO-905-300x111.jpg 300w, https:\/\/portosma.com.br\/wp-content\/uploads\/2026\/03\/GP-JAPAO-905-768x283.jpg 768w\" sizes=\"(max-width: 900px) 100vw, 900px\" \/><\/p>\n<p><strong><img loading=\"lazy\" decoding=\"async\" class=\"wp-image-29231 size-full alignleft\" src=\"https:\/\/portosma.com.br\/wp-content\/uploads\/2026\/03\/GP-JAPAO-902.jpg\" alt=\"\" width=\"300\" height=\"208\"><span style=\"color: #800000;\">Hor\u00e1rios do GP de Miami (fuso de Bras\u00edlia)<\/span><\/strong><\/p>\n<p><strong><em>Sexta-feira, 01 de maio<\/em><\/strong><br \/>\n&#8211; Treino livre 1: 13h30<br \/>\n&#8211; Classifica\u00e7\u00e3o da corrida sprint: 17h30<br \/>\n<strong><em>S\u00e1bado, 02 de maio<\/em><\/strong><br \/>\n&#8211; Corrida sprint: 13h00<br \/>\n&#8211; Treino de classifica\u00e7\u00e3o: 17h00<br \/>\n<strong><em>Domingo, 03 de maio<\/em><\/strong><br \/>\n&#8211; Corrida: 17h00<\/p>\n<p><a href=\"https:\/\/portosma.com.br\/index.php\/resultados-dos-gps-da-formula-um-ano-de-2023\/\"><img loading=\"lazy\" decoding=\"async\" class=\"wp-image-28631 size-full\" src=\"https:\/\/portosma.com.br\/wp-content\/uploads\/2026\/03\/AUSTR-02.jpg\" alt=\"\" width=\"900\" height=\"600\" srcset=\"https:\/\/portosma.com.br\/wp-content\/uploads\/2026\/03\/AUSTR-02.jpg 900w, https:\/\/portosma.com.br\/wp-content\/uploads\/2026\/03\/AUSTR-02-300x200.jpg 300w, https:\/\/portosma.com.br\/wp-content\/uploads\/2026\/03\/AUSTR-02-768x512.jpg 768w\" sizes=\"(max-width: 900px) 100vw, 900px\" \/><\/a><span style=\"color: #800000;\"><em><strong>Gabriel Bortoleto, com a sua Audi, esteve bem nos treinos de classifica\u00e7\u00e3o mas n\u00e3o repetiu a atua\u00e7\u00e3o na corrida do Jap\u00e3o e terminou em d\u00e9cimo terceiro. Click na foto para acompanhar o podium e os resultados de todas as corridas at\u00e9 agora.<br \/>\n<\/strong><\/em><\/span><br \/>\n<span style=\"color: #800000;\"><img loading=\"lazy\" decoding=\"async\" class=\"alignnone wp-image-28412 size-full\" src=\"https:\/\/portosma.com.br\/wp-content\/uploads\/2026\/02\/CALLENDER-F1.jpg\" alt=\"\" width=\"900\" height=\"1130\" srcset=\"https:\/\/portosma.com.br\/wp-content\/uploads\/2026\/02\/CALLENDER-F1.jpg 900w, https:\/\/portosma.com.br\/wp-content\/uploads\/2026\/02\/CALLENDER-F1-239x300.jpg 239w, https:\/\/portosma.com.br\/wp-content\/uploads\/2026\/02\/CALLENDER-F1-816x1024.jpg 816w, https:\/\/portosma.com.br\/wp-content\/uploads\/2026\/02\/CALLENDER-F1-768x964.jpg 768w\" sizes=\"(max-width: 900px) 100vw, 900px\" \/><\/span><\/p>\n<h4><span style=\"color: #000000;\"><strong>McLaren vence os campeonatos de pilotos e de construtores, ano 2025<\/strong><\/span><\/h4>\n<p><strong><span style=\"color: #800000;\"><img loading=\"lazy\" decoding=\"async\" class=\"alignnone wp-image-25395 size-full\" src=\"https:\/\/portosma.com.br\/wp-content\/uploads\/2025\/10\/SINGAPURA-04.jpg\" alt=\"\" width=\"900\" height=\"379\" srcset=\"https:\/\/portosma.com.br\/wp-content\/uploads\/2025\/10\/SINGAPURA-04.jpg 900w, https:\/\/portosma.com.br\/wp-content\/uploads\/2025\/10\/SINGAPURA-04-300x126.jpg 300w, https:\/\/portosma.com.br\/wp-content\/uploads\/2025\/10\/SINGAPURA-04-768x323.jpg 768w\" sizes=\"(max-width: 900px) 100vw, 900px\" \/><em>McLaren \u00e9 a equipe campe\u00e3 mundial de construtores da F\u00f3rmula Um, ano 2025<\/em><\/span><\/strong><\/p>\n<h4><img loading=\"lazy\" decoding=\"async\" class=\"alignleft wp-image-26972 size-medium\" src=\"https:\/\/portosma.com.br\/wp-content\/uploads\/2025\/12\/LANDO-01-247x300.jpg\" alt=\"\" width=\"247\" height=\"300\" srcset=\"https:\/\/portosma.com.br\/wp-content\/uploads\/2025\/12\/LANDO-01-247x300.jpg 247w, https:\/\/portosma.com.br\/wp-content\/uploads\/2025\/12\/LANDO-01.jpg 487w\" sizes=\"(max-width: 247px) 100vw, 247px\" \/>Confira o novo grid da f\u00f3rmula Um, equipes, pilotos de calend\u00e1rio de provas<\/h4>\n<p>A F\u00f3rmula 1 entrar\u00e1 em uma nova era em 2026, pois al\u00e9m das mudan\u00e7as de regulamento t\u00e9cnico de sua hist\u00f3ria e tamb\u00e9m receber\u00e1 uma 11\u00aa equipe no grid: a americana Cadillac \u2014 a primeira equipe totalmente nova a entrar no esporte desde a Haas, em 2016. A marca alem\u00e3 Audi tamb\u00e9m estrear\u00e1 na F1 como construtora e fabricante de motores, assumindo o lugar da Sauber. Haver\u00e1 apenas um novo rosto no grid na pr\u00f3xima temporada: Arvid Lindblad, 19, que sobe da F\u00f3rmula 2 para ocupar a vaga de Isack Hadjar na Racing Bulls, equipe-irm\u00e3 da Red Bull. Hadjar foi promovido \u00e0 equipe principal, entrando no lugar de Yuki Tsunoda e tornando-se o s\u00e9timo companheiro de Max Verstappen desde que o holand\u00eas chegou \u00e0 escuderia de Milton Keynes em 2016.<\/p>\n<p><img loading=\"lazy\" decoding=\"async\" class=\"alignnone wp-image-28263 size-full\" src=\"https:\/\/portosma.com.br\/wp-content\/uploads\/2026\/02\/OSCAR-PIASTRI.jpg\" alt=\"\" width=\"900\" height=\"275\" srcset=\"https:\/\/portosma.com.br\/wp-content\/uploads\/2026\/02\/OSCAR-PIASTRI.jpg 900w, https:\/\/portosma.com.br\/wp-content\/uploads\/2026\/02\/OSCAR-PIASTRI-300x92.jpg 300w, https:\/\/portosma.com.br\/wp-content\/uploads\/2026\/02\/OSCAR-PIASTRI-768x235.jpg 768w\" sizes=\"(max-width: 900px) 100vw, 900px\" \/><\/p>\n<p><img loading=\"lazy\" decoding=\"async\" class=\"alignnone wp-image-27855 size-full\" src=\"https:\/\/portosma.com.br\/wp-content\/uploads\/2026\/01\/EQUIPE-MERCEDES.jpg\" alt=\"\" width=\"900\" height=\"253\" srcset=\"https:\/\/portosma.com.br\/wp-content\/uploads\/2026\/01\/EQUIPE-MERCEDES.jpg 900w, https:\/\/portosma.com.br\/wp-content\/uploads\/2026\/01\/EQUIPE-MERCEDES-300x84.jpg 300w, https:\/\/portosma.com.br\/wp-content\/uploads\/2026\/01\/EQUIPE-MERCEDES-768x216.jpg 768w\" sizes=\"(max-width: 900px) 100vw, 900px\" \/><\/p>\n<p><img loading=\"lazy\" decoding=\"async\" class=\"alignnone wp-image-27857 size-full\" src=\"https:\/\/portosma.com.br\/wp-content\/uploads\/2026\/01\/EQUIPE-RED-BULL.jpg\" alt=\"\" width=\"900\" height=\"241\" srcset=\"https:\/\/portosma.com.br\/wp-content\/uploads\/2026\/01\/EQUIPE-RED-BULL.jpg 900w, https:\/\/portosma.com.br\/wp-content\/uploads\/2026\/01\/EQUIPE-RED-BULL-300x80.jpg 300w, https:\/\/portosma.com.br\/wp-content\/uploads\/2026\/01\/EQUIPE-RED-BULL-768x206.jpg 768w\" sizes=\"(max-width: 900px) 100vw, 900px\" \/><\/p>\n<p><img loading=\"lazy\" decoding=\"async\" class=\"alignnone wp-image-27858 size-full\" src=\"https:\/\/portosma.com.br\/wp-content\/uploads\/2026\/01\/EQUIPE-FERRARI.jpg\" alt=\"\" width=\"900\" height=\"264\" srcset=\"https:\/\/portosma.com.br\/wp-content\/uploads\/2026\/01\/EQUIPE-FERRARI.jpg 900w, https:\/\/portosma.com.br\/wp-content\/uploads\/2026\/01\/EQUIPE-FERRARI-300x88.jpg 300w, https:\/\/portosma.com.br\/wp-content\/uploads\/2026\/01\/EQUIPE-FERRARI-768x225.jpg 768w\" sizes=\"(max-width: 900px) 100vw, 900px\" \/><\/p>\n<p><img loading=\"lazy\" decoding=\"async\" class=\"alignnone wp-image-28264 size-full\" src=\"https:\/\/portosma.com.br\/wp-content\/uploads\/2026\/02\/STROLL.jpg\" alt=\"\" width=\"900\" height=\"276\" srcset=\"https:\/\/portosma.com.br\/wp-content\/uploads\/2026\/02\/STROLL.jpg 900w, https:\/\/portosma.com.br\/wp-content\/uploads\/2026\/02\/STROLL-300x92.jpg 300w, https:\/\/portosma.com.br\/wp-content\/uploads\/2026\/02\/STROLL-768x236.jpg 768w\" sizes=\"(max-width: 900px) 100vw, 900px\" \/><\/p>\n<p><img loading=\"lazy\" decoding=\"async\" class=\"alignnone wp-image-28265 size-full\" src=\"https:\/\/portosma.com.br\/wp-content\/uploads\/2026\/02\/BULS.jpg\" alt=\"\" width=\"900\" height=\"260\" srcset=\"https:\/\/portosma.com.br\/wp-content\/uploads\/2026\/02\/BULS.jpg 900w, https:\/\/portosma.com.br\/wp-content\/uploads\/2026\/02\/BULS-300x87.jpg 300w, https:\/\/portosma.com.br\/wp-content\/uploads\/2026\/02\/BULS-768x222.jpg 768w\" sizes=\"(max-width: 900px) 100vw, 900px\" \/><\/p>\n<p><img loading=\"lazy\" decoding=\"async\" class=\"alignnone wp-image-27859 size-full\" src=\"https:\/\/portosma.com.br\/wp-content\/uploads\/2026\/01\/EQUIPE-AUDI.jpg\" alt=\"\" width=\"900\" height=\"265\" srcset=\"https:\/\/portosma.com.br\/wp-content\/uploads\/2026\/01\/EQUIPE-AUDI.jpg 900w, https:\/\/portosma.com.br\/wp-content\/uploads\/2026\/01\/EQUIPE-AUDI-300x88.jpg 300w, https:\/\/portosma.com.br\/wp-content\/uploads\/2026\/01\/EQUIPE-AUDI-768x226.jpg 768w\" sizes=\"(max-width: 900px) 100vw, 900px\" \/><\/p>\n<p><img loading=\"lazy\" decoding=\"async\" class=\"alignnone wp-image-28267 size-full\" src=\"https:\/\/portosma.com.br\/wp-content\/uploads\/2026\/02\/OCON.jpg\" alt=\"\" width=\"900\" height=\"271\" srcset=\"https:\/\/portosma.com.br\/wp-content\/uploads\/2026\/02\/OCON.jpg 900w, https:\/\/portosma.com.br\/wp-content\/uploads\/2026\/02\/OCON-300x90.jpg 300w, https:\/\/portosma.com.br\/wp-content\/uploads\/2026\/02\/OCON-768x231.jpg 768w\" sizes=\"(max-width: 900px) 100vw, 900px\" \/><\/p>\n<p><img loading=\"lazy\" decoding=\"async\" class=\"alignnone wp-image-27860 size-full\" src=\"https:\/\/portosma.com.br\/wp-content\/uploads\/2026\/01\/EQUIPE-ALPINE.jpg\" alt=\"\" width=\"900\" height=\"268\" srcset=\"https:\/\/portosma.com.br\/wp-content\/uploads\/2026\/01\/EQUIPE-ALPINE.jpg 900w, https:\/\/portosma.com.br\/wp-content\/uploads\/2026\/01\/EQUIPE-ALPINE-300x89.jpg 300w, https:\/\/portosma.com.br\/wp-content\/uploads\/2026\/01\/EQUIPE-ALPINE-768x229.jpg 768w\" sizes=\"(max-width: 900px) 100vw, 900px\" \/><\/p>\n<p><img loading=\"lazy\" decoding=\"async\" class=\"alignnone wp-image-27861 size-full\" src=\"https:\/\/portosma.com.br\/wp-content\/uploads\/2026\/01\/EQUIPE-CADILLAC.jpg\" alt=\"\" width=\"900\" height=\"235\" srcset=\"https:\/\/portosma.com.br\/wp-content\/uploads\/2026\/01\/EQUIPE-CADILLAC.jpg 900w, https:\/\/portosma.com.br\/wp-content\/uploads\/2026\/01\/EQUIPE-CADILLAC-300x78.jpg 300w, https:\/\/portosma.com.br\/wp-content\/uploads\/2026\/01\/EQUIPE-CADILLAC-768x201.jpg 768w\" sizes=\"(max-width: 900px) 100vw, 900px\" \/><\/p>\n<p><img loading=\"lazy\" decoding=\"async\" class=\"alignnone wp-image-14992 size-full\" src=\"https:\/\/portosma.com.br\/wp-content\/uploads\/2024\/05\/EMILIA-4.jpg\" alt=\"\" width=\"900\" height=\"954\" srcset=\"https:\/\/portosma.com.br\/wp-content\/uploads\/2024\/05\/EMILIA-4.jpg 900w, https:\/\/portosma.com.br\/wp-content\/uploads\/2024\/05\/EMILIA-4-283x300.jpg 283w, https:\/\/portosma.com.br\/wp-content\/uploads\/2024\/05\/EMILIA-4-768x814.jpg 768w\" sizes=\"(max-width: 900px) 100vw, 900px\" \/><\/p>\n","protected":false},"excerpt":{"rendered":"<p>Kimi Antonelli vence GP do Jap\u00e3o e se torna o l\u00edder mais jovem da F\u00f3rmula 1 Aos 19 anos, piloto da Mercedes domina em Suzuka, conquista a segunda vit\u00f3ria seguida e amplia vantagem no campeonato. O italiano Kimi Antonelli, da Mercedes, venceu neste domingo (29) o Grande Pr\u00eamio do Jap\u00e3o e conquistou sua segunda vit\u00f3ria [&hellip;]<\/p>\n","protected":false},"author":1,"featured_media":0,"parent":0,"menu_order":0,"comment_status":"closed","ping_status":"closed","template":"","meta":{"_editorskit_title_hidden":false,"_editorskit_reading_time":0,"_editorskit_is_block_options_detached":false,"_editorskit_block_options_position":"{}","ngg_post_thumbnail":0,"footnotes":""},"class_list":["post-130","page","type-page","status-publish","hentry"],"yoast_head":"<!-- This site is optimized with the Yoast SEO plugin v22.5 - https:\/\/yoast.com\/wordpress\/plugins\/seo\/ -->\n<title>Automobilismo - Portosma<\/title>\n<meta name=\"robots\" content=\"index, follow, max-snippet:-1, max-image-preview:large, max-video-preview:-1\" \/>\n<link rel=\"canonical\" href=\"https:\/\/portosma.com.br\/index.php\/formula-um\/\" \/>\n<meta property=\"og:locale\" content=\"pt_BR\" \/>\n<meta property=\"og:type\" content=\"article\" \/>\n<meta property=\"og:title\" content=\"Automobilismo - Portosma\" \/>\n<meta property=\"og:description\" content=\"Kimi Antonelli vence GP do Jap\u00e3o e se torna o l\u00edder mais jovem da F\u00f3rmula 1 Aos 19 anos, piloto da Mercedes domina em Suzuka, conquista a segunda vit\u00f3ria seguida e amplia vantagem no campeonato. O italiano Kimi Antonelli, da Mercedes, venceu neste domingo (29) o Grande Pr\u00eamio do Jap\u00e3o e conquistou sua segunda vit\u00f3ria [&hellip;]\" \/>\n<meta property=\"og:url\" content=\"https:\/\/portosma.com.br\/index.php\/formula-um\/\" \/>\n<meta property=\"og:site_name\" content=\"Portosma\" \/>\n<meta property=\"article:modified_time\" content=\"2026-03-31T00:06:28+00:00\" \/>\n<meta property=\"og:image\" content=\"https:\/\/portosma.com.br\/wp-content\/uploads\/2026\/02\/CABECAF12026.jpg\" \/>\n<meta name=\"twitter:card\" content=\"summary_large_image\" \/>\n<meta name=\"twitter:label1\" content=\"Est. tempo de leitura\" \/>\n\t<meta name=\"twitter:data1\" content=\"8 minutos\" \/>\n<script type=\"application\/ld+json\" class=\"yoast-schema-graph\">{\"@context\":\"https:\/\/schema.org\",\"@graph\":[{\"@type\":\"WebPage\",\"@id\":\"https:\/\/portosma.com.br\/index.php\/formula-um\/\",\"url\":\"https:\/\/portosma.com.br\/index.php\/formula-um\/\",\"name\":\"Automobilismo - Portosma\",\"isPartOf\":{\"@id\":\"https:\/\/portosma.com.br\/#website\"},\"primaryImageOfPage\":{\"@id\":\"https:\/\/portosma.com.br\/index.php\/formula-um\/#primaryimage\"},\"image\":{\"@id\":\"https:\/\/portosma.com.br\/index.php\/formula-um\/#primaryimage\"},\"thumbnailUrl\":\"https:\/\/portosma.com.br\/wp-content\/uploads\/2026\/02\/CABECAF12026.jpg\",\"datePublished\":\"2023-01-04T19:41:23+00:00\",\"dateModified\":\"2026-03-31T00:06:28+00:00\",\"breadcrumb\":{\"@id\":\"https:\/\/portosma.com.br\/index.php\/formula-um\/#breadcrumb\"},\"inLanguage\":\"pt-BR\",\"potentialAction\":[{\"@type\":\"ReadAction\",\"target\":[\"https:\/\/portosma.com.br\/index.php\/formula-um\/\"]}]},{\"@type\":\"ImageObject\",\"inLanguage\":\"pt-BR\",\"@id\":\"https:\/\/portosma.com.br\/index.php\/formula-um\/#primaryimage\",\"url\":\"https:\/\/portosma.com.br\/wp-content\/uploads\/2026\/02\/CABECAF12026.jpg\",\"contentUrl\":\"https:\/\/portosma.com.br\/wp-content\/uploads\/2026\/02\/CABECAF12026.jpg\",\"width\":900,\"height\":145},{\"@type\":\"BreadcrumbList\",\"@id\":\"https:\/\/portosma.com.br\/index.php\/formula-um\/#breadcrumb\",\"itemListElement\":[{\"@type\":\"ListItem\",\"position\":1,\"name\":\"In\u00edcio\",\"item\":\"https:\/\/portosma.com.br\/\"},{\"@type\":\"ListItem\",\"position\":2,\"name\":\"Automobilismo\"}]},{\"@type\":\"WebSite\",\"@id\":\"https:\/\/portosma.com.br\/#website\",\"url\":\"https:\/\/portosma.com.br\/\",\"name\":\"Portosma\",\"description\":\"Um site de not\u00edcias\",\"publisher\":{\"@id\":\"https:\/\/portosma.com.br\/#organization\"},\"potentialAction\":[{\"@type\":\"SearchAction\",\"target\":{\"@type\":\"EntryPoint\",\"urlTemplate\":\"https:\/\/portosma.com.br\/?s={search_term_string}\"},\"query-input\":\"required name=search_term_string\"}],\"inLanguage\":\"pt-BR\"},{\"@type\":\"Organization\",\"@id\":\"https:\/\/portosma.com.br\/#organization\",\"name\":\"Portosma\",\"alternateName\":\"Portosma\",\"url\":\"https:\/\/portosma.com.br\/\",\"logo\":{\"@type\":\"ImageObject\",\"inLanguage\":\"pt-BR\",\"@id\":\"https:\/\/portosma.com.br\/#\/schema\/logo\/image\/\",\"url\":\"https:\/\/portosma.com.br\/wp-content\/uploads\/2026\/03\/cropped-AD-PORTOSMA.jpg\",\"contentUrl\":\"https:\/\/portosma.com.br\/wp-content\/uploads\/2026\/03\/cropped-AD-PORTOSMA.jpg\",\"width\":400,\"height\":115,\"caption\":\"Portosma\"},\"image\":{\"@id\":\"https:\/\/portosma.com.br\/#\/schema\/logo\/image\/\"}}]}<\/script>\n<!-- \/ Yoast SEO plugin. -->","yoast_head_json":{"title":"Automobilismo - Portosma","robots":{"index":"index","follow":"follow","max-snippet":"max-snippet:-1","max-image-preview":"max-image-preview:large","max-video-preview":"max-video-preview:-1"},"canonical":"https:\/\/portosma.com.br\/index.php\/formula-um\/","og_locale":"pt_BR","og_type":"article","og_title":"Automobilismo - Portosma","og_description":"Kimi Antonelli vence GP do Jap\u00e3o e se torna o l\u00edder mais jovem da F\u00f3rmula 1 Aos 19 anos, piloto da Mercedes domina em Suzuka, conquista a segunda vit\u00f3ria seguida e amplia vantagem no campeonato. O italiano Kimi Antonelli, da Mercedes, venceu neste domingo (29) o Grande Pr\u00eamio do Jap\u00e3o e conquistou sua segunda vit\u00f3ria [&hellip;]","og_url":"https:\/\/portosma.com.br\/index.php\/formula-um\/","og_site_name":"Portosma","article_modified_time":"2026-03-31T00:06:28+00:00","og_image":[{"url":"https:\/\/portosma.com.br\/wp-content\/uploads\/2026\/02\/CABECAF12026.jpg"}],"twitter_card":"summary_large_image","twitter_misc":{"Est. tempo de leitura":"8 minutos"},"schema":{"@context":"https:\/\/schema.org","@graph":[{"@type":"WebPage","@id":"https:\/\/portosma.com.br\/index.php\/formula-um\/","url":"https:\/\/portosma.com.br\/index.php\/formula-um\/","name":"Automobilismo - Portosma","isPartOf":{"@id":"https:\/\/portosma.com.br\/#website"},"primaryImageOfPage":{"@id":"https:\/\/portosma.com.br\/index.php\/formula-um\/#primaryimage"},"image":{"@id":"https:\/\/portosma.com.br\/index.php\/formula-um\/#primaryimage"},"thumbnailUrl":"https:\/\/portosma.com.br\/wp-content\/uploads\/2026\/02\/CABECAF12026.jpg","datePublished":"2023-01-04T19:41:23+00:00","dateModified":"2026-03-31T00:06:28+00:00","breadcrumb":{"@id":"https:\/\/portosma.com.br\/index.php\/formula-um\/#breadcrumb"},"inLanguage":"pt-BR","potentialAction":[{"@type":"ReadAction","target":["https:\/\/portosma.com.br\/index.php\/formula-um\/"]}]},{"@type":"ImageObject","inLanguage":"pt-BR","@id":"https:\/\/portosma.com.br\/index.php\/formula-um\/#primaryimage","url":"https:\/\/portosma.com.br\/wp-content\/uploads\/2026\/02\/CABECAF12026.jpg","contentUrl":"https:\/\/portosma.com.br\/wp-content\/uploads\/2026\/02\/CABECAF12026.jpg","width":900,"height":145},{"@type":"BreadcrumbList","@id":"https:\/\/portosma.com.br\/index.php\/formula-um\/#breadcrumb","itemListElement":[{"@type":"ListItem","position":1,"name":"In\u00edcio","item":"https:\/\/portosma.com.br\/"},{"@type":"ListItem","position":2,"name":"Automobilismo"}]},{"@type":"WebSite","@id":"https:\/\/portosma.com.br\/#website","url":"https:\/\/portosma.com.br\/","name":"Portosma","description":"Um site de not\u00edcias","publisher":{"@id":"https:\/\/portosma.com.br\/#organization"},"potentialAction":[{"@type":"SearchAction","target":{"@type":"EntryPoint","urlTemplate":"https:\/\/portosma.com.br\/?s={search_term_string}"},"query-input":"required name=search_term_string"}],"inLanguage":"pt-BR"},{"@type":"Organization","@id":"https:\/\/portosma.com.br\/#organization","name":"Portosma","alternateName":"Portosma","url":"https:\/\/portosma.com.br\/","logo":{"@type":"ImageObject","inLanguage":"pt-BR","@id":"https:\/\/portosma.com.br\/#\/schema\/logo\/image\/","url":"https:\/\/portosma.com.br\/wp-content\/uploads\/2026\/03\/cropped-AD-PORTOSMA.jpg","contentUrl":"https:\/\/portosma.com.br\/wp-content\/uploads\/2026\/03\/cropped-AD-PORTOSMA.jpg","width":400,"height":115,"caption":"Portosma"},"image":{"@id":"https:\/\/portosma.com.br\/#\/schema\/logo\/image\/"}}]}},"_links":{"self":[{"href":"https:\/\/portosma.com.br\/index.php\/wp-json\/wp\/v2\/pages\/130","targetHints":{"allow":["GET"]}}],"collection":[{"href":"https:\/\/portosma.com.br\/index.php\/wp-json\/wp\/v2\/pages"}],"about":[{"href":"https:\/\/portosma.com.br\/index.php\/wp-json\/wp\/v2\/types\/page"}],"author":[{"embeddable":true,"href":"https:\/\/portosma.com.br\/index.php\/wp-json\/wp\/v2\/users\/1"}],"replies":[{"embeddable":true,"href":"https:\/\/portosma.com.br\/index.php\/wp-json\/wp\/v2\/comments?post=130"}],"version-history":[{"count":518,"href":"https:\/\/portosma.com.br\/index.php\/wp-json\/wp\/v2\/pages\/130\/revisions"}],"predecessor-version":[{"id":29238,"href":"https:\/\/portosma.com.br\/index.php\/wp-json\/wp\/v2\/pages\/130\/revisions\/29238"}],"wp:attachment":[{"href":"https:\/\/portosma.com.br\/index.php\/wp-json\/wp\/v2\/media?parent=130"}],"curies":[{"name":"wp","href":"https:\/\/api.w.org\/{rel}","templated":true}]}}