{"id":126,"date":"2023-01-04T19:40:14","date_gmt":"2023-01-04T19:40:14","guid":{"rendered":"https:\/\/portosma.com.br\/?page_id=126"},"modified":"2026-04-11T19:58:32","modified_gmt":"2026-04-11T19:58:32","slug":"brasileirao-serie-b","status":"publish","type":"page","link":"https:\/\/portosma.com.br\/index.php\/brasileirao-serie-b\/","title":{"rendered":"BRASILEIR\u00c3O, s\u00e9rie B"},"content":{"rendered":"<h1><span style=\"color: #333333;\">Segundona do Brasileir\u00e3o chega a sua terceira rodada tendo o Ava\u00ed como l\u00edder<\/span><\/h1>\n<p><img fetchpriority=\"high\" decoding=\"async\" class=\"alignnone wp-image-29525 size-full\" src=\"https:\/\/portosma.com.br\/wp-content\/uploads\/2026\/04\/BBBBBBBB-UM.jpg\" alt=\"\" width=\"900\" height=\"585\" srcset=\"https:\/\/portosma.com.br\/wp-content\/uploads\/2026\/04\/BBBBBBBB-UM.jpg 900w, https:\/\/portosma.com.br\/wp-content\/uploads\/2026\/04\/BBBBBBBB-UM-300x195.jpg 300w, https:\/\/portosma.com.br\/wp-content\/uploads\/2026\/04\/BBBBBBBB-UM-768x499.jpg 768w\" sizes=\"(max-width: 900px) 100vw, 900px\" \/> <img decoding=\"async\" class=\"alignnone wp-image-29524 size-full\" src=\"https:\/\/portosma.com.br\/wp-content\/uploads\/2026\/04\/BBBBBBBB-DOIS.jpg\" alt=\"\" width=\"900\" height=\"756\" srcset=\"https:\/\/portosma.com.br\/wp-content\/uploads\/2026\/04\/BBBBBBBB-DOIS.jpg 900w, https:\/\/portosma.com.br\/wp-content\/uploads\/2026\/04\/BBBBBBBB-DOIS-300x252.jpg 300w, https:\/\/portosma.com.br\/wp-content\/uploads\/2026\/04\/BBBBBBBB-DOIS-768x645.jpg 768w\" sizes=\"(max-width: 900px) 100vw, 900px\" \/><\/p>\n<p><img decoding=\"async\" class=\"alignnone wp-image-26659 size-full\" src=\"https:\/\/portosma.com.br\/wp-content\/uploads\/2025\/11\/CORITIBA.jpg\" alt=\"\" width=\"900\" height=\"506\" srcset=\"https:\/\/portosma.com.br\/wp-content\/uploads\/2025\/11\/CORITIBA.jpg 900w, https:\/\/portosma.com.br\/wp-content\/uploads\/2025\/11\/CORITIBA-300x169.jpg 300w, https:\/\/portosma.com.br\/wp-content\/uploads\/2025\/11\/CORITIBA-768x432.jpg 768w\" sizes=\"(max-width: 900px) 100vw, 900px\" \/><br \/>\n<span style=\"color: #800000;\"><em><strong>O Coritiba \u00e9 campe\u00e3o da segundona, ano 2025, e retorna a S\u00e9rie A do Brasileir\u00e3o. Tamb\u00e9m subiram Athletico Paranaense, Chapecoense e Clube do Remo.<\/strong><\/em><\/span><\/p>\n<p><img loading=\"lazy\" decoding=\"async\" class=\"alignnone wp-image-18807 size-full\" src=\"https:\/\/portosma.com.br\/wp-content\/uploads\/2024\/11\/SANTOS.jpg\" alt=\"\" width=\"900\" height=\"553\" srcset=\"https:\/\/portosma.com.br\/wp-content\/uploads\/2024\/11\/SANTOS.jpg 900w, https:\/\/portosma.com.br\/wp-content\/uploads\/2024\/11\/SANTOS-300x184.jpg 300w, https:\/\/portosma.com.br\/wp-content\/uploads\/2024\/11\/SANTOS-768x472.jpg 768w\" sizes=\"(max-width: 900px) 100vw, 900px\" \/><br \/>\n<span style=\"color: #800000;\"><em><strong>O Santos \u00e9 campe\u00e3o da segundona, ano 2024, e retorna a S\u00e9rie A do Brasileir\u00e3o. Tamb\u00e9m subiram Mirassol, Sport de Recife e Cear\u00e1<\/strong><\/em><\/span><\/p>\n<p>O Santos confirmou seu favoritismo e garantiu o t\u00edtulo da S\u00e9rie B do Campeonato Brasileiro de 2024. Neste s\u00e1bado, o Peixe sequer precisou entrar em campo para garantir a ta\u00e7a. Bastou o empate do Novorizontino diante do Paysandu, em casa, para o clube da Vila confirmar a conquista. Na partida do t\u00edtulo, por\u00e9m, jogando em casa contra o CBR de Natal perdeu de 2&#215;0, mas n\u00e3o pode mais ser alcan\u00e7ado. Faltando apenas uma rodada, o time da Vila Belmiro tem 68 pontos, e, al\u00e9m do t\u00edtulo, garante a vaga para a elite do futebol no pr\u00f3ximo ano. A briga pelo acesso terminou somente na \u00faltima rodada e premiou os quatro primeiros: Santos, Mirassol, Sport de Recife e Cear\u00e1 Esporte Clube.&nbsp;<\/p>\n<p><strong>Campanha do Santos<\/strong> &#8211; Estreante na S\u00e9rie B, o Santos passou por uma temporada de altos e baixos, sofreu com instabilidades, mas ficou apenas quatro rodadas fora do G-4. No fim, com uma arrancada de quatro vit\u00f3rias seguidas, o Peixe se descolou dos concorrentes para ficar com o acesso e o t\u00edtulo. O Santos \u00e9 o 35\u00ba clube diferente a vencer a competi\u00e7\u00e3o, que teve estreia promovida pela CBF em 1971 e foi disputada pela 44\u00aa vez desde ent\u00e3o. Houve temporadas em que o torneio n\u00e3o foi organizado.<\/p>\n<p>Foram rebaixados para a S\u00e9rie C quatro clubes. Tr\u00eas de S\u00e3o Paulo &#8211;&nbsp; Ponte Preta, Ituano e Guarani de Campinas &#8211; e um de Santa Catarina &#8211; Brusque. Confira a classifica\u00e7\u00e3o final da segundona:<\/p>\n<p><img loading=\"lazy\" decoding=\"async\" class=\"alignnone wp-image-15034 size-full\" src=\"https:\/\/portosma.com.br\/wp-content\/uploads\/2024\/05\/VITORIA-SERO-B.jpg\" alt=\"\" width=\"900\" height=\"426\" srcset=\"https:\/\/portosma.com.br\/wp-content\/uploads\/2024\/05\/VITORIA-SERO-B.jpg 900w, https:\/\/portosma.com.br\/wp-content\/uploads\/2024\/05\/VITORIA-SERO-B-300x142.jpg 300w, https:\/\/portosma.com.br\/wp-content\/uploads\/2024\/05\/VITORIA-SERO-B-768x364.jpg 768w\" sizes=\"(max-width: 900px) 100vw, 900px\" \/><\/p>\n<p><span style=\"color: #800000;\"><em><strong>Na festa do t\u00edtulo de campe\u00e3o da S\u00e9rie B de 2023, o time do Vit\u00f3ria da Bahia, j\u00e1 garantido na S\u00e9rie A, ganha do Sport de Recife de 1&#215;0. O Crici\u00fama tamb\u00e9m j\u00e1 garantiu vaga na elite do futebol.<\/strong><\/em><\/span><\/p>\n<p><img loading=\"lazy\" decoding=\"async\" class=\"alignnone wp-image-15035 size-full\" src=\"https:\/\/portosma.com.br\/wp-content\/uploads\/2024\/05\/AMAZONAS-SERIE-D.jpg\" alt=\"\" width=\"900\" height=\"447\" srcset=\"https:\/\/portosma.com.br\/wp-content\/uploads\/2024\/05\/AMAZONAS-SERIE-D.jpg 900w, https:\/\/portosma.com.br\/wp-content\/uploads\/2024\/05\/AMAZONAS-SERIE-D-300x149.jpg 300w, https:\/\/portosma.com.br\/wp-content\/uploads\/2024\/05\/AMAZONAS-SERIE-D-768x381.jpg 768w\" sizes=\"(max-width: 900px) 100vw, 900px\" \/><\/p>\n<h4 style=\"text-align: left;\"><span style=\"color: #003366;\">REGISTRO ESPECIAL<\/span><br \/>\n<span style=\"color: #800000;\">O time do Amazonas Esporte Clube (foto) derrotou o Brusque de 2&#215;1 e conquistou<br \/>\no t\u00edtulo de campe\u00e3o da S\u00e9rie C do Brasileir\u00e3o, ano 2023. Al\u00e9m dos dois finalistas, tamb\u00e9m subiram para a S\u00e9rie B o Oper\u00e1rio do Paran\u00e1 e o Paysandu de Bel\u00e9m do Par\u00e1.<\/span><\/h4>\n<p><span style=\"color: #993300;\"><em><strong><img loading=\"lazy\" decoding=\"async\" class=\"alignnone wp-image-15032 size-full\" src=\"https:\/\/portosma.com.br\/wp-content\/uploads\/2024\/05\/PALMERAS-SERIE-B.jpg\" alt=\"\" width=\"900\" height=\"600\" srcset=\"https:\/\/portosma.com.br\/wp-content\/uploads\/2024\/05\/PALMERAS-SERIE-B.jpg 900w, https:\/\/portosma.com.br\/wp-content\/uploads\/2024\/05\/PALMERAS-SERIE-B-300x200.jpg 300w, https:\/\/portosma.com.br\/wp-content\/uploads\/2024\/05\/PALMERAS-SERIE-B-768x512.jpg 768w\" sizes=\"(max-width: 900px) 100vw, 900px\" \/>O Cruzeiro \u00e9 o campe\u00e3o da S\u00e9rie B do ano de 2022 &#8211; O Gr\u00eamio ficou com o vice-campeonato<\/strong><\/em><\/span><\/p>\n<p><img loading=\"lazy\" decoding=\"async\" class=\"alignnone wp-image-15030 size-full\" src=\"https:\/\/portosma.com.br\/wp-content\/uploads\/2024\/05\/SAMPAIO-SERIE-B.jpg\" alt=\"\" width=\"900\" height=\"493\" srcset=\"https:\/\/portosma.com.br\/wp-content\/uploads\/2024\/05\/SAMPAIO-SERIE-B.jpg 900w, https:\/\/portosma.com.br\/wp-content\/uploads\/2024\/05\/SAMPAIO-SERIE-B-300x164.jpg 300w, https:\/\/portosma.com.br\/wp-content\/uploads\/2024\/05\/SAMPAIO-SERIE-B-768x421.jpg 768w\" sizes=\"(max-width: 900px) 100vw, 900px\" \/><\/p>\n<h5><span style=\"color: #993300;\"><em style=\"font-size: 14px;\"><strong>Escala\u00e7\u00e3o do time do Sampaio Corr\u00eaa campe\u00e3o Brasileiro de S\u00e9rie B no ano de 1972: Jurandir; C\u00e9lio Rodrigues, Neguinho, Nivaldo e Valdecy Lima, Gojoba, Edmilson Leite e Limas; Djalma, Pelezinho e Jaldemir. O treinador da equipe era Mar\u00e7al Tolentino Serra. O atacante Pelezinho terminou como artilheiro da competi\u00e7\u00e3o daquele ano com oito gols marcados.<\/strong><\/em><\/span><\/h5>\n<h5><span style=\"color: #0000ff;\"><strong><span style=\"color: #000000;\">Na hist\u00f3ria, os maiores vencedores do torneio s\u00e3o Am\u00e9rica-MG, Botafogo, Bragantino, Coritiba, Goi\u00e1s, Palmeiras, Paran\u00e1 e Paysandu &#8211; com dois t\u00edtulos cada -, agora o Coritiba que chega ai tricampeonato.<\/span> <img loading=\"lazy\" decoding=\"async\" class=\"alignnone wp-image-26664 size-full\" src=\"https:\/\/portosma.com.br\/wp-content\/uploads\/2025\/11\/TODOS-DA-B.jpg\" alt=\"\" width=\"900\" height=\"421\" srcset=\"https:\/\/portosma.com.br\/wp-content\/uploads\/2025\/11\/TODOS-DA-B.jpg 900w, https:\/\/portosma.com.br\/wp-content\/uploads\/2025\/11\/TODOS-DA-B-300x140.jpg 300w, https:\/\/portosma.com.br\/wp-content\/uploads\/2025\/11\/TODOS-DA-B-768x359.jpg 768w\" sizes=\"(max-width: 900px) 100vw, 900px\" \/><\/strong><\/span><\/h5>\n","protected":false},"excerpt":{"rendered":"<p>Segundona do Brasileir\u00e3o chega a sua terceira rodada tendo o Ava\u00ed como l\u00edder O Coritiba \u00e9 campe\u00e3o da segundona, ano 2025, e retorna a S\u00e9rie A do Brasileir\u00e3o. Tamb\u00e9m subiram Athletico Paranaense, Chapecoense e Clube do Remo. O Santos \u00e9 campe\u00e3o da segundona, ano 2024, e retorna a S\u00e9rie A do Brasileir\u00e3o. Tamb\u00e9m subiram Mirassol, [&hellip;]<\/p>\n","protected":false},"author":1,"featured_media":0,"parent":0,"menu_order":0,"comment_status":"closed","ping_status":"closed","template":"","meta":{"_editorskit_title_hidden":false,"_editorskit_reading_time":0,"_editorskit_is_block_options_detached":false,"_editorskit_block_options_position":"{}","ngg_post_thumbnail":0,"footnotes":""},"class_list":["post-126","page","type-page","status-publish","hentry"],"yoast_head":"<!-- This site is optimized with the Yoast SEO plugin v22.5 - https:\/\/yoast.com\/wordpress\/plugins\/seo\/ -->\n<title>BRASILEIR\u00c3O, s\u00e9rie B - Portosma<\/title>\n<meta name=\"robots\" content=\"index, follow, max-snippet:-1, max-image-preview:large, max-video-preview:-1\" \/>\n<link rel=\"canonical\" href=\"https:\/\/portosma.com.br\/index.php\/brasileirao-serie-b\/\" \/>\n<meta property=\"og:locale\" content=\"pt_BR\" \/>\n<meta property=\"og:type\" content=\"article\" \/>\n<meta property=\"og:title\" content=\"BRASILEIR\u00c3O, s\u00e9rie B - Portosma\" \/>\n<meta property=\"og:description\" content=\"Segundona do Brasileir\u00e3o chega a sua terceira rodada tendo o Ava\u00ed como l\u00edder O Coritiba \u00e9 campe\u00e3o da segundona, ano 2025, e retorna a S\u00e9rie A do Brasileir\u00e3o. Tamb\u00e9m subiram Athletico Paranaense, Chapecoense e Clube do Remo. O Santos \u00e9 campe\u00e3o da segundona, ano 2024, e retorna a S\u00e9rie A do Brasileir\u00e3o. Tamb\u00e9m subiram Mirassol, [&hellip;]\" \/>\n<meta property=\"og:url\" content=\"https:\/\/portosma.com.br\/index.php\/brasileirao-serie-b\/\" \/>\n<meta property=\"og:site_name\" content=\"Portosma\" \/>\n<meta property=\"article:modified_time\" content=\"2026-04-11T19:58:32+00:00\" \/>\n<meta property=\"og:image\" content=\"https:\/\/portosma.com.br\/wp-content\/uploads\/2026\/04\/BBBBBBBB-UM.jpg\" \/>\n<meta name=\"twitter:card\" content=\"summary_large_image\" \/>\n<meta name=\"twitter:label1\" content=\"Est. tempo de leitura\" \/>\n\t<meta name=\"twitter:data1\" content=\"5 minutos\" \/>\n<script type=\"application\/ld+json\" class=\"yoast-schema-graph\">{\"@context\":\"https:\/\/schema.org\",\"@graph\":[{\"@type\":\"WebPage\",\"@id\":\"https:\/\/portosma.com.br\/index.php\/brasileirao-serie-b\/\",\"url\":\"https:\/\/portosma.com.br\/index.php\/brasileirao-serie-b\/\",\"name\":\"BRASILEIR\u00c3O, s\u00e9rie B - Portosma\",\"isPartOf\":{\"@id\":\"https:\/\/portosma.com.br\/#website\"},\"primaryImageOfPage\":{\"@id\":\"https:\/\/portosma.com.br\/index.php\/brasileirao-serie-b\/#primaryimage\"},\"image\":{\"@id\":\"https:\/\/portosma.com.br\/index.php\/brasileirao-serie-b\/#primaryimage\"},\"thumbnailUrl\":\"https:\/\/portosma.com.br\/wp-content\/uploads\/2026\/04\/BBBBBBBB-UM.jpg\",\"datePublished\":\"2023-01-04T19:40:14+00:00\",\"dateModified\":\"2026-04-11T19:58:32+00:00\",\"breadcrumb\":{\"@id\":\"https:\/\/portosma.com.br\/index.php\/brasileirao-serie-b\/#breadcrumb\"},\"inLanguage\":\"pt-BR\",\"potentialAction\":[{\"@type\":\"ReadAction\",\"target\":[\"https:\/\/portosma.com.br\/index.php\/brasileirao-serie-b\/\"]}]},{\"@type\":\"ImageObject\",\"inLanguage\":\"pt-BR\",\"@id\":\"https:\/\/portosma.com.br\/index.php\/brasileirao-serie-b\/#primaryimage\",\"url\":\"https:\/\/portosma.com.br\/wp-content\/uploads\/2026\/04\/BBBBBBBB-UM.jpg\",\"contentUrl\":\"https:\/\/portosma.com.br\/wp-content\/uploads\/2026\/04\/BBBBBBBB-UM.jpg\",\"width\":900,\"height\":585},{\"@type\":\"BreadcrumbList\",\"@id\":\"https:\/\/portosma.com.br\/index.php\/brasileirao-serie-b\/#breadcrumb\",\"itemListElement\":[{\"@type\":\"ListItem\",\"position\":1,\"name\":\"In\u00edcio\",\"item\":\"https:\/\/portosma.com.br\/\"},{\"@type\":\"ListItem\",\"position\":2,\"name\":\"BRASILEIR\u00c3O, s\u00e9rie B\"}]},{\"@type\":\"WebSite\",\"@id\":\"https:\/\/portosma.com.br\/#website\",\"url\":\"https:\/\/portosma.com.br\/\",\"name\":\"Portosma\",\"description\":\"Um site de not\u00edcias\",\"publisher\":{\"@id\":\"https:\/\/portosma.com.br\/#organization\"},\"potentialAction\":[{\"@type\":\"SearchAction\",\"target\":{\"@type\":\"EntryPoint\",\"urlTemplate\":\"https:\/\/portosma.com.br\/?s={search_term_string}\"},\"query-input\":\"required name=search_term_string\"}],\"inLanguage\":\"pt-BR\"},{\"@type\":\"Organization\",\"@id\":\"https:\/\/portosma.com.br\/#organization\",\"name\":\"Portosma\",\"alternateName\":\"Portosma\",\"url\":\"https:\/\/portosma.com.br\/\",\"logo\":{\"@type\":\"ImageObject\",\"inLanguage\":\"pt-BR\",\"@id\":\"https:\/\/portosma.com.br\/#\/schema\/logo\/image\/\",\"url\":\"https:\/\/portosma.com.br\/wp-content\/uploads\/2026\/03\/cropped-AD-PORTOSMA.jpg\",\"contentUrl\":\"https:\/\/portosma.com.br\/wp-content\/uploads\/2026\/03\/cropped-AD-PORTOSMA.jpg\",\"width\":400,\"height\":115,\"caption\":\"Portosma\"},\"image\":{\"@id\":\"https:\/\/portosma.com.br\/#\/schema\/logo\/image\/\"}}]}<\/script>\n<!-- \/ Yoast SEO plugin. -->","yoast_head_json":{"title":"BRASILEIR\u00c3O, s\u00e9rie B - Portosma","robots":{"index":"index","follow":"follow","max-snippet":"max-snippet:-1","max-image-preview":"max-image-preview:large","max-video-preview":"max-video-preview:-1"},"canonical":"https:\/\/portosma.com.br\/index.php\/brasileirao-serie-b\/","og_locale":"pt_BR","og_type":"article","og_title":"BRASILEIR\u00c3O, s\u00e9rie B - Portosma","og_description":"Segundona do Brasileir\u00e3o chega a sua terceira rodada tendo o Ava\u00ed como l\u00edder O Coritiba \u00e9 campe\u00e3o da segundona, ano 2025, e retorna a S\u00e9rie A do Brasileir\u00e3o. Tamb\u00e9m subiram Athletico Paranaense, Chapecoense e Clube do Remo. O Santos \u00e9 campe\u00e3o da segundona, ano 2024, e retorna a S\u00e9rie A do Brasileir\u00e3o. Tamb\u00e9m subiram Mirassol, [&hellip;]","og_url":"https:\/\/portosma.com.br\/index.php\/brasileirao-serie-b\/","og_site_name":"Portosma","article_modified_time":"2026-04-11T19:58:32+00:00","og_image":[{"url":"https:\/\/portosma.com.br\/wp-content\/uploads\/2026\/04\/BBBBBBBB-UM.jpg"}],"twitter_card":"summary_large_image","twitter_misc":{"Est. tempo de leitura":"5 minutos"},"schema":{"@context":"https:\/\/schema.org","@graph":[{"@type":"WebPage","@id":"https:\/\/portosma.com.br\/index.php\/brasileirao-serie-b\/","url":"https:\/\/portosma.com.br\/index.php\/brasileirao-serie-b\/","name":"BRASILEIR\u00c3O, s\u00e9rie B - Portosma","isPartOf":{"@id":"https:\/\/portosma.com.br\/#website"},"primaryImageOfPage":{"@id":"https:\/\/portosma.com.br\/index.php\/brasileirao-serie-b\/#primaryimage"},"image":{"@id":"https:\/\/portosma.com.br\/index.php\/brasileirao-serie-b\/#primaryimage"},"thumbnailUrl":"https:\/\/portosma.com.br\/wp-content\/uploads\/2026\/04\/BBBBBBBB-UM.jpg","datePublished":"2023-01-04T19:40:14+00:00","dateModified":"2026-04-11T19:58:32+00:00","breadcrumb":{"@id":"https:\/\/portosma.com.br\/index.php\/brasileirao-serie-b\/#breadcrumb"},"inLanguage":"pt-BR","potentialAction":[{"@type":"ReadAction","target":["https:\/\/portosma.com.br\/index.php\/brasileirao-serie-b\/"]}]},{"@type":"ImageObject","inLanguage":"pt-BR","@id":"https:\/\/portosma.com.br\/index.php\/brasileirao-serie-b\/#primaryimage","url":"https:\/\/portosma.com.br\/wp-content\/uploads\/2026\/04\/BBBBBBBB-UM.jpg","contentUrl":"https:\/\/portosma.com.br\/wp-content\/uploads\/2026\/04\/BBBBBBBB-UM.jpg","width":900,"height":585},{"@type":"BreadcrumbList","@id":"https:\/\/portosma.com.br\/index.php\/brasileirao-serie-b\/#breadcrumb","itemListElement":[{"@type":"ListItem","position":1,"name":"In\u00edcio","item":"https:\/\/portosma.com.br\/"},{"@type":"ListItem","position":2,"name":"BRASILEIR\u00c3O, s\u00e9rie B"}]},{"@type":"WebSite","@id":"https:\/\/portosma.com.br\/#website","url":"https:\/\/portosma.com.br\/","name":"Portosma","description":"Um site de not\u00edcias","publisher":{"@id":"https:\/\/portosma.com.br\/#organization"},"potentialAction":[{"@type":"SearchAction","target":{"@type":"EntryPoint","urlTemplate":"https:\/\/portosma.com.br\/?s={search_term_string}"},"query-input":"required name=search_term_string"}],"inLanguage":"pt-BR"},{"@type":"Organization","@id":"https:\/\/portosma.com.br\/#organization","name":"Portosma","alternateName":"Portosma","url":"https:\/\/portosma.com.br\/","logo":{"@type":"ImageObject","inLanguage":"pt-BR","@id":"https:\/\/portosma.com.br\/#\/schema\/logo\/image\/","url":"https:\/\/portosma.com.br\/wp-content\/uploads\/2026\/03\/cropped-AD-PORTOSMA.jpg","contentUrl":"https:\/\/portosma.com.br\/wp-content\/uploads\/2026\/03\/cropped-AD-PORTOSMA.jpg","width":400,"height":115,"caption":"Portosma"},"image":{"@id":"https:\/\/portosma.com.br\/#\/schema\/logo\/image\/"}}]}},"_links":{"self":[{"href":"https:\/\/portosma.com.br\/index.php\/wp-json\/wp\/v2\/pages\/126","targetHints":{"allow":["GET"]}}],"collection":[{"href":"https:\/\/portosma.com.br\/index.php\/wp-json\/wp\/v2\/pages"}],"about":[{"href":"https:\/\/portosma.com.br\/index.php\/wp-json\/wp\/v2\/types\/page"}],"author":[{"embeddable":true,"href":"https:\/\/portosma.com.br\/index.php\/wp-json\/wp\/v2\/users\/1"}],"replies":[{"embeddable":true,"href":"https:\/\/portosma.com.br\/index.php\/wp-json\/wp\/v2\/comments?post=126"}],"version-history":[{"count":311,"href":"https:\/\/portosma.com.br\/index.php\/wp-json\/wp\/v2\/pages\/126\/revisions"}],"predecessor-version":[{"id":29526,"href":"https:\/\/portosma.com.br\/index.php\/wp-json\/wp\/v2\/pages\/126\/revisions\/29526"}],"wp:attachment":[{"href":"https:\/\/portosma.com.br\/index.php\/wp-json\/wp\/v2\/media?parent=126"}],"curies":[{"name":"wp","href":"https:\/\/api.w.org\/{rel}","templated":true}]}}