{"id":124,"date":"2023-01-04T19:39:41","date_gmt":"2023-01-04T19:39:41","guid":{"rendered":"https:\/\/portosma.com.br\/?page_id=124"},"modified":"2026-04-06T18:41:04","modified_gmt":"2026-04-06T18:41:04","slug":"brasileirao-serie-a","status":"publish","type":"page","link":"https:\/\/portosma.com.br\/index.php\/brasileirao-serie-a\/","title":{"rendered":"BRASILEIR\u00c3O 2026"},"content":{"rendered":"<h1><span style=\"color: #333333;\"><img fetchpriority=\"high\" decoding=\"async\" class=\"alignnone wp-image-29376 size-full\" src=\"https:\/\/portosma.com.br\/wp-content\/uploads\/2026\/04\/FOGGGAO-900.jpg\" alt=\"\" width=\"900\" height=\"562\" srcset=\"https:\/\/portosma.com.br\/wp-content\/uploads\/2026\/04\/FOGGGAO-900.jpg 900w, https:\/\/portosma.com.br\/wp-content\/uploads\/2026\/04\/FOGGGAO-900-300x187.jpg 300w, https:\/\/portosma.com.br\/wp-content\/uploads\/2026\/04\/FOGGGAO-900-768x480.jpg 768w\" sizes=\"(max-width: 900px) 100vw, 900px\" \/><br \/>\n<\/span><\/h1>\n<h1><span style=\"color: #333333;\">Botafogo derrota o Vasco da Gama de virada, 2&#215;1, e sobe para 8\u00ba na tabela<\/span><\/h1>\n<p>Deu Fog\u00e3o no cl\u00e1ssico! Na noite deste s\u00e1bado (3), o Glorioso buscou a virada e derrotou o Vasco da Gama por 2 a 1 fora de casa. Com o resultado positivo, a equipe alvinegra chegou a 12 pontos e alcan\u00e7ou a oitava coloca\u00e7\u00e3o na tabela do Campeonato Brasileiro.<\/p>\n<p>Lucas Villalba de cabe\u00e7a, aos 20 do segundo tempo, fez o gol de empate e Matheus Martins, aos 33 minutos tamb\u00e9m da segunda etapa, acertou um chuta\u00e7o que decretou a vit\u00f3ria do Fog\u00e3o na casa do rival. O pr\u00f3ximo compromisso alvinegro \u00e9 na quinta-feira (9) contra o Caracas FC, \u00e0s 19h30, no Est\u00e1dio Nilton Santos, duelo v\u00e1lido pela primeira rodada da CONMEBOL Sul-americana.<\/p>\n<p><strong>Mais resultados<\/strong>: S\u00e3o Paulo 4&#215;1 Cruzeiro, Coritiba 1&#215;1 Fluminense, Sampaio Corr\u00eaa 0s0 Iguatu, Mirassol 2&#215;2 Maracan\u00e3 e MAC 1&#215;1 Guarani de Sobral. <strong>Jogos de Hoje<\/strong>: Chapecoense x Vit\u00f3ria, Atl\u00e9tico-MG x Athletico-PR, Flamengo x Santos, Bahia x Palmeiras, Corinthians x Internacional, Mirassol x Bragantino e Gr\u00eamio x Bahia.<\/p>\n<p>Com os resultados de ontem a tabela do Brasileir\u00e3o tem no G4 Palmeiras, S\u00e3o Paulo, Fluminense e Flamengo. Na zona do rebaixamento Chapecoense, Clube do Remo, Cruzeiro e Mirassol. Confira nos gr\u00e1ficos seguinte os resultados, a classifica\u00e7\u00e3o atualizada e os pr\u00f3ximos jogos.<\/p>\n<p><img decoding=\"async\" class=\"alignnone wp-image-29392 size-full\" src=\"https:\/\/portosma.com.br\/wp-content\/uploads\/2026\/04\/A-CLASSS-10.jpg\" alt=\"\" width=\"900\" height=\"478\" srcset=\"https:\/\/portosma.com.br\/wp-content\/uploads\/2026\/04\/A-CLASSS-10.jpg 900w, https:\/\/portosma.com.br\/wp-content\/uploads\/2026\/04\/A-CLASSS-10-300x159.jpg 300w, https:\/\/portosma.com.br\/wp-content\/uploads\/2026\/04\/A-CLASSS-10-768x408.jpg 768w\" sizes=\"(max-width: 900px) 100vw, 900px\" \/><\/p>\n<p><img decoding=\"async\" class=\"alignnone wp-image-29037 size-full\" src=\"https:\/\/portosma.com.br\/wp-content\/uploads\/2026\/03\/A-TABELA-11.jpg\" alt=\"\" width=\"900\" height=\"561\" srcset=\"https:\/\/portosma.com.br\/wp-content\/uploads\/2026\/03\/A-TABELA-11.jpg 900w, https:\/\/portosma.com.br\/wp-content\/uploads\/2026\/03\/A-TABELA-11-300x187.jpg 300w, https:\/\/portosma.com.br\/wp-content\/uploads\/2026\/03\/A-TABELA-11-768x479.jpg 768w\" sizes=\"(max-width: 900px) 100vw, 900px\" \/><br \/>\n<img loading=\"lazy\" decoding=\"async\" class=\"alignnone wp-image-29393 size-full\" src=\"https:\/\/portosma.com.br\/wp-content\/uploads\/2026\/04\/A-TABELA-14.jpg\" alt=\"\" width=\"900\" height=\"559\" srcset=\"https:\/\/portosma.com.br\/wp-content\/uploads\/2026\/04\/A-TABELA-14.jpg 900w, https:\/\/portosma.com.br\/wp-content\/uploads\/2026\/04\/A-TABELA-14-300x186.jpg 300w, https:\/\/portosma.com.br\/wp-content\/uploads\/2026\/04\/A-TABELA-14-768x477.jpg 768w\" sizes=\"(max-width: 900px) 100vw, 900px\" \/> <img loading=\"lazy\" decoding=\"async\" class=\"alignnone wp-image-29394 size-full\" src=\"https:\/\/portosma.com.br\/wp-content\/uploads\/2026\/04\/A-TABELA-15.jpg\" alt=\"\" width=\"900\" height=\"562\" srcset=\"https:\/\/portosma.com.br\/wp-content\/uploads\/2026\/04\/A-TABELA-15.jpg 900w, https:\/\/portosma.com.br\/wp-content\/uploads\/2026\/04\/A-TABELA-15-300x187.jpg 300w, https:\/\/portosma.com.br\/wp-content\/uploads\/2026\/04\/A-TABELA-15-768x480.jpg 768w\" sizes=\"(max-width: 900px) 100vw, 900px\" \/><\/p>\n<p><a href=\"https:\/\/portosma.com.br\/index.php\/seria-a-todos-os-resultados\/\"><img loading=\"lazy\" decoding=\"async\" class=\"alignnone wp-image-14485 size-full\" src=\"https:\/\/portosma.com.br\/wp-content\/uploads\/2024\/05\/RESULTADHOS.jpg\" alt=\"\" width=\"900\" height=\"130\" srcset=\"https:\/\/portosma.com.br\/wp-content\/uploads\/2024\/05\/RESULTADHOS.jpg 900w, https:\/\/portosma.com.br\/wp-content\/uploads\/2024\/05\/RESULTADHOS-300x43.jpg 300w, https:\/\/portosma.com.br\/wp-content\/uploads\/2024\/05\/RESULTADHOS-768x111.jpg 768w\" sizes=\"(max-width: 900px) 100vw, 900px\" \/><\/a><\/p>\n<h3>Fim do Brasileiro 2025. Flamengo campe\u00e3o, Palmeiras vice<\/h3>\n<h5><img loading=\"lazy\" decoding=\"async\" class=\"alignnone wp-image-26825 size-full\" src=\"https:\/\/portosma.com.br\/wp-content\/uploads\/2025\/11\/TETRA-900.jpg\" alt=\"\" width=\"900\" height=\"630\" srcset=\"https:\/\/portosma.com.br\/wp-content\/uploads\/2025\/11\/TETRA-900.jpg 900w, https:\/\/portosma.com.br\/wp-content\/uploads\/2025\/11\/TETRA-900-300x210.jpg 300w, https:\/\/portosma.com.br\/wp-content\/uploads\/2025\/11\/TETRA-900-768x538.jpg 768w\" sizes=\"(max-width: 900px) 100vw, 900px\" \/><\/h5>\n<p><img loading=\"lazy\" decoding=\"async\" class=\"alignnone wp-image-26977 size-full\" src=\"https:\/\/portosma.com.br\/wp-content\/uploads\/2025\/12\/TIAGOOOOOOO-900.jpg\" alt=\"\" width=\"900\" height=\"502\" srcset=\"https:\/\/portosma.com.br\/wp-content\/uploads\/2025\/12\/TIAGOOOOOOO-900.jpg 900w, https:\/\/portosma.com.br\/wp-content\/uploads\/2025\/12\/TIAGOOOOOOO-900-300x167.jpg 300w, https:\/\/portosma.com.br\/wp-content\/uploads\/2025\/12\/TIAGOOOOOOO-900-768x428.jpg 768w\" sizes=\"(max-width: 900px) 100vw, 900px\" \/><\/p>\n<p><span style=\"color: #800000;\">OS MAIORES CAMPE\u00d5ES DE 2025<\/span><img loading=\"lazy\" decoding=\"async\" class=\"wp-image-27310 size-full\" style=\"font-size: 16px;\" src=\"https:\/\/portosma.com.br\/wp-content\/uploads\/2025\/12\/FLAMENGO.jpg\" alt=\"\" width=\"900\" height=\"529\" srcset=\"https:\/\/portosma.com.br\/wp-content\/uploads\/2025\/12\/FLAMENGO.jpg 900w, https:\/\/portosma.com.br\/wp-content\/uploads\/2025\/12\/FLAMENGO-300x176.jpg 300w, https:\/\/portosma.com.br\/wp-content\/uploads\/2025\/12\/FLAMENGO-768x451.jpg 768w\" sizes=\"(max-width: 900px) 100vw, 900px\" \/><\/p>\n<p><span style=\"color: #800000;\"><em><strong>Flamengo, campe\u00e3o do Brasileir\u00e3o e da Copa Libertadores das Am\u00e9ricas.<\/strong><\/em><\/span><\/p>\n<p><img loading=\"lazy\" decoding=\"async\" class=\"wp-image-27312 size-full\" src=\"https:\/\/portosma.com.br\/wp-content\/uploads\/2025\/12\/CORINTHIANS.jpg\" alt=\"\" width=\"900\" height=\"456\" srcset=\"https:\/\/portosma.com.br\/wp-content\/uploads\/2025\/12\/CORINTHIANS.jpg 900w, https:\/\/portosma.com.br\/wp-content\/uploads\/2025\/12\/CORINTHIANS-300x152.jpg 300w, https:\/\/portosma.com.br\/wp-content\/uploads\/2025\/12\/CORINTHIANS-768x389.jpg 768w\" sizes=\"(max-width: 900px) 100vw, 900px\" \/><\/p>\n<p><span style=\"color: #800000;\"><em><strong>Corinthians, campe\u00e3o da Copa do Brasil.<\/strong><\/em><\/span><\/p>\n<figure id=\"attachment_27313\" aria-describedby=\"caption-attachment-27313\" style=\"width: 900px\" class=\"wp-caption alignnone\"><img loading=\"lazy\" decoding=\"async\" class=\"wp-image-27313 size-full\" src=\"https:\/\/portosma.com.br\/wp-content\/uploads\/2025\/12\/PARIS-SANIT-GERMAN.jpg\" alt=\"\" width=\"900\" height=\"507\" srcset=\"https:\/\/portosma.com.br\/wp-content\/uploads\/2025\/12\/PARIS-SANIT-GERMAN.jpg 900w, https:\/\/portosma.com.br\/wp-content\/uploads\/2025\/12\/PARIS-SANIT-GERMAN-300x169.jpg 300w, https:\/\/portosma.com.br\/wp-content\/uploads\/2025\/12\/PARIS-SANIT-GERMAN-768x433.jpg 768w\" sizes=\"(max-width: 900px) 100vw, 900px\" \/><figcaption id=\"caption-attachment-27313\" class=\"wp-caption-text\"><em><span style=\"color: #800000;\"><strong>Paris Saint Germain, campe\u00e3o da Copa Intercontinental da Fifa.<\/strong><\/span><\/em><\/figcaption><\/figure>\n<h2><span style=\"color: #999999;\">Campe\u00e3o da Libertadores e do Brasileiro, Botafogo iguala, em 2024, o Santos de Pel\u00e9 e o Flamengo de Zico.<\/span><\/h2>\n<h1><img loading=\"lazy\" decoding=\"async\" class=\"alignnone wp-image-19300 size-full\" src=\"https:\/\/portosma.com.br\/wp-content\/uploads\/2024\/12\/CAMPEAO-2.jpg\" alt=\"\" width=\"1200\" height=\"503\" srcset=\"https:\/\/portosma.com.br\/wp-content\/uploads\/2024\/12\/CAMPEAO-2.jpg 1200w, https:\/\/portosma.com.br\/wp-content\/uploads\/2024\/12\/CAMPEAO-2-300x126.jpg 300w, https:\/\/portosma.com.br\/wp-content\/uploads\/2024\/12\/CAMPEAO-2-1024x429.jpg 1024w, https:\/\/portosma.com.br\/wp-content\/uploads\/2024\/12\/CAMPEAO-2-768x322.jpg 768w\" sizes=\"(max-width: 1200px) 100vw, 1200px\" \/><\/h1>\n<h1><img loading=\"lazy\" decoding=\"async\" class=\"alignnone wp-image-19301 size-full\" src=\"https:\/\/portosma.com.br\/wp-content\/uploads\/2024\/12\/CAMPEAO-3.jpg\" alt=\"\" width=\"900\" height=\"600\" srcset=\"https:\/\/portosma.com.br\/wp-content\/uploads\/2024\/12\/CAMPEAO-3.jpg 900w, https:\/\/portosma.com.br\/wp-content\/uploads\/2024\/12\/CAMPEAO-3-300x200.jpg 300w, https:\/\/portosma.com.br\/wp-content\/uploads\/2024\/12\/CAMPEAO-3-768x512.jpg 768w\" sizes=\"(max-width: 900px) 100vw, 900px\" \/><\/h1>\n<h4><span style=\"color: #800000;\"><em>Com o final do Brasileir\u00e3o, quatro equipes &#8211; <\/em><\/span><span style=\"color: #800000;\"><em>Santos, Mirassol, Sport de Recife e Cear\u00e1. &#8211; v\u00e3o disputar s <\/em><\/span><span style=\"color: #800000;\"><em>S\u00e9rie A em 2025. Outras quatro ca\u00edram para a S\u00e9rie B &#8211; Athletico Paranaense, Crici\u00fama, Atl\u00e9tico de Goi\u00e1s e Cuiab\u00e1<\/em><\/span><\/h4>\n<p>Campe\u00e3o da Am\u00e9rica, o Botafogo tamb\u00e9m conquistou o Brasil. Jogando no Est\u00e1dio Nilton Santos neste domingo (8\/12), a equipe comandada por Artur Jorge venceu com o S\u00e3o Paulo por 2 a 1, com gols de Savarino e Gregore, e confirmou o tricampeonato brasileiro. O pr\u00f3ximo jogo do Botafogo acontece na pr\u00f3xima quarta-feira (11), no Qatar, \u00e0s 14h, contra o Pachuca, do M\u00e9xico, em partida da segunda fase da Copa Intercontinental da FIFA e que vale o t\u00edtulo do D\u00e9rbi das Am\u00e9ricas.<\/p>\n<p><img loading=\"lazy\" decoding=\"async\" class=\"alignnone wp-image-19155 size-full\" src=\"https:\/\/portosma.com.br\/wp-content\/uploads\/2024\/12\/MUNDIAL.jpg\" alt=\"\" width=\"1200\" height=\"503\" srcset=\"https:\/\/portosma.com.br\/wp-content\/uploads\/2024\/12\/MUNDIAL.jpg 1200w, https:\/\/portosma.com.br\/wp-content\/uploads\/2024\/12\/MUNDIAL-300x126.jpg 300w, https:\/\/portosma.com.br\/wp-content\/uploads\/2024\/12\/MUNDIAL-1024x429.jpg 1024w, https:\/\/portosma.com.br\/wp-content\/uploads\/2024\/12\/MUNDIAL-768x322.jpg 768w\" sizes=\"(max-width: 1200px) 100vw, 1200px\" \/><\/p>\n<p>Dois t\u00edtulos em nove dias. N\u00e3o faltam motivos para a torcida do Botafogo comemorar. Campe\u00e3o da Libertadores no s\u00e1bado e do Brasileir\u00e3o neste domingo, a equipe igualou um feito poucas vezes conquistado ao longo da hist\u00f3ria. Antes do time de Artur Jorge, s\u00f3 o Santos (em 1962 e 1963) e o Flamengo (em 2019) haviam alcan\u00e7ado essa fa\u00e7anha.<\/p>\n<p>O Santos venceu as edi\u00e7\u00f5es de 1962 e 1963 da Ta\u00e7a Brasil &#8211; que ganhou status de Brasileiro ap\u00f3s resolu\u00e7\u00e3o da CBF em 2010 &#8211; e da Libertadores. Comandado por Pel\u00e9, o Peixe dominou o futebol do pa\u00eds naquela d\u00e9cada e conquistou o status de um dos melhores times de todos os tempos. Desde que a competi\u00e7\u00e3o ganhou o nome de Campeonato Brasileiro, em 1971, s\u00f3 o Flamengo de 2019 havia conquistado os dois t\u00edtulos. Na ocasi\u00e3o, a equipe venceu o Brasileiro um dia depois da Libertadores.<\/p>\n<p>O Botafogo de Artur Jorge foi campe\u00e3o da Libertadores em cima do Atl\u00e9tico-MG, tornando-se o segundo time na hist\u00f3ria a ganhar o torneio come\u00e7ando desde a fase pr\u00e9via (o primeiro havia sido o Estudiantes, em 2009).<\/p>\n<p>A equipe viaja para o Catar ainda neste domingo. O time estrear\u00e1 na Copa Intercontinental na quarta-feira contra o Pachuca, do M\u00e9xico.<\/p>\n<p>A \u00faltima rodada do Brasileir\u00e3o, de n\u00famero 38, teve os 10 jogos no mesmo hor\u00e1rio e tece resultados surpreendentes. O maior deles a vit\u00f3ria do Fluminense de 1&#215;0 diante do Palmeiras, em pleno Alianz Parque. Com a vit\u00f3ria, o time carioca chegou aos 47 pontos ganhos, escapou do rebaixamento e empurrou para a degola o Athletico Paranaense que perdeu para o Atl\u00e9tico Mineiro tamb\u00e9m de 1&#215;0.<\/p>\n<p>Fechada a tabela, os seis primeiros est\u00e3o classificados para a Libertadores do ano que vem. Botafogo, Palmeiras, Flamengo, Fortaleza, Internacional e S\u00e3o Paulo. Corinthians e Bahia garantiram vaga na pr\u00e9 Libertadores. Cruzeiro, Vasco, Vit\u00f3ria, Atl\u00e9tico Mineiro, Fluminense e Gr\u00eamio v\u00e3o disputar a Sul-Americana. Rebaixados para a S\u00e9rie B, Athletico Paranaense, Crici\u00fama, Atl\u00e9tico de Goi\u00e1s e Cuiab\u00e1.<\/p>\n<p>Confira a seguir a classifica\u00e7\u00e3o final do Brasileir\u00e3o de 2024 e os resultados da \u00faltima e decisiva rodada, assim como a lista de todos os camp\u00f5es brasileiros d futebol desde o ano de 1959 at\u00e9 2024.<\/p>\n<p><img loading=\"lazy\" decoding=\"async\" class=\"wp-image-18039 size-full\" src=\"https:\/\/portosma.com.br\/wp-content\/uploads\/2024\/10\/SERIE-A-FOTO-1.jpg\" alt=\"\" width=\"900\" height=\"506\" srcset=\"https:\/\/portosma.com.br\/wp-content\/uploads\/2024\/10\/SERIE-A-FOTO-1.jpg 900w, https:\/\/portosma.com.br\/wp-content\/uploads\/2024\/10\/SERIE-A-FOTO-1-300x169.jpg 300w, https:\/\/portosma.com.br\/wp-content\/uploads\/2024\/10\/SERIE-A-FOTO-1-768x432.jpg 768w\" sizes=\"(max-width: 900px) 100vw, 900px\" \/><br \/>\n<span style=\"color: #800000;\"><em><strong>Jogadores do Palmeiras levantam a Ta\u00e7a de Campe\u00e3o do Brasileir\u00e3o ano de 2023.<\/strong><\/em><\/span><img loading=\"lazy\" decoding=\"async\" class=\"wp-image-18040 size-full\" src=\"https:\/\/portosma.com.br\/wp-content\/uploads\/2024\/10\/SERIE-A-FOTO-2.jpg\" alt=\"\" width=\"900\" height=\"368\" srcset=\"https:\/\/portosma.com.br\/wp-content\/uploads\/2024\/10\/SERIE-A-FOTO-2.jpg 900w, https:\/\/portosma.com.br\/wp-content\/uploads\/2024\/10\/SERIE-A-FOTO-2-300x123.jpg 300w, https:\/\/portosma.com.br\/wp-content\/uploads\/2024\/10\/SERIE-A-FOTO-2-768x314.jpg 768w\" sizes=\"(max-width: 900px) 100vw, 900px\" \/><span style=\"color: #800000;\"><em><strong>Jogadores o Palmeiras levantam a ta\u00e7a de campe\u00e3o brasileiros de futebol, ano de 2022<\/strong><\/em><\/span><img loading=\"lazy\" decoding=\"async\" class=\"alignnone wp-image-18041 size-full\" src=\"https:\/\/portosma.com.br\/wp-content\/uploads\/2024\/10\/SERIE-A-FOTO-3.jpg\" alt=\"\" width=\"900\" height=\"449\" srcset=\"https:\/\/portosma.com.br\/wp-content\/uploads\/2024\/10\/SERIE-A-FOTO-3.jpg 900w, https:\/\/portosma.com.br\/wp-content\/uploads\/2024\/10\/SERIE-A-FOTO-3-300x150.jpg 300w, https:\/\/portosma.com.br\/wp-content\/uploads\/2024\/10\/SERIE-A-FOTO-3-768x383.jpg 768w\" sizes=\"(max-width: 900px) 100vw, 900px\" \/><em style=\"color: #800000; font-size: 14px;\"><strong>Time do Bahia, de 1959, posa com a ta\u00e7a de primeiro campe\u00e3o nacional do futebol brasileiro.<\/strong><\/em><\/p>\n<p><img loading=\"lazy\" decoding=\"async\" class=\"alignnone wp-image-26986 size-full\" src=\"https:\/\/portosma.com.br\/wp-content\/uploads\/2025\/12\/CAMP-SERIE-A.jpg\" alt=\"\" width=\"900\" height=\"486\" srcset=\"https:\/\/portosma.com.br\/wp-content\/uploads\/2025\/12\/CAMP-SERIE-A.jpg 900w, https:\/\/portosma.com.br\/wp-content\/uploads\/2025\/12\/CAMP-SERIE-A-300x162.jpg 300w, https:\/\/portosma.com.br\/wp-content\/uploads\/2025\/12\/CAMP-SERIE-A-768x415.jpg 768w\" sizes=\"(max-width: 900px) 100vw, 900px\" \/><\/p>\n<h4 style=\"text-align: left;\"><span style=\"color: #800000;\"><strong>CRONOLOGIA DO CAMPEONATO BRASILEIRO DE FUTEBOL<\/strong><\/span><\/h4>\n<p style=\"text-align: left;\"><strong>1959 &#8211; 1968<\/strong> &#8211; Foi disputado com o nome de Ta\u00e7a Brasil.<br \/>\n<strong>1967 &#8211; 1970<\/strong> &#8211; Conhecido como Ta\u00e7a de Prata, ou Torneio Roberto Gomes Pedrosa.<br \/>\n<strong>1971 &#8211; 2002<\/strong> &#8211; Campeonato Brasileiro, com a jun\u00e7\u00e3o unificada do Campeonato Nacional de Clubes, Copa Brasil, Copa Uni\u00e3o, Ta\u00e7a de Ouro e Copa Jo\u00e3o Havelange.<br \/>\n<strong>2003<\/strong> &#8211; A partir deste ano recebeu a denomina\u00e7\u00e3o de Campeonato Brasileiro S\u00e9rie A ou &#8216;Brasileir\u00e3o&#8217;<br \/>\ncom o formato atual de pontos corridos. Do mesmo modo foram implantados as Series B, C e D.<\/p>\n","protected":false},"excerpt":{"rendered":"<p>Botafogo derrota o Vasco da Gama de virada, 2&#215;1, e sobe para 8\u00ba na tabela Deu Fog\u00e3o no cl\u00e1ssico! Na noite deste s\u00e1bado (3), o Glorioso buscou a virada e derrotou o Vasco da Gama por 2 a 1 fora de casa. Com o resultado positivo, a equipe alvinegra chegou a 12 pontos e alcan\u00e7ou [&hellip;]<\/p>\n","protected":false},"author":1,"featured_media":0,"parent":0,"menu_order":0,"comment_status":"closed","ping_status":"closed","template":"","meta":{"_editorskit_title_hidden":false,"_editorskit_reading_time":0,"_editorskit_is_block_options_detached":false,"_editorskit_block_options_position":"{}","ngg_post_thumbnail":0,"footnotes":""},"class_list":["post-124","page","type-page","status-publish","hentry"],"yoast_head":"<!-- This site is optimized with the Yoast SEO plugin v22.5 - https:\/\/yoast.com\/wordpress\/plugins\/seo\/ -->\n<title>BRASILEIR\u00c3O 2026 - Portosma<\/title>\n<meta name=\"robots\" content=\"index, follow, max-snippet:-1, max-image-preview:large, max-video-preview:-1\" \/>\n<link rel=\"canonical\" href=\"https:\/\/portosma.com.br\/index.php\/brasileirao-serie-a\/\" \/>\n<meta property=\"og:locale\" content=\"pt_BR\" \/>\n<meta property=\"og:type\" content=\"article\" \/>\n<meta property=\"og:title\" content=\"BRASILEIR\u00c3O 2026 - Portosma\" \/>\n<meta property=\"og:description\" content=\"Botafogo derrota o Vasco da Gama de virada, 2&#215;1, e sobe para 8\u00ba na tabela Deu Fog\u00e3o no cl\u00e1ssico! Na noite deste s\u00e1bado (3), o Glorioso buscou a virada e derrotou o Vasco da Gama por 2 a 1 fora de casa. Com o resultado positivo, a equipe alvinegra chegou a 12 pontos e alcan\u00e7ou [&hellip;]\" \/>\n<meta property=\"og:url\" content=\"https:\/\/portosma.com.br\/index.php\/brasileirao-serie-a\/\" \/>\n<meta property=\"og:site_name\" content=\"Portosma\" \/>\n<meta property=\"article:modified_time\" content=\"2026-04-06T18:41:04+00:00\" \/>\n<meta property=\"og:image\" content=\"https:\/\/portosma.com.br\/wp-content\/uploads\/2026\/04\/FOGGGAO-900.jpg\" \/>\n<meta name=\"twitter:card\" content=\"summary_large_image\" \/>\n<meta name=\"twitter:label1\" content=\"Est. tempo de leitura\" \/>\n\t<meta name=\"twitter:data1\" content=\"9 minutos\" \/>\n<script type=\"application\/ld+json\" class=\"yoast-schema-graph\">{\"@context\":\"https:\/\/schema.org\",\"@graph\":[{\"@type\":\"WebPage\",\"@id\":\"https:\/\/portosma.com.br\/index.php\/brasileirao-serie-a\/\",\"url\":\"https:\/\/portosma.com.br\/index.php\/brasileirao-serie-a\/\",\"name\":\"BRASILEIR\u00c3O 2026 - Portosma\",\"isPartOf\":{\"@id\":\"https:\/\/portosma.com.br\/#website\"},\"primaryImageOfPage\":{\"@id\":\"https:\/\/portosma.com.br\/index.php\/brasileirao-serie-a\/#primaryimage\"},\"image\":{\"@id\":\"https:\/\/portosma.com.br\/index.php\/brasileirao-serie-a\/#primaryimage\"},\"thumbnailUrl\":\"https:\/\/portosma.com.br\/wp-content\/uploads\/2026\/04\/FOGGGAO-900.jpg\",\"datePublished\":\"2023-01-04T19:39:41+00:00\",\"dateModified\":\"2026-04-06T18:41:04+00:00\",\"breadcrumb\":{\"@id\":\"https:\/\/portosma.com.br\/index.php\/brasileirao-serie-a\/#breadcrumb\"},\"inLanguage\":\"pt-BR\",\"potentialAction\":[{\"@type\":\"ReadAction\",\"target\":[\"https:\/\/portosma.com.br\/index.php\/brasileirao-serie-a\/\"]}]},{\"@type\":\"ImageObject\",\"inLanguage\":\"pt-BR\",\"@id\":\"https:\/\/portosma.com.br\/index.php\/brasileirao-serie-a\/#primaryimage\",\"url\":\"https:\/\/portosma.com.br\/wp-content\/uploads\/2026\/04\/FOGGGAO-900.jpg\",\"contentUrl\":\"https:\/\/portosma.com.br\/wp-content\/uploads\/2026\/04\/FOGGGAO-900.jpg\",\"width\":900,\"height\":562},{\"@type\":\"BreadcrumbList\",\"@id\":\"https:\/\/portosma.com.br\/index.php\/brasileirao-serie-a\/#breadcrumb\",\"itemListElement\":[{\"@type\":\"ListItem\",\"position\":1,\"name\":\"In\u00edcio\",\"item\":\"https:\/\/portosma.com.br\/\"},{\"@type\":\"ListItem\",\"position\":2,\"name\":\"BRASILEIR\u00c3O 2026\"}]},{\"@type\":\"WebSite\",\"@id\":\"https:\/\/portosma.com.br\/#website\",\"url\":\"https:\/\/portosma.com.br\/\",\"name\":\"Portosma\",\"description\":\"Um site de not\u00edcias\",\"publisher\":{\"@id\":\"https:\/\/portosma.com.br\/#organization\"},\"potentialAction\":[{\"@type\":\"SearchAction\",\"target\":{\"@type\":\"EntryPoint\",\"urlTemplate\":\"https:\/\/portosma.com.br\/?s={search_term_string}\"},\"query-input\":\"required name=search_term_string\"}],\"inLanguage\":\"pt-BR\"},{\"@type\":\"Organization\",\"@id\":\"https:\/\/portosma.com.br\/#organization\",\"name\":\"Portosma\",\"alternateName\":\"Portosma\",\"url\":\"https:\/\/portosma.com.br\/\",\"logo\":{\"@type\":\"ImageObject\",\"inLanguage\":\"pt-BR\",\"@id\":\"https:\/\/portosma.com.br\/#\/schema\/logo\/image\/\",\"url\":\"https:\/\/portosma.com.br\/wp-content\/uploads\/2026\/03\/cropped-AD-PORTOSMA.jpg\",\"contentUrl\":\"https:\/\/portosma.com.br\/wp-content\/uploads\/2026\/03\/cropped-AD-PORTOSMA.jpg\",\"width\":400,\"height\":115,\"caption\":\"Portosma\"},\"image\":{\"@id\":\"https:\/\/portosma.com.br\/#\/schema\/logo\/image\/\"}}]}<\/script>\n<!-- \/ Yoast SEO plugin. -->","yoast_head_json":{"title":"BRASILEIR\u00c3O 2026 - Portosma","robots":{"index":"index","follow":"follow","max-snippet":"max-snippet:-1","max-image-preview":"max-image-preview:large","max-video-preview":"max-video-preview:-1"},"canonical":"https:\/\/portosma.com.br\/index.php\/brasileirao-serie-a\/","og_locale":"pt_BR","og_type":"article","og_title":"BRASILEIR\u00c3O 2026 - Portosma","og_description":"Botafogo derrota o Vasco da Gama de virada, 2&#215;1, e sobe para 8\u00ba na tabela Deu Fog\u00e3o no cl\u00e1ssico! Na noite deste s\u00e1bado (3), o Glorioso buscou a virada e derrotou o Vasco da Gama por 2 a 1 fora de casa. Com o resultado positivo, a equipe alvinegra chegou a 12 pontos e alcan\u00e7ou [&hellip;]","og_url":"https:\/\/portosma.com.br\/index.php\/brasileirao-serie-a\/","og_site_name":"Portosma","article_modified_time":"2026-04-06T18:41:04+00:00","og_image":[{"url":"https:\/\/portosma.com.br\/wp-content\/uploads\/2026\/04\/FOGGGAO-900.jpg"}],"twitter_card":"summary_large_image","twitter_misc":{"Est. tempo de leitura":"9 minutos"},"schema":{"@context":"https:\/\/schema.org","@graph":[{"@type":"WebPage","@id":"https:\/\/portosma.com.br\/index.php\/brasileirao-serie-a\/","url":"https:\/\/portosma.com.br\/index.php\/brasileirao-serie-a\/","name":"BRASILEIR\u00c3O 2026 - Portosma","isPartOf":{"@id":"https:\/\/portosma.com.br\/#website"},"primaryImageOfPage":{"@id":"https:\/\/portosma.com.br\/index.php\/brasileirao-serie-a\/#primaryimage"},"image":{"@id":"https:\/\/portosma.com.br\/index.php\/brasileirao-serie-a\/#primaryimage"},"thumbnailUrl":"https:\/\/portosma.com.br\/wp-content\/uploads\/2026\/04\/FOGGGAO-900.jpg","datePublished":"2023-01-04T19:39:41+00:00","dateModified":"2026-04-06T18:41:04+00:00","breadcrumb":{"@id":"https:\/\/portosma.com.br\/index.php\/brasileirao-serie-a\/#breadcrumb"},"inLanguage":"pt-BR","potentialAction":[{"@type":"ReadAction","target":["https:\/\/portosma.com.br\/index.php\/brasileirao-serie-a\/"]}]},{"@type":"ImageObject","inLanguage":"pt-BR","@id":"https:\/\/portosma.com.br\/index.php\/brasileirao-serie-a\/#primaryimage","url":"https:\/\/portosma.com.br\/wp-content\/uploads\/2026\/04\/FOGGGAO-900.jpg","contentUrl":"https:\/\/portosma.com.br\/wp-content\/uploads\/2026\/04\/FOGGGAO-900.jpg","width":900,"height":562},{"@type":"BreadcrumbList","@id":"https:\/\/portosma.com.br\/index.php\/brasileirao-serie-a\/#breadcrumb","itemListElement":[{"@type":"ListItem","position":1,"name":"In\u00edcio","item":"https:\/\/portosma.com.br\/"},{"@type":"ListItem","position":2,"name":"BRASILEIR\u00c3O 2026"}]},{"@type":"WebSite","@id":"https:\/\/portosma.com.br\/#website","url":"https:\/\/portosma.com.br\/","name":"Portosma","description":"Um site de not\u00edcias","publisher":{"@id":"https:\/\/portosma.com.br\/#organization"},"potentialAction":[{"@type":"SearchAction","target":{"@type":"EntryPoint","urlTemplate":"https:\/\/portosma.com.br\/?s={search_term_string}"},"query-input":"required name=search_term_string"}],"inLanguage":"pt-BR"},{"@type":"Organization","@id":"https:\/\/portosma.com.br\/#organization","name":"Portosma","alternateName":"Portosma","url":"https:\/\/portosma.com.br\/","logo":{"@type":"ImageObject","inLanguage":"pt-BR","@id":"https:\/\/portosma.com.br\/#\/schema\/logo\/image\/","url":"https:\/\/portosma.com.br\/wp-content\/uploads\/2026\/03\/cropped-AD-PORTOSMA.jpg","contentUrl":"https:\/\/portosma.com.br\/wp-content\/uploads\/2026\/03\/cropped-AD-PORTOSMA.jpg","width":400,"height":115,"caption":"Portosma"},"image":{"@id":"https:\/\/portosma.com.br\/#\/schema\/logo\/image\/"}}]}},"_links":{"self":[{"href":"https:\/\/portosma.com.br\/index.php\/wp-json\/wp\/v2\/pages\/124","targetHints":{"allow":["GET"]}}],"collection":[{"href":"https:\/\/portosma.com.br\/index.php\/wp-json\/wp\/v2\/pages"}],"about":[{"href":"https:\/\/portosma.com.br\/index.php\/wp-json\/wp\/v2\/types\/page"}],"author":[{"embeddable":true,"href":"https:\/\/portosma.com.br\/index.php\/wp-json\/wp\/v2\/users\/1"}],"replies":[{"embeddable":true,"href":"https:\/\/portosma.com.br\/index.php\/wp-json\/wp\/v2\/comments?post=124"}],"version-history":[{"count":630,"href":"https:\/\/portosma.com.br\/index.php\/wp-json\/wp\/v2\/pages\/124\/revisions"}],"predecessor-version":[{"id":29395,"href":"https:\/\/portosma.com.br\/index.php\/wp-json\/wp\/v2\/pages\/124\/revisions\/29395"}],"wp:attachment":[{"href":"https:\/\/portosma.com.br\/index.php\/wp-json\/wp\/v2\/media?parent=124"}],"curies":[{"name":"wp","href":"https:\/\/api.w.org\/{rel}","templated":true}]}}