{"id":10801,"date":"2023-11-16T13:55:18","date_gmt":"2023-11-16T13:55:18","guid":{"rendered":"https:\/\/portosma.com.br\/?page_id=10801"},"modified":"2023-11-16T15:15:34","modified_gmt":"2023-11-16T15:15:34","slug":"10801-2","status":"publish","type":"page","link":"https:\/\/portosma.com.br\/index.php\/10801-2\/","title":{"rendered":"XXIII Conven\u00e7\u00e3o Nacional da Soamar Brasil"},"content":{"rendered":"<h4><span style=\"color: #800000;\">Lista de Documentos oficiais<\/span><\/h4>\n<p><img fetchpriority=\"high\" decoding=\"async\" class=\"alignnone wp-image-10813 size-full\" src=\"https:\/\/portosma.com.br\/wp-content\/uploads\/2023\/11\/CONS-FISCAL-1.jpg\" alt=\"\" width=\"900\" height=\"760\" srcset=\"https:\/\/portosma.com.br\/wp-content\/uploads\/2023\/11\/CONS-FISCAL-1.jpg 900w, https:\/\/portosma.com.br\/wp-content\/uploads\/2023\/11\/CONS-FISCAL-1-300x253.jpg 300w, https:\/\/portosma.com.br\/wp-content\/uploads\/2023\/11\/CONS-FISCAL-1-768x649.jpg 768w\" sizes=\"(max-width: 900px) 100vw, 900px\" \/> <img decoding=\"async\" class=\"alignnone wp-image-10814 size-full\" src=\"https:\/\/portosma.com.br\/wp-content\/uploads\/2023\/11\/CONS-FISCAL-2.jpg\" alt=\"\" width=\"900\" height=\"646\" srcset=\"https:\/\/portosma.com.br\/wp-content\/uploads\/2023\/11\/CONS-FISCAL-2.jpg 900w, https:\/\/portosma.com.br\/wp-content\/uploads\/2023\/11\/CONS-FISCAL-2-300x215.jpg 300w, https:\/\/portosma.com.br\/wp-content\/uploads\/2023\/11\/CONS-FISCAL-2-768x551.jpg 768w\" sizes=\"(max-width: 900px) 100vw, 900px\" \/> <img decoding=\"async\" class=\"alignnone wp-image-10815 size-full\" src=\"https:\/\/portosma.com.br\/wp-content\/uploads\/2023\/11\/CONS-FISCAL-3.jpg\" alt=\"\" width=\"900\" height=\"803\" srcset=\"https:\/\/portosma.com.br\/wp-content\/uploads\/2023\/11\/CONS-FISCAL-3.jpg 900w, https:\/\/portosma.com.br\/wp-content\/uploads\/2023\/11\/CONS-FISCAL-3-300x268.jpg 300w, https:\/\/portosma.com.br\/wp-content\/uploads\/2023\/11\/CONS-FISCAL-3-768x685.jpg 768w\" sizes=\"(max-width: 900px) 100vw, 900px\" \/><\/p>\n<p>&nbsp;<\/p>\n<p><img loading=\"lazy\" decoding=\"async\" class=\"alignnone wp-image-10817 size-full\" src=\"https:\/\/portosma.com.br\/wp-content\/uploads\/2023\/11\/CERT-NEGA-DEB.jpg\" alt=\"\" width=\"900\" height=\"838\" srcset=\"https:\/\/portosma.com.br\/wp-content\/uploads\/2023\/11\/CERT-NEGA-DEB.jpg 900w, https:\/\/portosma.com.br\/wp-content\/uploads\/2023\/11\/CERT-NEGA-DEB-300x279.jpg 300w, https:\/\/portosma.com.br\/wp-content\/uploads\/2023\/11\/CERT-NEGA-DEB-768x715.jpg 768w\" sizes=\"(max-width: 900px) 100vw, 900px\" \/><\/p>\n<p style=\"text-align: right;\">Data Impress\u00e3o: 13\/11\/2023 10:10:17<\/p>\n<p><img loading=\"lazy\" decoding=\"async\" class=\"alignnone wp-image-10818 size-full\" src=\"https:\/\/portosma.com.br\/wp-content\/uploads\/2023\/11\/CERT-NEGA-DEB-2.jpg\" alt=\"\" width=\"900\" height=\"782\" srcset=\"https:\/\/portosma.com.br\/wp-content\/uploads\/2023\/11\/CERT-NEGA-DEB-2.jpg 900w, https:\/\/portosma.com.br\/wp-content\/uploads\/2023\/11\/CERT-NEGA-DEB-2-300x261.jpg 300w, https:\/\/portosma.com.br\/wp-content\/uploads\/2023\/11\/CERT-NEGA-DEB-2-768x667.jpg 768w\" sizes=\"(max-width: 900px) 100vw, 900px\" \/><\/p>\n<p style=\"text-align: right;\">Data Impress\u00e3o: 13\/11\/2023 10:11:04<\/p>\n<p><img loading=\"lazy\" decoding=\"async\" class=\"alignnone wp-image-10820 size-full\" src=\"https:\/\/portosma.com.br\/wp-content\/uploads\/2023\/11\/CND-FEDERAL.jpg\" alt=\"\" width=\"900\" height=\"722\" srcset=\"https:\/\/portosma.com.br\/wp-content\/uploads\/2023\/11\/CND-FEDERAL.jpg 900w, https:\/\/portosma.com.br\/wp-content\/uploads\/2023\/11\/CND-FEDERAL-300x241.jpg 300w, https:\/\/portosma.com.br\/wp-content\/uploads\/2023\/11\/CND-FEDERAL-768x616.jpg 768w\" sizes=\"(max-width: 900px) 100vw, 900px\" \/><\/p>\n<p><img loading=\"lazy\" decoding=\"async\" class=\"alignnone wp-image-10821 size-full\" src=\"https:\/\/portosma.com.br\/wp-content\/uploads\/2023\/11\/CAIXA-ECON.jpg\" alt=\"\" width=\"900\" height=\"1085\" srcset=\"https:\/\/portosma.com.br\/wp-content\/uploads\/2023\/11\/CAIXA-ECON.jpg 900w, https:\/\/portosma.com.br\/wp-content\/uploads\/2023\/11\/CAIXA-ECON-249x300.jpg 249w, https:\/\/portosma.com.br\/wp-content\/uploads\/2023\/11\/CAIXA-ECON-849x1024.jpg 849w, https:\/\/portosma.com.br\/wp-content\/uploads\/2023\/11\/CAIXA-ECON-768x926.jpg 768w\" sizes=\"(max-width: 900px) 100vw, 900px\" \/><\/p>\n<p><img loading=\"lazy\" decoding=\"async\" class=\"alignnone wp-image-10831 size-full\" src=\"https:\/\/portosma.com.br\/wp-content\/uploads\/2023\/11\/SOAMAR-CERT-CRIMINAL.jpg\" alt=\"\" width=\"900\" height=\"1046\" srcset=\"https:\/\/portosma.com.br\/wp-content\/uploads\/2023\/11\/SOAMAR-CERT-CRIMINAL.jpg 900w, https:\/\/portosma.com.br\/wp-content\/uploads\/2023\/11\/SOAMAR-CERT-CRIMINAL-258x300.jpg 258w, https:\/\/portosma.com.br\/wp-content\/uploads\/2023\/11\/SOAMAR-CERT-CRIMINAL-881x1024.jpg 881w, https:\/\/portosma.com.br\/wp-content\/uploads\/2023\/11\/SOAMAR-CERT-CRIMINAL-768x893.jpg 768w\" sizes=\"(max-width: 900px) 100vw, 900px\" \/><\/p>\n<p><img loading=\"lazy\" decoding=\"async\" class=\"alignnone wp-image-10832 size-full\" src=\"https:\/\/portosma.com.br\/wp-content\/uploads\/2023\/11\/SOAMR-JUD-CIVEL.jpg\" alt=\"\" width=\"900\" height=\"988\" srcset=\"https:\/\/portosma.com.br\/wp-content\/uploads\/2023\/11\/SOAMR-JUD-CIVEL.jpg 900w, https:\/\/portosma.com.br\/wp-content\/uploads\/2023\/11\/SOAMR-JUD-CIVEL-273x300.jpg 273w, https:\/\/portosma.com.br\/wp-content\/uploads\/2023\/11\/SOAMR-JUD-CIVEL-768x843.jpg 768w\" sizes=\"(max-width: 900px) 100vw, 900px\" \/><\/p>\n<p>&nbsp;<\/p>\n<p><img loading=\"lazy\" decoding=\"async\" class=\"alignnone wp-image-10834 size-full\" src=\"https:\/\/portosma.com.br\/wp-content\/uploads\/2023\/11\/CND-TRABALHISTA-1.jpg\" alt=\"\" width=\"900\" height=\"1131\" srcset=\"https:\/\/portosma.com.br\/wp-content\/uploads\/2023\/11\/CND-TRABALHISTA-1.jpg 900w, https:\/\/portosma.com.br\/wp-content\/uploads\/2023\/11\/CND-TRABALHISTA-1-239x300.jpg 239w, https:\/\/portosma.com.br\/wp-content\/uploads\/2023\/11\/CND-TRABALHISTA-1-815x1024.jpg 815w, https:\/\/portosma.com.br\/wp-content\/uploads\/2023\/11\/CND-TRABALHISTA-1-768x965.jpg 768w\" sizes=\"(max-width: 900px) 100vw, 900px\" \/><\/p>\n<p><img loading=\"lazy\" decoding=\"async\" class=\"alignnone wp-image-10826 size-full\" src=\"https:\/\/portosma.com.br\/wp-content\/uploads\/2023\/11\/FLUXO-DE-CAIXA-1.jpg\" alt=\"\" width=\"900\" height=\"559\" srcset=\"https:\/\/portosma.com.br\/wp-content\/uploads\/2023\/11\/FLUXO-DE-CAIXA-1.jpg 900w, https:\/\/portosma.com.br\/wp-content\/uploads\/2023\/11\/FLUXO-DE-CAIXA-1-300x186.jpg 300w, https:\/\/portosma.com.br\/wp-content\/uploads\/2023\/11\/FLUXO-DE-CAIXA-1-768x477.jpg 768w\" sizes=\"(max-width: 900px) 100vw, 900px\" \/> <img loading=\"lazy\" decoding=\"async\" class=\"alignnone wp-image-10827 size-full\" src=\"https:\/\/portosma.com.br\/wp-content\/uploads\/2023\/11\/FLUXO-DE-CAIXA-2.jpg\" alt=\"\" width=\"900\" height=\"577\" srcset=\"https:\/\/portosma.com.br\/wp-content\/uploads\/2023\/11\/FLUXO-DE-CAIXA-2.jpg 900w, https:\/\/portosma.com.br\/wp-content\/uploads\/2023\/11\/FLUXO-DE-CAIXA-2-300x192.jpg 300w, https:\/\/portosma.com.br\/wp-content\/uploads\/2023\/11\/FLUXO-DE-CAIXA-2-768x492.jpg 768w\" sizes=\"(max-width: 900px) 100vw, 900px\" \/><\/p>\n<p><img loading=\"lazy\" decoding=\"async\" class=\"alignnone wp-image-10828 size-full\" src=\"https:\/\/portosma.com.br\/wp-content\/uploads\/2023\/11\/FLUXO-DE-CAIXA-3.jpg\" alt=\"\" width=\"900\" height=\"583\" srcset=\"https:\/\/portosma.com.br\/wp-content\/uploads\/2023\/11\/FLUXO-DE-CAIXA-3.jpg 900w, https:\/\/portosma.com.br\/wp-content\/uploads\/2023\/11\/FLUXO-DE-CAIXA-3-300x194.jpg 300w, https:\/\/portosma.com.br\/wp-content\/uploads\/2023\/11\/FLUXO-DE-CAIXA-3-768x497.jpg 768w\" sizes=\"(max-width: 900px) 100vw, 900px\" \/> <img loading=\"lazy\" decoding=\"async\" class=\"alignnone wp-image-10829 size-full\" src=\"https:\/\/portosma.com.br\/wp-content\/uploads\/2023\/11\/FLUXO-DE-CAIXA-4.jpg\" alt=\"\" width=\"900\" height=\"568\" srcset=\"https:\/\/portosma.com.br\/wp-content\/uploads\/2023\/11\/FLUXO-DE-CAIXA-4.jpg 900w, https:\/\/portosma.com.br\/wp-content\/uploads\/2023\/11\/FLUXO-DE-CAIXA-4-300x189.jpg 300w, https:\/\/portosma.com.br\/wp-content\/uploads\/2023\/11\/FLUXO-DE-CAIXA-4-768x485.jpg 768w\" sizes=\"(max-width: 900px) 100vw, 900px\" \/><\/p>\n<p><img loading=\"lazy\" decoding=\"async\" class=\"alignnone wp-image-10830 size-full\" src=\"https:\/\/portosma.com.br\/wp-content\/uploads\/2023\/11\/CVONTAS-A-PAGAR.jpg\" alt=\"\" width=\"900\" height=\"520\" srcset=\"https:\/\/portosma.com.br\/wp-content\/uploads\/2023\/11\/CVONTAS-A-PAGAR.jpg 900w, https:\/\/portosma.com.br\/wp-content\/uploads\/2023\/11\/CVONTAS-A-PAGAR-300x173.jpg 300w, https:\/\/portosma.com.br\/wp-content\/uploads\/2023\/11\/CVONTAS-A-PAGAR-768x444.jpg 768w\" sizes=\"(max-width: 900px) 100vw, 900px\" \/><\/p>\n<p>&nbsp;<\/p>\n<p><img loading=\"lazy\" decoding=\"async\" class=\"alignnone wp-image-10807 size-full\" src=\"https:\/\/portosma.com.br\/wp-content\/uploads\/2023\/11\/BAL-23-01.jpg\" alt=\"\" width=\"900\" height=\"643\" srcset=\"https:\/\/portosma.com.br\/wp-content\/uploads\/2023\/11\/BAL-23-01.jpg 900w, https:\/\/portosma.com.br\/wp-content\/uploads\/2023\/11\/BAL-23-01-300x214.jpg 300w, https:\/\/portosma.com.br\/wp-content\/uploads\/2023\/11\/BAL-23-01-768x549.jpg 768w\" sizes=\"(max-width: 900px) 100vw, 900px\" \/> <img loading=\"lazy\" decoding=\"async\" class=\"alignnone wp-image-10808 size-full\" src=\"https:\/\/portosma.com.br\/wp-content\/uploads\/2023\/11\/BAL-23-02.jpg\" alt=\"\" width=\"900\" height=\"597\" srcset=\"https:\/\/portosma.com.br\/wp-content\/uploads\/2023\/11\/BAL-23-02.jpg 900w, https:\/\/portosma.com.br\/wp-content\/uploads\/2023\/11\/BAL-23-02-300x199.jpg 300w, https:\/\/portosma.com.br\/wp-content\/uploads\/2023\/11\/BAL-23-02-768x509.jpg 768w\" sizes=\"(max-width: 900px) 100vw, 900px\" \/> <img loading=\"lazy\" decoding=\"async\" class=\"alignnone wp-image-10809 size-full\" src=\"https:\/\/portosma.com.br\/wp-content\/uploads\/2023\/11\/BAL-23-03.jpg\" alt=\"\" width=\"900\" height=\"598\" srcset=\"https:\/\/portosma.com.br\/wp-content\/uploads\/2023\/11\/BAL-23-03.jpg 900w, https:\/\/portosma.com.br\/wp-content\/uploads\/2023\/11\/BAL-23-03-300x199.jpg 300w, https:\/\/portosma.com.br\/wp-content\/uploads\/2023\/11\/BAL-23-03-768x510.jpg 768w\" sizes=\"(max-width: 900px) 100vw, 900px\" \/> <img loading=\"lazy\" decoding=\"async\" class=\"alignnone wp-image-10810 size-full\" src=\"https:\/\/portosma.com.br\/wp-content\/uploads\/2023\/11\/BAL-23-04.jpg\" alt=\"\" width=\"900\" height=\"565\" srcset=\"https:\/\/portosma.com.br\/wp-content\/uploads\/2023\/11\/BAL-23-04.jpg 900w, https:\/\/portosma.com.br\/wp-content\/uploads\/2023\/11\/BAL-23-04-300x188.jpg 300w, https:\/\/portosma.com.br\/wp-content\/uploads\/2023\/11\/BAL-23-04-768x482.jpg 768w\" sizes=\"(max-width: 900px) 100vw, 900px\" \/> <img loading=\"lazy\" decoding=\"async\" class=\"alignnone wp-image-10811 size-full\" src=\"https:\/\/portosma.com.br\/wp-content\/uploads\/2023\/11\/BAL-23-05.jpg\" alt=\"\" width=\"900\" height=\"415\" srcset=\"https:\/\/portosma.com.br\/wp-content\/uploads\/2023\/11\/BAL-23-05.jpg 900w, https:\/\/portosma.com.br\/wp-content\/uploads\/2023\/11\/BAL-23-05-300x138.jpg 300w, https:\/\/portosma.com.br\/wp-content\/uploads\/2023\/11\/BAL-23-05-768x354.jpg 768w\" sizes=\"(max-width: 900px) 100vw, 900px\" \/><\/p>\n<p><img loading=\"lazy\" decoding=\"async\" class=\"alignnone wp-image-10802 size-full\" src=\"https:\/\/portosma.com.br\/wp-content\/uploads\/2023\/11\/BALANCO-1.jpg\" alt=\"\" width=\"900\" height=\"658\" srcset=\"https:\/\/portosma.com.br\/wp-content\/uploads\/2023\/11\/BALANCO-1.jpg 900w, https:\/\/portosma.com.br\/wp-content\/uploads\/2023\/11\/BALANCO-1-300x219.jpg 300w, https:\/\/portosma.com.br\/wp-content\/uploads\/2023\/11\/BALANCO-1-768x561.jpg 768w\" sizes=\"(max-width: 900px) 100vw, 900px\" \/> <img loading=\"lazy\" decoding=\"async\" class=\"alignnone wp-image-10803 size-full\" src=\"https:\/\/portosma.com.br\/wp-content\/uploads\/2023\/11\/BALANCO-2.jpg\" alt=\"\" width=\"900\" height=\"600\" srcset=\"https:\/\/portosma.com.br\/wp-content\/uploads\/2023\/11\/BALANCO-2.jpg 900w, https:\/\/portosma.com.br\/wp-content\/uploads\/2023\/11\/BALANCO-2-300x200.jpg 300w, https:\/\/portosma.com.br\/wp-content\/uploads\/2023\/11\/BALANCO-2-768x512.jpg 768w\" sizes=\"(max-width: 900px) 100vw, 900px\" \/> <img loading=\"lazy\" decoding=\"async\" class=\"alignnone wp-image-10804 size-full\" src=\"https:\/\/portosma.com.br\/wp-content\/uploads\/2023\/11\/BALANCO-3.jpg\" alt=\"\" width=\"900\" height=\"567\" srcset=\"https:\/\/portosma.com.br\/wp-content\/uploads\/2023\/11\/BALANCO-3.jpg 900w, https:\/\/portosma.com.br\/wp-content\/uploads\/2023\/11\/BALANCO-3-300x189.jpg 300w, https:\/\/portosma.com.br\/wp-content\/uploads\/2023\/11\/BALANCO-3-768x484.jpg 768w\" sizes=\"(max-width: 900px) 100vw, 900px\" \/> <img loading=\"lazy\" decoding=\"async\" class=\"alignnone wp-image-10805 size-full\" src=\"https:\/\/portosma.com.br\/wp-content\/uploads\/2023\/11\/BALANCO-4.jpg\" alt=\"\" width=\"900\" height=\"601\" srcset=\"https:\/\/portosma.com.br\/wp-content\/uploads\/2023\/11\/BALANCO-4.jpg 900w, https:\/\/portosma.com.br\/wp-content\/uploads\/2023\/11\/BALANCO-4-300x200.jpg 300w, https:\/\/portosma.com.br\/wp-content\/uploads\/2023\/11\/BALANCO-4-768x513.jpg 768w\" sizes=\"(max-width: 900px) 100vw, 900px\" \/> <img loading=\"lazy\" decoding=\"async\" class=\"alignnone wp-image-10806 size-full\" src=\"https:\/\/portosma.com.br\/wp-content\/uploads\/2023\/11\/BALANCO-5.jpg\" alt=\"\" width=\"900\" height=\"572\" srcset=\"https:\/\/portosma.com.br\/wp-content\/uploads\/2023\/11\/BALANCO-5.jpg 900w, https:\/\/portosma.com.br\/wp-content\/uploads\/2023\/11\/BALANCO-5-300x191.jpg 300w, https:\/\/portosma.com.br\/wp-content\/uploads\/2023\/11\/BALANCO-5-768x488.jpg 768w\" sizes=\"(max-width: 900px) 100vw, 900px\" \/><\/p>\n","protected":false},"excerpt":{"rendered":"<p>Lista de Documentos oficiais &nbsp; Data Impress\u00e3o: 13\/11\/2023 10:10:17 Data Impress\u00e3o: 13\/11\/2023 10:11:04 &nbsp; &nbsp;<\/p>\n","protected":false},"author":1,"featured_media":0,"parent":0,"menu_order":0,"comment_status":"closed","ping_status":"closed","template":"","meta":{"_editorskit_title_hidden":false,"_editorskit_reading_time":0,"_editorskit_is_block_options_detached":false,"_editorskit_block_options_position":"{}","ngg_post_thumbnail":0,"footnotes":""},"class_list":["post-10801","page","type-page","status-publish","hentry"],"yoast_head":"<!-- This site is optimized with the Yoast SEO plugin v22.5 - https:\/\/yoast.com\/wordpress\/plugins\/seo\/ -->\n<title>XXIII Conven\u00e7\u00e3o Nacional da Soamar Brasil - Portosma<\/title>\n<meta name=\"robots\" content=\"index, follow, max-snippet:-1, max-image-preview:large, max-video-preview:-1\" \/>\n<link rel=\"canonical\" href=\"https:\/\/portosma.com.br\/index.php\/10801-2\/\" \/>\n<meta property=\"og:locale\" content=\"pt_BR\" \/>\n<meta property=\"og:type\" content=\"article\" \/>\n<meta property=\"og:title\" content=\"XXIII Conven\u00e7\u00e3o Nacional da Soamar Brasil - Portosma\" \/>\n<meta property=\"og:description\" content=\"Lista de Documentos oficiais &nbsp; Data Impress\u00e3o: 13\/11\/2023 10:10:17 Data Impress\u00e3o: 13\/11\/2023 10:11:04 &nbsp; &nbsp;\" \/>\n<meta property=\"og:url\" content=\"https:\/\/portosma.com.br\/index.php\/10801-2\/\" \/>\n<meta property=\"og:site_name\" content=\"Portosma\" \/>\n<meta property=\"article:modified_time\" content=\"2023-11-16T15:15:34+00:00\" \/>\n<meta property=\"og:image\" content=\"https:\/\/portosma.com.br\/wp-content\/uploads\/2023\/11\/CONS-FISCAL-1.jpg\" \/>\n<meta name=\"twitter:card\" content=\"summary_large_image\" \/>\n<meta name=\"twitter:label1\" content=\"Est. tempo de leitura\" \/>\n\t<meta name=\"twitter:data1\" content=\"6 minutos\" \/>\n<script type=\"application\/ld+json\" class=\"yoast-schema-graph\">{\"@context\":\"https:\/\/schema.org\",\"@graph\":[{\"@type\":\"WebPage\",\"@id\":\"https:\/\/portosma.com.br\/index.php\/10801-2\/\",\"url\":\"https:\/\/portosma.com.br\/index.php\/10801-2\/\",\"name\":\"XXIII Conven\u00e7\u00e3o Nacional da Soamar Brasil - Portosma\",\"isPartOf\":{\"@id\":\"https:\/\/portosma.com.br\/#website\"},\"primaryImageOfPage\":{\"@id\":\"https:\/\/portosma.com.br\/index.php\/10801-2\/#primaryimage\"},\"image\":{\"@id\":\"https:\/\/portosma.com.br\/index.php\/10801-2\/#primaryimage\"},\"thumbnailUrl\":\"https:\/\/portosma.com.br\/wp-content\/uploads\/2023\/11\/CONS-FISCAL-1.jpg\",\"datePublished\":\"2023-11-16T13:55:18+00:00\",\"dateModified\":\"2023-11-16T15:15:34+00:00\",\"breadcrumb\":{\"@id\":\"https:\/\/portosma.com.br\/index.php\/10801-2\/#breadcrumb\"},\"inLanguage\":\"pt-BR\",\"potentialAction\":[{\"@type\":\"ReadAction\",\"target\":[\"https:\/\/portosma.com.br\/index.php\/10801-2\/\"]}]},{\"@type\":\"ImageObject\",\"inLanguage\":\"pt-BR\",\"@id\":\"https:\/\/portosma.com.br\/index.php\/10801-2\/#primaryimage\",\"url\":\"https:\/\/portosma.com.br\/wp-content\/uploads\/2023\/11\/CONS-FISCAL-1.jpg\",\"contentUrl\":\"https:\/\/portosma.com.br\/wp-content\/uploads\/2023\/11\/CONS-FISCAL-1.jpg\",\"width\":900,\"height\":760},{\"@type\":\"BreadcrumbList\",\"@id\":\"https:\/\/portosma.com.br\/index.php\/10801-2\/#breadcrumb\",\"itemListElement\":[{\"@type\":\"ListItem\",\"position\":1,\"name\":\"In\u00edcio\",\"item\":\"https:\/\/portosma.com.br\/\"},{\"@type\":\"ListItem\",\"position\":2,\"name\":\"XXIII Conven\u00e7\u00e3o Nacional da Soamar Brasil\"}]},{\"@type\":\"WebSite\",\"@id\":\"https:\/\/portosma.com.br\/#website\",\"url\":\"https:\/\/portosma.com.br\/\",\"name\":\"Portosma\",\"description\":\"Um site de not\u00edcias\",\"publisher\":{\"@id\":\"https:\/\/portosma.com.br\/#organization\"},\"potentialAction\":[{\"@type\":\"SearchAction\",\"target\":{\"@type\":\"EntryPoint\",\"urlTemplate\":\"https:\/\/portosma.com.br\/?s={search_term_string}\"},\"query-input\":\"required name=search_term_string\"}],\"inLanguage\":\"pt-BR\"},{\"@type\":\"Organization\",\"@id\":\"https:\/\/portosma.com.br\/#organization\",\"name\":\"Portosma\",\"alternateName\":\"Portosma\",\"url\":\"https:\/\/portosma.com.br\/\",\"logo\":{\"@type\":\"ImageObject\",\"inLanguage\":\"pt-BR\",\"@id\":\"https:\/\/portosma.com.br\/#\/schema\/logo\/image\/\",\"url\":\"https:\/\/portosma.com.br\/wp-content\/uploads\/2026\/03\/cropped-AD-PORTOSMA.jpg\",\"contentUrl\":\"https:\/\/portosma.com.br\/wp-content\/uploads\/2026\/03\/cropped-AD-PORTOSMA.jpg\",\"width\":400,\"height\":115,\"caption\":\"Portosma\"},\"image\":{\"@id\":\"https:\/\/portosma.com.br\/#\/schema\/logo\/image\/\"}}]}<\/script>\n<!-- \/ Yoast SEO plugin. -->","yoast_head_json":{"title":"XXIII Conven\u00e7\u00e3o Nacional da Soamar Brasil - Portosma","robots":{"index":"index","follow":"follow","max-snippet":"max-snippet:-1","max-image-preview":"max-image-preview:large","max-video-preview":"max-video-preview:-1"},"canonical":"https:\/\/portosma.com.br\/index.php\/10801-2\/","og_locale":"pt_BR","og_type":"article","og_title":"XXIII Conven\u00e7\u00e3o Nacional da Soamar Brasil - Portosma","og_description":"Lista de Documentos oficiais &nbsp; Data Impress\u00e3o: 13\/11\/2023 10:10:17 Data Impress\u00e3o: 13\/11\/2023 10:11:04 &nbsp; &nbsp;","og_url":"https:\/\/portosma.com.br\/index.php\/10801-2\/","og_site_name":"Portosma","article_modified_time":"2023-11-16T15:15:34+00:00","og_image":[{"url":"https:\/\/portosma.com.br\/wp-content\/uploads\/2023\/11\/CONS-FISCAL-1.jpg"}],"twitter_card":"summary_large_image","twitter_misc":{"Est. tempo de leitura":"6 minutos"},"schema":{"@context":"https:\/\/schema.org","@graph":[{"@type":"WebPage","@id":"https:\/\/portosma.com.br\/index.php\/10801-2\/","url":"https:\/\/portosma.com.br\/index.php\/10801-2\/","name":"XXIII Conven\u00e7\u00e3o Nacional da Soamar Brasil - Portosma","isPartOf":{"@id":"https:\/\/portosma.com.br\/#website"},"primaryImageOfPage":{"@id":"https:\/\/portosma.com.br\/index.php\/10801-2\/#primaryimage"},"image":{"@id":"https:\/\/portosma.com.br\/index.php\/10801-2\/#primaryimage"},"thumbnailUrl":"https:\/\/portosma.com.br\/wp-content\/uploads\/2023\/11\/CONS-FISCAL-1.jpg","datePublished":"2023-11-16T13:55:18+00:00","dateModified":"2023-11-16T15:15:34+00:00","breadcrumb":{"@id":"https:\/\/portosma.com.br\/index.php\/10801-2\/#breadcrumb"},"inLanguage":"pt-BR","potentialAction":[{"@type":"ReadAction","target":["https:\/\/portosma.com.br\/index.php\/10801-2\/"]}]},{"@type":"ImageObject","inLanguage":"pt-BR","@id":"https:\/\/portosma.com.br\/index.php\/10801-2\/#primaryimage","url":"https:\/\/portosma.com.br\/wp-content\/uploads\/2023\/11\/CONS-FISCAL-1.jpg","contentUrl":"https:\/\/portosma.com.br\/wp-content\/uploads\/2023\/11\/CONS-FISCAL-1.jpg","width":900,"height":760},{"@type":"BreadcrumbList","@id":"https:\/\/portosma.com.br\/index.php\/10801-2\/#breadcrumb","itemListElement":[{"@type":"ListItem","position":1,"name":"In\u00edcio","item":"https:\/\/portosma.com.br\/"},{"@type":"ListItem","position":2,"name":"XXIII Conven\u00e7\u00e3o Nacional da Soamar Brasil"}]},{"@type":"WebSite","@id":"https:\/\/portosma.com.br\/#website","url":"https:\/\/portosma.com.br\/","name":"Portosma","description":"Um site de not\u00edcias","publisher":{"@id":"https:\/\/portosma.com.br\/#organization"},"potentialAction":[{"@type":"SearchAction","target":{"@type":"EntryPoint","urlTemplate":"https:\/\/portosma.com.br\/?s={search_term_string}"},"query-input":"required name=search_term_string"}],"inLanguage":"pt-BR"},{"@type":"Organization","@id":"https:\/\/portosma.com.br\/#organization","name":"Portosma","alternateName":"Portosma","url":"https:\/\/portosma.com.br\/","logo":{"@type":"ImageObject","inLanguage":"pt-BR","@id":"https:\/\/portosma.com.br\/#\/schema\/logo\/image\/","url":"https:\/\/portosma.com.br\/wp-content\/uploads\/2026\/03\/cropped-AD-PORTOSMA.jpg","contentUrl":"https:\/\/portosma.com.br\/wp-content\/uploads\/2026\/03\/cropped-AD-PORTOSMA.jpg","width":400,"height":115,"caption":"Portosma"},"image":{"@id":"https:\/\/portosma.com.br\/#\/schema\/logo\/image\/"}}]}},"_links":{"self":[{"href":"https:\/\/portosma.com.br\/index.php\/wp-json\/wp\/v2\/pages\/10801","targetHints":{"allow":["GET"]}}],"collection":[{"href":"https:\/\/portosma.com.br\/index.php\/wp-json\/wp\/v2\/pages"}],"about":[{"href":"https:\/\/portosma.com.br\/index.php\/wp-json\/wp\/v2\/types\/page"}],"author":[{"embeddable":true,"href":"https:\/\/portosma.com.br\/index.php\/wp-json\/wp\/v2\/users\/1"}],"replies":[{"embeddable":true,"href":"https:\/\/portosma.com.br\/index.php\/wp-json\/wp\/v2\/comments?post=10801"}],"version-history":[{"count":6,"href":"https:\/\/portosma.com.br\/index.php\/wp-json\/wp\/v2\/pages\/10801\/revisions"}],"predecessor-version":[{"id":10840,"href":"https:\/\/portosma.com.br\/index.php\/wp-json\/wp\/v2\/pages\/10801\/revisions\/10840"}],"wp:attachment":[{"href":"https:\/\/portosma.com.br\/index.php\/wp-json\/wp\/v2\/media?parent=10801"}],"curies":[{"name":"wp","href":"https:\/\/api.w.org\/{rel}","templated":true}]}}